{"id":1183,"date":"2023-05-27T11:04:30","date_gmt":"2023-05-27T11:04:30","guid":{"rendered":"https:\/\/yournordichome.com\/product\/table-lamp-black-terracotta\/"},"modified":"2025-08-03T10:32:07","modified_gmt":"2025-08-03T10:32:07","slug":"lampa-de-masa-negru-teracota","status":"publish","type":"product","link":"https:\/\/yournordichome.com\/ro\/product\/table-lamp-black-terracotta\/","title":{"rendered":"Lamp\u0103 de mas\u0103 teracot\u0103 neagr\u0103"},"content":{"rendered":"<p>Lamp\u0103 de mas\u0103 neagr\u0103 cu corp din teracot\u0103 care este decorat cu contururile unei fe\u021be. Abajurul s\u0103u din p\u00e2nz\u0103 alb\u0103 ofer\u0103 o lumin\u0103 pl\u0103cut\u0103.<\/p>\n<p>Dimensiunea produsului: D30,5xH43 cm<br \/>\nDimensiunea umbrei: 25,5X30,5XH23 cm<br \/>\nCuloare: negru<br \/>\nCompozi\u021bie: Teracot\u0103, in<br \/>\nAprobat CE: Da<br \/>\nClasa energetic\u0103 a becului: A++<br \/>\nBec inclus: Nu<br \/>\nForma becului: Tip A<br \/>\nDimensiunea becului: E27<br \/>\nTipul becului: LED sau Energy Saver<br \/>\nPuterea becului: Max: Incandescent: 25W \/ LED: 4-6W \/ CFL: 7-9W<br \/>\nInstruc\u021biuni de \u00eengrijire: Cur\u0103\u021ba\u021bi cu o c\u00e2rp\u0103 umed\u0103.<br \/>\nCuloarea cablului: negru<br \/>\nLungimea cablului: 215 cm<br \/>\nMaterial cablu: Plastic<br \/>\nUtilizare \u00een exterior: Nu<br \/>\nComutator: Pe cablu<\/p>","protected":false},"excerpt":{"rendered":"<p>Lamp\u0103 de mas\u0103 din teracot\u0103 cu abajur din p\u00e2nz\u0103. Caracteristica special\u0103 a l\u0103mpii este c\u0103 formeaz\u0103 o fa\u021b\u0103, ceea ce o face un accesoriu cu adev\u0103rat unic pentru spa\u021biu. D\u0103 o str\u0103lucire pl\u0103cut\u0103.<\/p>","protected":false},"featured_media":664,"comment_status":"closed","ping_status":"closed","template":"","meta":{"_acf_changed":false,"_kad_post_transparent":"default","_kad_post_title":"","_kad_post_layout":"default","_kad_post_sidebar_id":"","_kad_post_content_style":"default","_kad_post_vertical_padding":"default","_kad_post_feature":"","_kad_post_feature_position":"","_kad_post_header":false,"_kad_post_footer":false,"_kad_post_classname":""},"pwb-brand":[17],"product_brand":[],"product_cat":[73,72],"product_tag":[146,34,117],"gyarto":[],"class_list":{"0":"post-1183","1":"product","2":"type-product","3":"status-publish","4":"has-post-thumbnail","6":"pwb-brand-bloomingville","7":"product_cat-desk-and-table-lamp","8":"product_cat-lamp","9":"product_tag-ethno-style","10":"product_tag-nordic-interior-design","11":"product_tag-nordic-lamp","12":"pa_colour-black","13":"pa_material-terracotta","15":"first","16":"instock","17":"taxable","18":"shipping-taxable","19":"purchasable","20":"product-type-simple","21":"entry","22":"content-bg","23":"loop-entry"},"acf":[],"brands":[{"id":17,"name":"Bloomingville","slug":"bloomingville"}],"_links":{"self":[{"href":"https:\/\/yournordichome.com\/ro\/wp-json\/wp\/v2\/product\/1183","targetHints":{"allow":["GET"]}}],"collection":[{"href":"https:\/\/yournordichome.com\/ro\/wp-json\/wp\/v2\/product"}],"about":[{"href":"https:\/\/yournordichome.com\/ro\/wp-json\/wp\/v2\/types\/product"}],"replies":[{"embeddable":true,"href":"https:\/\/yournordichome.com\/ro\/wp-json\/wp\/v2\/comments?post=1183"}],"wp:featuredmedia":[{"embeddable":true,"href":"https:\/\/yournordichome.com\/ro\/wp-json\/wp\/v2\/media\/664"}],"wp:attachment":[{"href":"https:\/\/yournordichome.com\/ro\/wp-json\/wp\/v2\/media?parent=1183"}],"wp:term":[{"taxonomy":"pwb-brand","embeddable":true,"href":"https:\/\/yournordichome.com\/ro\/wp-json\/wp\/v2\/pwb-brand?post=1183"},{"taxonomy":"product_brand","embeddable":true,"href":"https:\/\/yournordichome.com\/ro\/wp-json\/wp\/v2\/product_brand?post=1183"},{"taxonomy":"product_cat","embeddable":true,"href":"https:\/\/yournordichome.com\/ro\/wp-json\/wp\/v2\/product_cat?post=1183"},{"taxonomy":"product_tag","embeddable":true,"href":"https:\/\/yournordichome.com\/ro\/wp-json\/wp\/v2\/product_tag?post=1183"},{"taxonomy":"gyarto","embeddable":true,"href":"https:\/\/yournordichome.com\/ro\/wp-json\/wp\/v2\/gyarto?post=1183"}],"curies":[{"name":"wp","href":"https:\/\/api.w.org\/{rel}","templated":true}]}}