{"id":1178,"date":"2023-05-27T11:04:21","date_gmt":"2023-05-27T11:04:21","guid":{"rendered":"https:\/\/yournordichome.com\/product\/striped-cotton-rug-140-x-200-cm\/"},"modified":"2025-08-03T10:34:58","modified_gmt":"2025-08-03T10:34:58","slug":"covor-din-bumbac-cu-dungi-140-x-200-cm","status":"publish","type":"product","link":"https:\/\/yournordichome.com\/ro\/product\/striped-cotton-rug-140-x-200-cm\/","title":{"rendered":"Covor din bumbac cu dungi 140 x 200 cm"},"content":{"rendered":"<p>Covor din bumbac cu dungi. Covor moale de culoare natural\u0103, cu dungi fine, cu franjuri la capete.<\/p>\n<p>Dimensiunea produsului: L200xL140 cm<br \/>\nCuloare: Natur\u0103<br \/>\nCompozi\u021bie: 97% bumbac, 3% alte fibre<br \/>\nAlbire: Nu<br \/>\nCuloare finisaj: Yarn dyed<br \/>\nCur\u0103\u021bare chimic\u0103: Nu<br \/>\nUscare: Niciuna<br \/>\nC\u0103lcat: Niciuna<br \/>\nFinisaj produs: Tufted<br \/>\nInstruc\u021biuni de sp\u0103lare: Nu<\/p>","protected":false},"excerpt":{"rendered":"<p>Un covor din bumbac moale care aduce c\u0103ldur\u0103 pl\u0103cut\u0103 \u00een cas\u0103 \u0219i o \u00eenvesele\u0219te cu culorile \u0219i modelul s\u0103u vesel. Datorit\u0103 culorilor sale restr\u00e2nse, arat\u0103 bine \u00een multe interioare.<\/p>","protected":false},"featured_media":657,"comment_status":"closed","ping_status":"closed","template":"","meta":{"_acf_changed":false,"_kad_post_transparent":"default","_kad_post_title":"","_kad_post_layout":"default","_kad_post_sidebar_id":"","_kad_post_content_style":"default","_kad_post_vertical_padding":"default","_kad_post_feature":"","_kad_post_feature_position":"","_kad_post_header":false,"_kad_post_footer":false,"_kad_post_classname":""},"pwb-brand":[17],"product_brand":[],"product_cat":[88,65],"product_tag":[79,146,34,80],"gyarto":[],"class_list":{"0":"post-1178","1":"product","2":"type-product","3":"status-publish","4":"has-post-thumbnail","6":"pwb-brand-bloomingville","7":"product_cat-rug","8":"product_cat-rugs-and-textiles","9":"product_tag-cotton-rug","10":"product_tag-ethno-style","11":"product_tag-nordic-interior-design","12":"product_tag-nordic-style-rug","13":"pa_colour-multi","14":"pa_colour-nature","15":"pa_material-cotton","17":"first","18":"instock","19":"taxable","20":"shipping-taxable","21":"purchasable","22":"product-type-simple","23":"entry","24":"content-bg","25":"loop-entry"},"acf":[],"brands":[{"id":17,"name":"Bloomingville","slug":"bloomingville"}],"_links":{"self":[{"href":"https:\/\/yournordichome.com\/ro\/wp-json\/wp\/v2\/product\/1178","targetHints":{"allow":["GET"]}}],"collection":[{"href":"https:\/\/yournordichome.com\/ro\/wp-json\/wp\/v2\/product"}],"about":[{"href":"https:\/\/yournordichome.com\/ro\/wp-json\/wp\/v2\/types\/product"}],"replies":[{"embeddable":true,"href":"https:\/\/yournordichome.com\/ro\/wp-json\/wp\/v2\/comments?post=1178"}],"wp:featuredmedia":[{"embeddable":true,"href":"https:\/\/yournordichome.com\/ro\/wp-json\/wp\/v2\/media\/657"}],"wp:attachment":[{"href":"https:\/\/yournordichome.com\/ro\/wp-json\/wp\/v2\/media?parent=1178"}],"wp:term":[{"taxonomy":"pwb-brand","embeddable":true,"href":"https:\/\/yournordichome.com\/ro\/wp-json\/wp\/v2\/pwb-brand?post=1178"},{"taxonomy":"product_brand","embeddable":true,"href":"https:\/\/yournordichome.com\/ro\/wp-json\/wp\/v2\/product_brand?post=1178"},{"taxonomy":"product_cat","embeddable":true,"href":"https:\/\/yournordichome.com\/ro\/wp-json\/wp\/v2\/product_cat?post=1178"},{"taxonomy":"product_tag","embeddable":true,"href":"https:\/\/yournordichome.com\/ro\/wp-json\/wp\/v2\/product_tag?post=1178"},{"taxonomy":"gyarto","embeddable":true,"href":"https:\/\/yournordichome.com\/ro\/wp-json\/wp\/v2\/gyarto?post=1178"}],"curies":[{"name":"wp","href":"https:\/\/api.w.org\/{rel}","templated":true}]}}