{"id":1159,"date":"2023-05-27T11:04:21","date_gmt":"2023-05-27T11:04:21","guid":{"rendered":"https:\/\/yournordichome.com\/product\/basket-with-lid-mushroom\/"},"modified":"2025-08-03T10:34:49","modified_gmt":"2025-08-03T10:34:49","slug":"cos-cu-capac-ciuperca","status":"publish","type":"product","link":"https:\/\/yournordichome.com\/ro\/product\/basket-with-lid-mushroom\/","title":{"rendered":"Co\u0219 cu capac Ciuperc\u0103"},"content":{"rendered":"<p>Co\u0219 cu capac \u0219i form\u0103 de ciuperc\u0103, cel mai fermec\u0103tor accesoriu pentru camera copiilor. Acesta poate fi folosit practic pentru depozitare, aduc\u00e2nd \u00een acela\u0219i timp lumea basmelor \u00een camera copiilor. Este un material natural \u0219i promoveaz\u0103 sustenabilitatea.<\/p>\n<p>Dimensiunea produsului: D43xH61 cm<br \/>\nCompozi\u021bie: Seagrass, Rattan, Fier<br \/>\nPot ap\u0103rea varia\u021bii din cauza materialelor<\/p>","protected":false},"excerpt":{"rendered":"<p>Co\u0219 \u00een form\u0103 de ciuperc\u0103 realizat din alge marine. Cu materialul s\u0103u natural \u0219i forma sa de basm, este un plus minunat pentru camera copiilor \u0219i este, de asemenea, extrem de practic - absoarbe o cantitate mare de juc\u0103rii.<\/p>","protected":false},"featured_media":78,"comment_status":"closed","ping_status":"closed","template":"","meta":{"_acf_changed":false,"_kad_post_transparent":"default","_kad_post_title":"","_kad_post_layout":"default","_kad_post_sidebar_id":"","_kad_post_content_style":"default","_kad_post_vertical_padding":"default","_kad_post_feature":"","_kad_post_feature_position":"","_kad_post_header":false,"_kad_post_footer":false,"_kad_post_classname":""},"pwb-brand":[17],"product_brand":[],"product_cat":[77,47],"product_tag":[148],"gyarto":[],"class_list":{"0":"post-1159","1":"product","2":"type-product","3":"status-publish","4":"has-post-thumbnail","6":"pwb-brand-bloomingville","7":"product_cat-childrens-furniture","8":"product_cat-kids","9":"product_tag-kids-room-storage","10":"pa_colour-nature","11":"pa_colour-red","12":"pa_material-seagrass","14":"first","15":"instock","16":"taxable","17":"shipping-taxable","18":"purchasable","19":"product-type-simple","20":"entry","21":"content-bg","22":"loop-entry"},"acf":[],"brands":[{"id":17,"name":"Bloomingville","slug":"bloomingville"}],"_links":{"self":[{"href":"https:\/\/yournordichome.com\/ro\/wp-json\/wp\/v2\/product\/1159","targetHints":{"allow":["GET"]}}],"collection":[{"href":"https:\/\/yournordichome.com\/ro\/wp-json\/wp\/v2\/product"}],"about":[{"href":"https:\/\/yournordichome.com\/ro\/wp-json\/wp\/v2\/types\/product"}],"replies":[{"embeddable":true,"href":"https:\/\/yournordichome.com\/ro\/wp-json\/wp\/v2\/comments?post=1159"}],"wp:featuredmedia":[{"embeddable":true,"href":"https:\/\/yournordichome.com\/ro\/wp-json\/wp\/v2\/media\/78"}],"wp:attachment":[{"href":"https:\/\/yournordichome.com\/ro\/wp-json\/wp\/v2\/media?parent=1159"}],"wp:term":[{"taxonomy":"pwb-brand","embeddable":true,"href":"https:\/\/yournordichome.com\/ro\/wp-json\/wp\/v2\/pwb-brand?post=1159"},{"taxonomy":"product_brand","embeddable":true,"href":"https:\/\/yournordichome.com\/ro\/wp-json\/wp\/v2\/product_brand?post=1159"},{"taxonomy":"product_cat","embeddable":true,"href":"https:\/\/yournordichome.com\/ro\/wp-json\/wp\/v2\/product_cat?post=1159"},{"taxonomy":"product_tag","embeddable":true,"href":"https:\/\/yournordichome.com\/ro\/wp-json\/wp\/v2\/product_tag?post=1159"},{"taxonomy":"gyarto","embeddable":true,"href":"https:\/\/yournordichome.com\/ro\/wp-json\/wp\/v2\/gyarto?post=1159"}],"curies":[{"name":"wp","href":"https:\/\/api.w.org\/{rel}","templated":true}]}}