{"id":1141,"date":"2023-05-27T08:18:36","date_gmt":"2023-05-27T08:18:36","guid":{"rendered":"https:\/\/yournordichome.com\/product\/coffee-table-oak-nature\/"},"modified":"2025-08-03T10:39:51","modified_gmt":"2025-08-03T10:39:51","slug":"masa-de-cafea-stejar-natura","status":"publish","type":"product","link":"https:\/\/yournordichome.com\/ro\/product\/coffee-table-oak-nature\/","title":{"rendered":"Mas\u0103 de cafea stejar natura"},"content":{"rendered":"<p>M\u0103su\u021b\u0103 de cafea realizat\u0103 din furnir de stejar \u00eentr-o culoare natural\u0103. A\u0219eza\u021bi-o l\u00e2ng\u0103 un fotoliu sau o canapea. Cu stilul s\u0103u curat, este o pies\u0103 elegant\u0103 a interiorului.<\/p>\n<p>Dimensiunea produsului: D74xH37 cm<br \/>\nCuloare: Natur\u0103<br \/>\nCompozi\u021bie: MDF, furnir de stejar<br \/>\nInstruc\u021biuni de \u00eengrijire: Cur\u0103\u021ba\u021bi cu o c\u00e2rp\u0103 umed\u0103.<br \/>\nKnock-down: Nu<br \/>\nCapacitate maxim\u0103 de greutate: 20 kg<br \/>\nUtilizare \u00een aer liber: Nu<\/p>","protected":false},"excerpt":{"rendered":"<p>Mas\u0103 de cafea elegant\u0103 din furnir de stejar cu un aspect nordic distinct. Form\u0103 alunecoas\u0103 frumoas\u0103 \u0219i margine elegant\u0103 a blatului mesei.<\/p>","protected":false},"featured_media":261,"comment_status":"closed","ping_status":"closed","template":"","meta":{"_acf_changed":false,"_kad_post_transparent":"default","_kad_post_title":"","_kad_post_layout":"default","_kad_post_sidebar_id":"","_kad_post_content_style":"default","_kad_post_vertical_padding":"default","_kad_post_feature":"","_kad_post_feature_position":"","_kad_post_header":false,"_kad_post_footer":false,"_kad_post_classname":""},"pwb-brand":[17],"product_brand":[],"product_cat":[158,157],"product_tag":[34],"gyarto":[],"class_list":{"0":"post-1141","1":"product","2":"type-product","3":"status-publish","4":"has-post-thumbnail","6":"pwb-brand-bloomingville","7":"product_cat-coffee-table","8":"product_cat-table","9":"product_tag-nordic-interior-design","10":"pa_colour-nature","11":"pa_material-oak","13":"first","14":"instock","15":"taxable","16":"shipping-taxable","17":"purchasable","18":"product-type-simple","19":"entry","20":"content-bg","21":"loop-entry"},"acf":[],"brands":[{"id":17,"name":"Bloomingville","slug":"bloomingville"}],"_links":{"self":[{"href":"https:\/\/yournordichome.com\/ro\/wp-json\/wp\/v2\/product\/1141","targetHints":{"allow":["GET"]}}],"collection":[{"href":"https:\/\/yournordichome.com\/ro\/wp-json\/wp\/v2\/product"}],"about":[{"href":"https:\/\/yournordichome.com\/ro\/wp-json\/wp\/v2\/types\/product"}],"replies":[{"embeddable":true,"href":"https:\/\/yournordichome.com\/ro\/wp-json\/wp\/v2\/comments?post=1141"}],"wp:featuredmedia":[{"embeddable":true,"href":"https:\/\/yournordichome.com\/ro\/wp-json\/wp\/v2\/media\/261"}],"wp:attachment":[{"href":"https:\/\/yournordichome.com\/ro\/wp-json\/wp\/v2\/media?parent=1141"}],"wp:term":[{"taxonomy":"pwb-brand","embeddable":true,"href":"https:\/\/yournordichome.com\/ro\/wp-json\/wp\/v2\/pwb-brand?post=1141"},{"taxonomy":"product_brand","embeddable":true,"href":"https:\/\/yournordichome.com\/ro\/wp-json\/wp\/v2\/product_brand?post=1141"},{"taxonomy":"product_cat","embeddable":true,"href":"https:\/\/yournordichome.com\/ro\/wp-json\/wp\/v2\/product_cat?post=1141"},{"taxonomy":"product_tag","embeddable":true,"href":"https:\/\/yournordichome.com\/ro\/wp-json\/wp\/v2\/product_tag?post=1141"},{"taxonomy":"gyarto","embeddable":true,"href":"https:\/\/yournordichome.com\/ro\/wp-json\/wp\/v2\/gyarto?post=1141"}],"curies":[{"name":"wp","href":"https:\/\/api.w.org\/{rel}","templated":true}]}}