{"id":1139,"date":"2023-05-27T08:18:36","date_gmt":"2023-05-27T08:18:36","guid":{"rendered":"https:\/\/yournordichome.com\/product\/sidetable-nature-oak\/"},"modified":"2025-08-13T11:38:30","modified_gmt":"2025-08-13T11:38:30","slug":"sidetable-natura-stejar","status":"publish","type":"product","link":"https:\/\/yournordichome.com\/ro\/product\/sidetable-nature-oak\/","title":{"rendered":"Sidetable natura stejar"},"content":{"rendered":"<p>M\u0103su\u021b\u0103 lateral\u0103 din furnir de stejar pe care o pute\u021bi plasa l\u00e2ng\u0103 un fotoliu sau o canapea. \u00cen\u0103l\u021bimea sa este tocmai potrivit\u0103 pentru a ajunge la lucrurile a\u0219ezate pe ea \u00een timp ce sta\u021bi jos. O pute\u021bi decora dup\u0103 cum dori\u021bi, dar o pute\u021bi folosi \u0219i pentru a v\u0103 pune cafeaua sau o carte pe ea.<\/p>\n<p>Dimensiunea produsului: D44xH54,5 cm<br \/>\nCuloare: Natur\u0103<br \/>\nCompozi\u021bie: Stejar, furnir de stejar<br \/>\nInstruc\u021biuni de \u00eengrijire: Cur\u0103\u021ba\u021bi cu o c\u00e2rp\u0103 umed\u0103.<br \/>\nKnock-down: Nu<br \/>\nCapacitate maxim\u0103 de greutate: 20 kg<br \/>\nUtilizare \u00een aer liber: Nu<\/p>","protected":false},"excerpt":{"rendered":"<p>M\u0103su\u021b\u0103 lateral\u0103 realizat\u0103 din stejar cu o culoare natural\u0103. Pune\u021bi-v\u0103 cartea \u0219i cana pe ea sau decora\u021bi frumos.<\/p>","protected":false},"featured_media":613,"comment_status":"closed","ping_status":"closed","template":"","meta":{"_acf_changed":false,"_kad_post_transparent":"default","_kad_post_title":"","_kad_post_layout":"default","_kad_post_sidebar_id":"","_kad_post_content_style":"default","_kad_post_vertical_padding":"default","_kad_post_feature":"","_kad_post_feature_position":"","_kad_post_header":false,"_kad_post_footer":false,"_kad_post_classname":""},"pwb-brand":[17],"product_brand":[],"product_cat":[341,157],"product_tag":[34],"gyarto":[],"class_list":{"0":"post-1139","1":"product","2":"type-product","3":"status-publish","4":"has-post-thumbnail","6":"pwb-brand-bloomingville","7":"product_cat-side-table","8":"product_cat-table","9":"product_tag-nordic-interior-design","10":"pa_colour-nature","11":"pa_material-oak","12":"pa_material-wood","14":"first","15":"instock","16":"taxable","17":"shipping-taxable","18":"purchasable","19":"product-type-simple","20":"entry","21":"content-bg","22":"loop-entry"},"acf":[],"brands":[{"id":17,"name":"Bloomingville","slug":"bloomingville"}],"_links":{"self":[{"href":"https:\/\/yournordichome.com\/ro\/wp-json\/wp\/v2\/product\/1139","targetHints":{"allow":["GET"]}}],"collection":[{"href":"https:\/\/yournordichome.com\/ro\/wp-json\/wp\/v2\/product"}],"about":[{"href":"https:\/\/yournordichome.com\/ro\/wp-json\/wp\/v2\/types\/product"}],"replies":[{"embeddable":true,"href":"https:\/\/yournordichome.com\/ro\/wp-json\/wp\/v2\/comments?post=1139"}],"wp:featuredmedia":[{"embeddable":true,"href":"https:\/\/yournordichome.com\/ro\/wp-json\/wp\/v2\/media\/613"}],"wp:attachment":[{"href":"https:\/\/yournordichome.com\/ro\/wp-json\/wp\/v2\/media?parent=1139"}],"wp:term":[{"taxonomy":"pwb-brand","embeddable":true,"href":"https:\/\/yournordichome.com\/ro\/wp-json\/wp\/v2\/pwb-brand?post=1139"},{"taxonomy":"product_brand","embeddable":true,"href":"https:\/\/yournordichome.com\/ro\/wp-json\/wp\/v2\/product_brand?post=1139"},{"taxonomy":"product_cat","embeddable":true,"href":"https:\/\/yournordichome.com\/ro\/wp-json\/wp\/v2\/product_cat?post=1139"},{"taxonomy":"product_tag","embeddable":true,"href":"https:\/\/yournordichome.com\/ro\/wp-json\/wp\/v2\/product_tag?post=1139"},{"taxonomy":"gyarto","embeddable":true,"href":"https:\/\/yournordichome.com\/ro\/wp-json\/wp\/v2\/gyarto?post=1139"}],"curies":[{"name":"wp","href":"https:\/\/api.w.org\/{rel}","templated":true}]}}