{"id":1138,"date":"2023-05-27T08:18:36","date_gmt":"2023-05-27T08:18:36","guid":{"rendered":"https:\/\/yournordichome.com\/product\/pouf-golden-brown\/"},"modified":"2025-08-03T10:37:49","modified_gmt":"2025-08-03T10:37:49","slug":"pouf-maro-auriu","status":"publish","type":"product","link":"https:\/\/yournordichome.com\/ro\/product\/pouf-golden-brown\/","title":{"rendered":"Pouf maro auriu"},"content":{"rendered":"<p>Pouf de culoare maro auriu cu o form\u0103 de ciuperc\u0103. Catifeaua este u\u0219or nervurat\u0103 la baz\u0103, ceea ce \u00eel face \u0219i mai elegant. \u00cel pute\u021bi folosi \u00een hol sau \u00een camera de zi, ofer\u0103 un scaun confortabil, dar este perfect \u0219i ca suport pentru picioare.<\/p>\n<p>Dimensiunea produsului: D44xH45 cm<br \/>\nCompozi\u021bie: Poliester, MDF<br \/>\nNumele \u021bes\u0103turii: Velvet<br \/>\nCompozi\u021bia \u021bes\u0103turii: 100% poliester<br \/>\nDurabilitatea \u021bes\u0103turii (Martindale): 40.000<br \/>\nCapacitate maxim\u0103 de greutate: 120 kg<\/p>","protected":false},"excerpt":{"rendered":"<p>Pouf maro auriu cu un capac din catifea. Poate fi un accesoriu elegant pentru un interior nordic.<\/p>","protected":false},"featured_media":524,"comment_status":"closed","ping_status":"closed","template":"","meta":{"_acf_changed":false,"_kad_post_transparent":"default","_kad_post_title":"","_kad_post_layout":"default","_kad_post_sidebar_id":"","_kad_post_content_style":"default","_kad_post_vertical_padding":"default","_kad_post_feature":"","_kad_post_feature_position":"","_kad_post_header":false,"_kad_post_footer":false,"_kad_post_classname":""},"pwb-brand":[17],"product_brand":[],"product_cat":[152,182],"product_tag":[34,125],"gyarto":[],"class_list":{"0":"post-1138","1":"product","2":"type-product","3":"status-publish","4":"has-post-thumbnail","6":"pwb-brand-bloomingville","7":"product_cat-chair","8":"product_cat-sitting-pouf","9":"product_tag-nordic-interior-design","10":"product_tag-nordic-living-room","11":"pa_colour-brown","12":"pa_colour-gold-coloured","13":"pa_material-velour","15":"first","16":"instock","17":"taxable","18":"shipping-taxable","19":"purchasable","20":"product-type-simple","21":"entry","22":"content-bg","23":"loop-entry"},"acf":[],"brands":[{"id":17,"name":"Bloomingville","slug":"bloomingville"}],"_links":{"self":[{"href":"https:\/\/yournordichome.com\/ro\/wp-json\/wp\/v2\/product\/1138","targetHints":{"allow":["GET"]}}],"collection":[{"href":"https:\/\/yournordichome.com\/ro\/wp-json\/wp\/v2\/product"}],"about":[{"href":"https:\/\/yournordichome.com\/ro\/wp-json\/wp\/v2\/types\/product"}],"replies":[{"embeddable":true,"href":"https:\/\/yournordichome.com\/ro\/wp-json\/wp\/v2\/comments?post=1138"}],"wp:featuredmedia":[{"embeddable":true,"href":"https:\/\/yournordichome.com\/ro\/wp-json\/wp\/v2\/media\/524"}],"wp:attachment":[{"href":"https:\/\/yournordichome.com\/ro\/wp-json\/wp\/v2\/media?parent=1138"}],"wp:term":[{"taxonomy":"pwb-brand","embeddable":true,"href":"https:\/\/yournordichome.com\/ro\/wp-json\/wp\/v2\/pwb-brand?post=1138"},{"taxonomy":"product_brand","embeddable":true,"href":"https:\/\/yournordichome.com\/ro\/wp-json\/wp\/v2\/product_brand?post=1138"},{"taxonomy":"product_cat","embeddable":true,"href":"https:\/\/yournordichome.com\/ro\/wp-json\/wp\/v2\/product_cat?post=1138"},{"taxonomy":"product_tag","embeddable":true,"href":"https:\/\/yournordichome.com\/ro\/wp-json\/wp\/v2\/product_tag?post=1138"},{"taxonomy":"gyarto","embeddable":true,"href":"https:\/\/yournordichome.com\/ro\/wp-json\/wp\/v2\/gyarto?post=1138"}],"curies":[{"name":"wp","href":"https:\/\/api.w.org\/{rel}","templated":true}]}}