{"id":1124,"date":"2023-05-27T08:18:29","date_gmt":"2023-05-27T08:18:29","guid":{"rendered":"https:\/\/yournordichome.com\/product\/table-lamp-giraffe\/"},"modified":"2025-08-03T10:40:49","modified_gmt":"2025-08-03T10:40:49","slug":"lampa-de-masa-girafa","status":"publish","type":"product","link":"https:\/\/yournordichome.com\/ro\/product\/table-lamp-giraffe\/","title":{"rendered":"Lamp\u0103 de mas\u0103 giraf\u0103"},"content":{"rendered":"<p>Dimensiunea produsului: D28xL35xH70 cm<br \/>\nCuloare: Auriu<br \/>\nCompozi\u021bie: Poliresin\u0103, in<br \/>\nAprobat CE: Da<br \/>\nClasa de energie a becului: Toate<br \/>\nBec inclus: Nu<br \/>\nForma becului: Ordinar<br \/>\nDimensiunea becului: E27<br \/>\nTip bec: Halogen \u0219i LED<br \/>\nPuterea becului: Max 40W<br \/>\nInstruc\u021biuni de \u00eengrijire: Cur\u0103\u021ba\u021bi cu o c\u00e2rp\u0103 umed\u0103.<br \/>\nCuloarea cablului: alb<br \/>\nLungimea cablului cm.: 200<br \/>\nMaterial cablu: Plastic<br \/>\nUtilizare \u00een exterior: Nu<br \/>\nDimensiune abajur cm.: 28xH21,5<br \/>\nComutator: Pe cablu<\/p>","protected":false},"excerpt":{"rendered":"<p>Lamp\u0103 de mas\u0103 aurie \u00een form\u0103 de giraf\u0103.<\/p>","protected":false},"featured_media":666,"comment_status":"closed","ping_status":"closed","template":"","meta":{"_acf_changed":false,"_kad_post_transparent":"default","_kad_post_title":"","_kad_post_layout":"default","_kad_post_sidebar_id":"","_kad_post_content_style":"default","_kad_post_vertical_padding":"default","_kad_post_feature":"","_kad_post_feature_position":"","_kad_post_header":false,"_kad_post_footer":false,"_kad_post_classname":""},"pwb-brand":[17],"product_brand":[],"product_cat":[73,72],"product_tag":[146,34,117],"gyarto":[],"class_list":{"0":"post-1124","1":"product","2":"type-product","3":"status-publish","4":"has-post-thumbnail","6":"pwb-brand-bloomingville","7":"product_cat-desk-and-table-lamp","8":"product_cat-lamp","9":"product_tag-ethno-style","10":"product_tag-nordic-interior-design","11":"product_tag-nordic-lamp","12":"pa_colour-gold-coloured","13":"pa_material-polyresin","15":"first","16":"instock","17":"taxable","18":"shipping-taxable","19":"purchasable","20":"product-type-simple","21":"entry","22":"content-bg","23":"loop-entry"},"acf":[],"brands":[{"id":17,"name":"Bloomingville","slug":"bloomingville"}],"_links":{"self":[{"href":"https:\/\/yournordichome.com\/ro\/wp-json\/wp\/v2\/product\/1124","targetHints":{"allow":["GET"]}}],"collection":[{"href":"https:\/\/yournordichome.com\/ro\/wp-json\/wp\/v2\/product"}],"about":[{"href":"https:\/\/yournordichome.com\/ro\/wp-json\/wp\/v2\/types\/product"}],"replies":[{"embeddable":true,"href":"https:\/\/yournordichome.com\/ro\/wp-json\/wp\/v2\/comments?post=1124"}],"wp:featuredmedia":[{"embeddable":true,"href":"https:\/\/yournordichome.com\/ro\/wp-json\/wp\/v2\/media\/666"}],"wp:attachment":[{"href":"https:\/\/yournordichome.com\/ro\/wp-json\/wp\/v2\/media?parent=1124"}],"wp:term":[{"taxonomy":"pwb-brand","embeddable":true,"href":"https:\/\/yournordichome.com\/ro\/wp-json\/wp\/v2\/pwb-brand?post=1124"},{"taxonomy":"product_brand","embeddable":true,"href":"https:\/\/yournordichome.com\/ro\/wp-json\/wp\/v2\/product_brand?post=1124"},{"taxonomy":"product_cat","embeddable":true,"href":"https:\/\/yournordichome.com\/ro\/wp-json\/wp\/v2\/product_cat?post=1124"},{"taxonomy":"product_tag","embeddable":true,"href":"https:\/\/yournordichome.com\/ro\/wp-json\/wp\/v2\/product_tag?post=1124"},{"taxonomy":"gyarto","embeddable":true,"href":"https:\/\/yournordichome.com\/ro\/wp-json\/wp\/v2\/gyarto?post=1124"}],"curies":[{"name":"wp","href":"https:\/\/api.w.org\/{rel}","templated":true}]}}