{"id":1119,"date":"2023-05-27T08:18:29","date_gmt":"2023-05-27T08:18:29","guid":{"rendered":"https:\/\/yournordichome.com\/product\/bamboo-pendant-lamp\/"},"modified":"2025-12-18T11:47:17","modified_gmt":"2025-12-18T11:47:17","slug":"lampa-suspendata-din-bambus","status":"publish","type":"product","link":"https:\/\/yournordichome.com\/ro\/product\/bamboo-pendant-lamp\/","title":{"rendered":"Lamp\u0103 suspendat\u0103 din bambus"},"content":{"rendered":"<p>Dimensiunea produsului: D25xH65 cm<br \/>\nCuloare: Natur\u0103<br \/>\nCompozi\u021bie: Bambus<br \/>\nAprobat CE: Da<br \/>\nClasa de energie a becului: Toate<br \/>\nBec inclus: Nu<br \/>\nForma becului: Ordinar<br \/>\nDimensiunea becului: E27<br \/>\nTip bec: Economizor de energie<br \/>\nPuterea becului: Max 40W<br \/>\nInstruc\u021biuni de \u00eengrijire: Cur\u0103\u021ba\u021bi cu o c\u00e2rp\u0103 umed\u0103.<br \/>\nCupa de tavan: Da<br \/>\nCuloarea cablului: negru<br \/>\nLungimea cablului cm.: 200<br \/>\nMaterial cordon: Tesatura<br \/>\nUtilizare \u00een exterior: Nu<br \/>\nPot ap\u0103rea varia\u021bii din cauza materialelor<\/p>","protected":false},"excerpt":{"rendered":"<p>Lamp\u0103 suspendat\u0103 din bambus cu o form\u0103 special\u0103. Materialul s\u0103u natural promoveaz\u0103 sustenabilitatea, iar forma sa elegant\u0103 aduce luminozitate spa\u021biului. Un exemplu excelent de design nordic, dar arat\u0103 bine cu nenum\u0103rate stiluri.<\/p>","protected":false},"featured_media":59,"comment_status":"closed","ping_status":"closed","template":"","meta":{"_acf_changed":false,"_kad_post_transparent":"default","_kad_post_title":"","_kad_post_layout":"default","_kad_post_sidebar_id":"","_kad_post_content_style":"default","_kad_post_vertical_padding":"default","_kad_post_feature":"","_kad_post_feature_position":"","_kad_post_header":false,"_kad_post_footer":false,"_kad_post_classname":""},"pwb-brand":[17],"product_brand":[],"product_cat":[72,114],"product_tag":[116,146,34,117],"gyarto":[],"class_list":{"0":"post-1119","1":"product","2":"type-product","3":"status-publish","4":"has-post-thumbnail","6":"pwb-brand-bloomingville","7":"product_cat-lamp","8":"product_cat-pendant-lamp","9":"product_tag-ceiling-lamp","10":"product_tag-ethno-style","11":"product_tag-nordic-interior-design","12":"product_tag-nordic-lamp","13":"pa_colour-nature","14":"pa_material-bamboo","16":"first","17":"instock","18":"taxable","19":"shipping-taxable","20":"purchasable","21":"product-type-simple","22":"entry","23":"content-bg","24":"loop-entry"},"acf":[],"brands":[{"id":17,"name":"Bloomingville","slug":"bloomingville"}],"_links":{"self":[{"href":"https:\/\/yournordichome.com\/ro\/wp-json\/wp\/v2\/product\/1119","targetHints":{"allow":["GET"]}}],"collection":[{"href":"https:\/\/yournordichome.com\/ro\/wp-json\/wp\/v2\/product"}],"about":[{"href":"https:\/\/yournordichome.com\/ro\/wp-json\/wp\/v2\/types\/product"}],"replies":[{"embeddable":true,"href":"https:\/\/yournordichome.com\/ro\/wp-json\/wp\/v2\/comments?post=1119"}],"wp:featuredmedia":[{"embeddable":true,"href":"https:\/\/yournordichome.com\/ro\/wp-json\/wp\/v2\/media\/59"}],"wp:attachment":[{"href":"https:\/\/yournordichome.com\/ro\/wp-json\/wp\/v2\/media?parent=1119"}],"wp:term":[{"taxonomy":"pwb-brand","embeddable":true,"href":"https:\/\/yournordichome.com\/ro\/wp-json\/wp\/v2\/pwb-brand?post=1119"},{"taxonomy":"product_brand","embeddable":true,"href":"https:\/\/yournordichome.com\/ro\/wp-json\/wp\/v2\/product_brand?post=1119"},{"taxonomy":"product_cat","embeddable":true,"href":"https:\/\/yournordichome.com\/ro\/wp-json\/wp\/v2\/product_cat?post=1119"},{"taxonomy":"product_tag","embeddable":true,"href":"https:\/\/yournordichome.com\/ro\/wp-json\/wp\/v2\/product_tag?post=1119"},{"taxonomy":"gyarto","embeddable":true,"href":"https:\/\/yournordichome.com\/ro\/wp-json\/wp\/v2\/gyarto?post=1119"}],"curies":[{"name":"wp","href":"https:\/\/api.w.org\/{rel}","templated":true}]}}