{"id":1118,"date":"2023-05-27T08:18:29","date_gmt":"2023-05-27T08:18:29","guid":{"rendered":"https:\/\/yournordichome.com\/product\/rattan-floor-lamp\/"},"modified":"2025-08-03T10:59:21","modified_gmt":"2025-08-03T10:59:21","slug":"lampa-de-podea-din-rattan","status":"publish","type":"product","link":"https:\/\/yournordichome.com\/ro\/product\/rattan-floor-lamp\/","title":{"rendered":"Lamp\u0103 de podea din ratan"},"content":{"rendered":"<p>Lamp\u0103 de podea din ratan, pe care o pute\u021bi plasa l\u00e2ng\u0103 fotoliul dvs. preferat, o canapea sau o mas\u0103 consol\u0103. Ilumineaz\u0103 o parte a camerei cu lumina sa pl\u0103cut\u0103. De asemenea, pute\u021bi citi la lumina ei \u0219i poate fi, de asemenea, parte a iluminatului de ambian\u021b\u0103.<\/p>\n<p>Datorit\u0103 materialului s\u0103u natural, este o adev\u0103rat\u0103 pies\u0103 nordic\u0103, arat\u0103 foarte bine cu accesorii realizate din materiale similare. Cu toate acestea, datorit\u0103 aspectului s\u0103u natural, este, de asemenea, un accesoriu minunat pentru mobilierul cu alte texturi.<\/p>\n<p>Dimensiunea produsului: D40xH160 cm<br \/>\nDimensiunea umbrei cm.: L33xW35,5xH40,6 cm<br \/>\nCuloare: Natur\u0103<br \/>\nCompozi\u021bie: Rattan, fier, lemn de cauciuc<br \/>\nAprobat CE: Da<br \/>\nClasa energetic\u0103 a becului: A++ - E<br \/>\nBec inclus: Nu<br \/>\nForma becului: Tip A<br \/>\nDimensiunea becului: E27<br \/>\nTipul becului: LED \u0219i economizor de energie<br \/>\nPuterea becului: Max 60W<br \/>\nInstruc\u021biuni de \u00eengrijire: Cur\u0103\u021ba\u021bi cu o c\u00e2rp\u0103 umed\u0103.<br \/>\nCuloarea cordonului: Transparent<br \/>\nLungimea cablului cm.: 200<br \/>\nMaterial cablu: Plastic<br \/>\nUtilizare \u00een exterior: Nu<br \/>\nComutator: Pe cablu<\/p>","protected":false},"excerpt":{"rendered":"<p>Lamp\u0103 de podea din rattan natural. A\u0219eza\u021bi-v\u0103 \u00een fotoliul dvs. preferat \u0219i l\u0103sa\u021bi aceast\u0103 lamp\u0103 frumoas\u0103 s\u0103 ofere lumina pl\u0103cut\u0103. Capota sa \u00eempletit\u0103 ofer\u0103 un aspect decorativ.<\/p>","protected":false},"featured_media":546,"comment_status":"closed","ping_status":"closed","template":"","meta":{"_acf_changed":false,"_kad_post_transparent":"default","_kad_post_title":"","_kad_post_layout":"default","_kad_post_sidebar_id":"","_kad_post_content_style":"default","_kad_post_vertical_padding":"default","_kad_post_feature":"","_kad_post_feature_position":"","_kad_post_header":false,"_kad_post_footer":false,"_kad_post_classname":""},"pwb-brand":[17],"product_brand":[],"product_cat":[176,72],"product_tag":[34,117,134],"gyarto":[],"class_list":{"0":"post-1118","1":"product","2":"type-product","3":"status-publish","4":"has-post-thumbnail","6":"pwb-brand-bloomingville","7":"product_cat-floor-lamp","8":"product_cat-lamp","9":"product_tag-nordic-interior-design","10":"product_tag-nordic-lamp","11":"product_tag-rattan-furniture","12":"pa_colour-nature","13":"pa_material-rattan","15":"first","16":"instock","17":"taxable","18":"shipping-taxable","19":"purchasable","20":"product-type-simple","21":"entry","22":"content-bg","23":"loop-entry"},"acf":[],"brands":[{"id":17,"name":"Bloomingville","slug":"bloomingville"}],"_links":{"self":[{"href":"https:\/\/yournordichome.com\/ro\/wp-json\/wp\/v2\/product\/1118","targetHints":{"allow":["GET"]}}],"collection":[{"href":"https:\/\/yournordichome.com\/ro\/wp-json\/wp\/v2\/product"}],"about":[{"href":"https:\/\/yournordichome.com\/ro\/wp-json\/wp\/v2\/types\/product"}],"replies":[{"embeddable":true,"href":"https:\/\/yournordichome.com\/ro\/wp-json\/wp\/v2\/comments?post=1118"}],"wp:featuredmedia":[{"embeddable":true,"href":"https:\/\/yournordichome.com\/ro\/wp-json\/wp\/v2\/media\/546"}],"wp:attachment":[{"href":"https:\/\/yournordichome.com\/ro\/wp-json\/wp\/v2\/media?parent=1118"}],"wp:term":[{"taxonomy":"pwb-brand","embeddable":true,"href":"https:\/\/yournordichome.com\/ro\/wp-json\/wp\/v2\/pwb-brand?post=1118"},{"taxonomy":"product_brand","embeddable":true,"href":"https:\/\/yournordichome.com\/ro\/wp-json\/wp\/v2\/product_brand?post=1118"},{"taxonomy":"product_cat","embeddable":true,"href":"https:\/\/yournordichome.com\/ro\/wp-json\/wp\/v2\/product_cat?post=1118"},{"taxonomy":"product_tag","embeddable":true,"href":"https:\/\/yournordichome.com\/ro\/wp-json\/wp\/v2\/product_tag?post=1118"},{"taxonomy":"gyarto","embeddable":true,"href":"https:\/\/yournordichome.com\/ro\/wp-json\/wp\/v2\/gyarto?post=1118"}],"curies":[{"name":"wp","href":"https:\/\/api.w.org\/{rel}","templated":true}]}}