{"id":1082,"date":"2023-05-23T19:50:55","date_gmt":"2023-05-23T19:50:55","guid":{"rendered":"https:\/\/yournordichome.com\/product\/brown-terracotta-table-lamp\/"},"modified":"2025-12-01T00:19:07","modified_gmt":"2025-12-01T00:19:07","slug":"lampa-de-masa-din-teracota-maro","status":"publish","type":"product","link":"https:\/\/yournordichome.com\/ro\/product\/brown-terracotta-table-lamp\/","title":{"rendered":"Lamp\u0103 de mas\u0103 din teracot\u0103 maro"},"content":{"rendered":"<p>Lamp\u0103 de mas\u0103 din teracot\u0103 maro, cu o form\u0103 nordic\u0103 minimalist\u0103.<\/p>\n<p>Dimensiunea produsului: D20,5xH54,5 cm<br \/>\nCuloare: maro<br \/>\nCompozi\u021bie: Teracot\u0103, in, fier<br \/>\nAprobat CE: Da<br \/>\nClasa energetic\u0103 a becului: A++<br \/>\nBec inclus: Nu<br \/>\nForma becului: A<br \/>\nDimensiunea becului: E27<br \/>\nTipul becului: LED sau Energy Saver<br \/>\nPuterea becului: Max 40W<br \/>\nInstruc\u021biuni de \u00eengrijire: Cur\u0103\u021ba\u021bi cu o c\u00e2rp\u0103 umed\u0103.<br \/>\nNOT\u0102: Glazur\u0103 reactiv\u0103 pe suport, nu culoare maro solid\u0103.<br \/>\nCuloarea cordonului: Transparent<br \/>\nLungimea cablului cm.: 250<br \/>\nMaterial cablu: Plastic<br \/>\nUtilizare \u00een exterior: Nu<br \/>\nDimensiunea umbrei cm.: 20.5xH24<br \/>\nComutator: Pe cablu<\/p>","protected":false},"excerpt":{"rendered":"<p>Lamp\u0103 de mas\u0103 din teracot\u0103 maro cu o form\u0103 special\u0103.<\/p>","protected":false},"featured_media":195,"comment_status":"closed","ping_status":"closed","template":"","meta":{"_acf_changed":false,"_kad_post_transparent":"default","_kad_post_title":"","_kad_post_layout":"default","_kad_post_sidebar_id":"","_kad_post_content_style":"default","_kad_post_vertical_padding":"default","_kad_post_feature":"","_kad_post_feature_position":"","_kad_post_header":false,"_kad_post_footer":false,"_kad_post_classname":""},"pwb-brand":[17],"product_brand":[],"product_cat":[73,72],"product_tag":[1109,34],"gyarto":[],"class_list":{"0":"post-1082","1":"product","2":"type-product","3":"status-publish","4":"has-post-thumbnail","6":"pwb-brand-bloomingville","7":"product_cat-desk-and-table-lamp","8":"product_cat-lamp","9":"product_tag-last-item-in-stock","10":"product_tag-nordic-interior-design","11":"pa_colour-brown","12":"pa_material-terracotta","14":"first","15":"instock","16":"taxable","17":"shipping-taxable","18":"purchasable","19":"product-type-simple","20":"entry","21":"content-bg","22":"loop-entry"},"acf":[],"brands":[{"id":17,"name":"Bloomingville","slug":"bloomingville"}],"_links":{"self":[{"href":"https:\/\/yournordichome.com\/ro\/wp-json\/wp\/v2\/product\/1082","targetHints":{"allow":["GET"]}}],"collection":[{"href":"https:\/\/yournordichome.com\/ro\/wp-json\/wp\/v2\/product"}],"about":[{"href":"https:\/\/yournordichome.com\/ro\/wp-json\/wp\/v2\/types\/product"}],"replies":[{"embeddable":true,"href":"https:\/\/yournordichome.com\/ro\/wp-json\/wp\/v2\/comments?post=1082"}],"wp:featuredmedia":[{"embeddable":true,"href":"https:\/\/yournordichome.com\/ro\/wp-json\/wp\/v2\/media\/195"}],"wp:attachment":[{"href":"https:\/\/yournordichome.com\/ro\/wp-json\/wp\/v2\/media?parent=1082"}],"wp:term":[{"taxonomy":"pwb-brand","embeddable":true,"href":"https:\/\/yournordichome.com\/ro\/wp-json\/wp\/v2\/pwb-brand?post=1082"},{"taxonomy":"product_brand","embeddable":true,"href":"https:\/\/yournordichome.com\/ro\/wp-json\/wp\/v2\/product_brand?post=1082"},{"taxonomy":"product_cat","embeddable":true,"href":"https:\/\/yournordichome.com\/ro\/wp-json\/wp\/v2\/product_cat?post=1082"},{"taxonomy":"product_tag","embeddable":true,"href":"https:\/\/yournordichome.com\/ro\/wp-json\/wp\/v2\/product_tag?post=1082"},{"taxonomy":"gyarto","embeddable":true,"href":"https:\/\/yournordichome.com\/ro\/wp-json\/wp\/v2\/gyarto?post=1082"}],"curies":[{"name":"wp","href":"https:\/\/api.w.org\/{rel}","templated":true}]}}