{"id":1081,"date":"2023-05-23T19:50:55","date_gmt":"2023-05-23T19:50:55","guid":{"rendered":"https:\/\/yournordichome.com\/product\/penguin-shaped-basket-from-bankuan-grass\/"},"modified":"2025-08-03T11:01:30","modified_gmt":"2025-08-03T11:01:30","slug":"cos-in-forma-de-pinguin-din-iarba-bankuan","status":"publish","type":"product","link":"https:\/\/yournordichome.com\/ro\/product\/penguin-shaped-basket-from-bankuan-grass\/","title":{"rendered":"Co\u0219 \u00een form\u0103 de pinguin de la Bankuan Grass"},"content":{"rendered":"<p>Dimensiunea produsului: D37xH69 cm<br \/>\nCompozi\u021bie: Iarb\u0103 Bankuan<br \/>\nPot ap\u0103rea varia\u021bii din cauza materialelor<\/p>","protected":false},"excerpt":{"rendered":"<p>Co\u0219 \u00een form\u0103 de pinguin din iarb\u0103 Bankuan. Cutie de depozitare pentru camera copiilor realizat\u0103 din iarb\u0103 de mare. Materialul s\u0103u natural \u0219i forma vesel\u0103 o fac un accesoriu minunat pentru camera copiilor. Foarte practic\u0103 deoarece absoarbe o cantitate mare de juc\u0103rii.<\/p>","protected":false},"featured_media":507,"comment_status":"closed","ping_status":"closed","template":"","meta":{"_acf_changed":false,"_kad_post_transparent":"default","_kad_post_title":"","_kad_post_layout":"default","_kad_post_sidebar_id":"","_kad_post_content_style":"default","_kad_post_vertical_padding":"default","_kad_post_feature":"","_kad_post_feature_position":"","_kad_post_header":false,"_kad_post_footer":false,"_kad_post_classname":""},"pwb-brand":[17],"product_brand":[],"product_cat":[77,47],"product_tag":[148],"gyarto":[],"class_list":{"0":"post-1081","1":"product","2":"type-product","3":"status-publish","4":"has-post-thumbnail","6":"pwb-brand-bloomingville","7":"product_cat-childrens-furniture","8":"product_cat-kids","9":"product_tag-kids-room-storage","10":"pa_colour-multi","11":"pa_colour-nature","12":"pa_material-bankuan-grass","14":"first","15":"instock","16":"taxable","17":"shipping-taxable","18":"purchasable","19":"product-type-simple","20":"entry","21":"content-bg","22":"loop-entry"},"acf":[],"brands":[{"id":17,"name":"Bloomingville","slug":"bloomingville"}],"_links":{"self":[{"href":"https:\/\/yournordichome.com\/ro\/wp-json\/wp\/v2\/product\/1081","targetHints":{"allow":["GET"]}}],"collection":[{"href":"https:\/\/yournordichome.com\/ro\/wp-json\/wp\/v2\/product"}],"about":[{"href":"https:\/\/yournordichome.com\/ro\/wp-json\/wp\/v2\/types\/product"}],"replies":[{"embeddable":true,"href":"https:\/\/yournordichome.com\/ro\/wp-json\/wp\/v2\/comments?post=1081"}],"wp:featuredmedia":[{"embeddable":true,"href":"https:\/\/yournordichome.com\/ro\/wp-json\/wp\/v2\/media\/507"}],"wp:attachment":[{"href":"https:\/\/yournordichome.com\/ro\/wp-json\/wp\/v2\/media?parent=1081"}],"wp:term":[{"taxonomy":"pwb-brand","embeddable":true,"href":"https:\/\/yournordichome.com\/ro\/wp-json\/wp\/v2\/pwb-brand?post=1081"},{"taxonomy":"product_brand","embeddable":true,"href":"https:\/\/yournordichome.com\/ro\/wp-json\/wp\/v2\/product_brand?post=1081"},{"taxonomy":"product_cat","embeddable":true,"href":"https:\/\/yournordichome.com\/ro\/wp-json\/wp\/v2\/product_cat?post=1081"},{"taxonomy":"product_tag","embeddable":true,"href":"https:\/\/yournordichome.com\/ro\/wp-json\/wp\/v2\/product_tag?post=1081"},{"taxonomy":"gyarto","embeddable":true,"href":"https:\/\/yournordichome.com\/ro\/wp-json\/wp\/v2\/gyarto?post=1081"}],"curies":[{"name":"wp","href":"https:\/\/api.w.org\/{rel}","templated":true}]}}