{"id":1062,"date":"2023-05-21T16:18:39","date_gmt":"2023-05-21T16:18:39","guid":{"rendered":"https:\/\/yournordichome.com\/product\/childrens-tipi\/"},"modified":"2025-08-03T11:08:10","modified_gmt":"2025-08-03T11:08:10","slug":"tipi-pentru-copii","status":"publish","type":"product","link":"https:\/\/yournordichome.com\/ro\/product\/childrens-tipi\/","title":{"rendered":"Tipi pentru copii"},"content":{"rendered":"<p>Cort de joac\u0103 pentru copii cu p\u00e2nz\u0103 de bumbac respirabil\u0103. U\u0219or de asamblat, vine cu 4 st\u00e2lpi metalici. Scene pentru basme \u0219i aventuri.<\/p>\n<p>Dimensiunea produsului: L110xH140xW110 cm<br \/>\nCuloare: Natur\u0103<br \/>\nCompozi\u021bie: Bumbac, fier<br \/>\nAlbire: Nu<br \/>\nFinisaj de culoare: \u021aes\u0103tur\u0103 vopsit\u0103<br \/>\nCur\u0103\u021bare chimic\u0103: Da<br \/>\nC\u0103lcat: Nu<br \/>\nFinisaj produs: \u021aesut<br \/>\nInstruc\u021biuni de sp\u0103lare: Cur\u0103\u021bare la fa\u021ba locului<br \/>\nFermoar: Niciunul<br \/>\nTrebuie s\u0103 fie asamblat de un adult \u00eenainte de utilizare.<\/p>","protected":false},"excerpt":{"rendered":"<p>S\u0103 mergem \u00eentr-o aventur\u0103! Tipi fermec\u0103tor din bumbac pentru camera de copii Nordic Sytle, cu culori \u0219i materiale naturale.<\/p>","protected":false},"featured_media":241,"comment_status":"closed","ping_status":"closed","template":"","meta":{"_acf_changed":false,"_kad_post_transparent":"default","_kad_post_title":"","_kad_post_layout":"default","_kad_post_sidebar_id":"","_kad_post_content_style":"default","_kad_post_vertical_padding":"default","_kad_post_feature":"","_kad_post_feature_position":"","_kad_post_header":false,"_kad_post_footer":false,"_kad_post_classname":""},"pwb-brand":[17],"product_brand":[],"product_cat":[47,48],"product_tag":[],"gyarto":[],"class_list":{"0":"post-1062","1":"product","2":"type-product","3":"status-publish","4":"has-post-thumbnail","6":"pwb-brand-bloomingville","7":"product_cat-kids","8":"product_cat-toy","9":"pa_colour-nature","10":"pa_material-cotton","12":"first","13":"instock","14":"taxable","15":"shipping-taxable","16":"purchasable","17":"product-type-simple","18":"entry","19":"content-bg","20":"loop-entry"},"acf":[],"brands":[{"id":17,"name":"Bloomingville","slug":"bloomingville"}],"_links":{"self":[{"href":"https:\/\/yournordichome.com\/ro\/wp-json\/wp\/v2\/product\/1062","targetHints":{"allow":["GET"]}}],"collection":[{"href":"https:\/\/yournordichome.com\/ro\/wp-json\/wp\/v2\/product"}],"about":[{"href":"https:\/\/yournordichome.com\/ro\/wp-json\/wp\/v2\/types\/product"}],"replies":[{"embeddable":true,"href":"https:\/\/yournordichome.com\/ro\/wp-json\/wp\/v2\/comments?post=1062"}],"wp:featuredmedia":[{"embeddable":true,"href":"https:\/\/yournordichome.com\/ro\/wp-json\/wp\/v2\/media\/241"}],"wp:attachment":[{"href":"https:\/\/yournordichome.com\/ro\/wp-json\/wp\/v2\/media?parent=1062"}],"wp:term":[{"taxonomy":"pwb-brand","embeddable":true,"href":"https:\/\/yournordichome.com\/ro\/wp-json\/wp\/v2\/pwb-brand?post=1062"},{"taxonomy":"product_brand","embeddable":true,"href":"https:\/\/yournordichome.com\/ro\/wp-json\/wp\/v2\/product_brand?post=1062"},{"taxonomy":"product_cat","embeddable":true,"href":"https:\/\/yournordichome.com\/ro\/wp-json\/wp\/v2\/product_cat?post=1062"},{"taxonomy":"product_tag","embeddable":true,"href":"https:\/\/yournordichome.com\/ro\/wp-json\/wp\/v2\/product_tag?post=1062"},{"taxonomy":"gyarto","embeddable":true,"href":"https:\/\/yournordichome.com\/ro\/wp-json\/wp\/v2\/gyarto?post=1062"}],"curies":[{"name":"wp","href":"https:\/\/api.w.org\/{rel}","templated":true}]}}