{"id":3294,"date":"2023-10-14T12:22:54","date_gmt":"2023-10-14T12:22:54","guid":{"rendered":"https:\/\/yournordichome.com\/?page_id=3294"},"modified":"2023-10-14T12:22:54","modified_gmt":"2023-10-14T12:22:54","slug":"politica-de-returnare","status":"publish","type":"page","link":"https:\/\/yournordichome.com\/ro\/return-policy\/","title":{"rendered":"Politica de returnare"},"content":{"rendered":"<p>Dac\u0103 a existat o problem\u0103 cu expedierea dvs., v\u0103 rug\u0103m s\u0103 ne contacta\u021bi la contact@yournordichome.com. Aceasta include probleme precum deteriorarea transportului, produse defecte sau, \u00een orice alt mod, comenzi incorecte. Dac\u0103 coletul sose\u0219te \u00een stare proast\u0103 \u0219i produsele din interior lipsesc sau sunt deteriorate, va trebui, de asemenea, s\u0103 face\u021bi o pl\u00e2ngere la compania de livrare, de exemplu GLS sau serviciul local de livrare aplicabil, direct dup\u0103 descoperirea problemei.<\/p>\n<p>V\u0103 rug\u0103m s\u0103 re\u021bine\u021bi c\u0103 avem \u00eentotdeauna nevoie de o dovad\u0103 fotografic\u0103 a coletului \u0219i a articolelor deteriorate trimise prin e-mail pentru a trata reclama\u021bia dumneavoastr\u0103. Dac\u0103 returna\u021bi un produs, dup\u0103 ce v-a\u021bi \u00een\u021beles cu unul dintre reprezentan\u021bii serviciului nostru pentru clien\u021bi, folosi\u021bi ambalajul original \u0219i marca\u021bi coletul de retur cu \u2018RETURN\u2019. Returna\u021bi coletul la adresa: Petho Laszlone, 1212 Budapest, Kikoto utca 2-8\/A, HUNGARY.<\/p>\n<p>Dac\u0103 nu sunte\u021bi complet mul\u021bumit de produsele dvs., ni le pute\u021bi returna. YourNordicHome respect\u0103 Directiva Uniunii Europene privind comer\u021bul electronic. Acest lucru \u00eenseamn\u0103 c\u0103 ave\u021bi posibilitatea de a v\u0103 anula contractul \u00een termen de 365 de zile, f\u0103r\u0103 a ne oferi un motiv.<\/p>\n<p>V\u0103 recomand\u0103m insistent s\u0103 utiliza\u021bi un serviciu de transport cu urm\u0103rire \u0219i asigurat \u00een cazul return\u0103rii unui produs. Nu este obligatoriu, dar v\u0103 recomand\u0103m s\u0103 utiliza\u021bi ambalajul original sau un ambalaj similar pentru a evita deteriorarea atunci c\u00e2nd ne returna\u021bi un produs.<\/p>\n<p>Perioada de anulare va expira dup\u0103 365 de zile de la data la care dumneavoastr\u0103 sau o ter\u021b\u0103 parte, alta dec\u00e2t transportatorul, a\u021bi intrat \u00een posesia fizic\u0103 a ultimului bun.<\/p>\n<p>Pentru a v\u0103 exercita dreptul de anulare, trebuie s\u0103 ne informa\u021bi (contact@yournordichome.com, Petho Laszlone, 1212 Budapest, Kikoto utca 2-8\/A, HUNGARY) cu privire la decizia dumneavoastr\u0103 de a anula acest contract, trimi\u021b\u00e2ndu-ne o declara\u021bie clar\u0103. Acest lucru se poate face prin e-mail.<\/p>\n<p>Dac\u0103 v\u0103 folosi\u021bi dreptul de a returna un produs, costul direct al return\u0103rii bunurilor va fi pl\u0103tit de dvs. V\u0103 rug\u0103m s\u0103 v\u0103 asigura\u021bi c\u0103 \u00eempacheta\u021bi bine bunurile returnate, pentru a evita deteriorarea transportului. Trebuie s\u0103 trimite\u021bi \u00eenapoi bunurile f\u0103r\u0103 \u00eent\u00e2rziere \u0219i, \u00een orice caz, nu mai t\u00e2rziu de 14 zile de la data la care ne comunica\u021bi rezilierea acestui contract.<\/p>\n<p>Dreptul de renun\u021bare nu se aplic\u0103 urm\u0103toarelor tipuri de contracte: Contracte de furnizare de bunuri care sunt fabricate \u00een conformitate cu specifica\u021biile consumatorului sau sunt clar personalizate.<\/p>\n<p>Dac\u0103 anula\u021bi acest contract, v\u0103 vom rambursa toate pl\u0103\u021bile primite de la dumneavoastr\u0103, inclusiv costurile de livrare. \u00cen cazul \u00een care numai o parte a unei comenzi este trimis\u0103 ca retur, costurile de livrare nu vor fi rambursate.<\/p>\n<p>Putem re\u021bine rambursarea p\u00e2n\u0103 c\u00e2nd primim bunurile \u00eenapoi. Putem face o deducere din rambursare pentru pierderea de valoare a oric\u0103ror bunuri furnizate, \u00een cazul \u00een care pierderea este rezultatul manipul\u0103rii inutile de c\u0103tre dumneavoastr\u0103, alta dec\u00e2t cea necesar\u0103 pentru a stabili natura, caracteristicile \u0219i func\u021bionarea bunurilor.<\/p>","protected":false},"excerpt":{"rendered":"<p>If there was a problem with your shipment, please contact us at contact@yournordichome.com. This includes problems such as transportation damage, defective products, or in any other way incorrect orders. If the parcel arrives in bad condition and the products inside are missing or damaged, you will also need to make a complaint to the delivering&#8230;<\/p>","protected":false},"author":2,"featured_media":0,"parent":0,"menu_order":0,"comment_status":"closed","ping_status":"closed","template":"","meta":{"_acf_changed":false,"_kad_post_transparent":"","_kad_post_title":"","_kad_post_layout":"","_kad_post_sidebar_id":"","_kad_post_content_style":"","_kad_post_vertical_padding":"","_kad_post_feature":"","_kad_post_feature_position":"","_kad_post_header":false,"_kad_post_footer":false,"_kad_post_classname":"","footnotes":""},"class_list":["post-3294","page","type-page","status-publish","hentry"],"acf":[],"_links":{"self":[{"href":"https:\/\/yournordichome.com\/ro\/wp-json\/wp\/v2\/pages\/3294","targetHints":{"allow":["GET"]}}],"collection":[{"href":"https:\/\/yournordichome.com\/ro\/wp-json\/wp\/v2\/pages"}],"about":[{"href":"https:\/\/yournordichome.com\/ro\/wp-json\/wp\/v2\/types\/page"}],"author":[{"embeddable":true,"href":"https:\/\/yournordichome.com\/ro\/wp-json\/wp\/v2\/users\/2"}],"replies":[{"embeddable":true,"href":"https:\/\/yournordichome.com\/ro\/wp-json\/wp\/v2\/comments?post=3294"}],"version-history":[{"count":1,"href":"https:\/\/yournordichome.com\/ro\/wp-json\/wp\/v2\/pages\/3294\/revisions"}],"predecessor-version":[{"id":3295,"href":"https:\/\/yournordichome.com\/ro\/wp-json\/wp\/v2\/pages\/3294\/revisions\/3295"}],"wp:attachment":[{"href":"https:\/\/yournordichome.com\/ro\/wp-json\/wp\/v2\/media?parent=3294"}],"curies":[{"name":"wp","href":"https:\/\/api.w.org\/{rel}","templated":true}]}}