{"id":3288,"date":"2023-10-14T11:06:36","date_gmt":"2023-10-14T11:06:36","guid":{"rendered":"https:\/\/yournordichome.com\/?page_id=3288"},"modified":"2023-10-14T11:16:32","modified_gmt":"2023-10-14T11:16:32","slug":"despre-noi","status":"publish","type":"page","link":"https:\/\/yournordichome.com\/ro\/about-us\/","title":{"rendered":"Despre noi"},"content":{"rendered":"<p><strong>Casa ta nordic\u0103<\/strong> ofer\u0103 o mare selec\u021bie de produse de design interior \u00een stil nordic de la mai multe m\u0103rci.<\/p>\n<p>Trimitem produse \u00een majoritatea \u021b\u0103rilor UE \u00een acest moment, consulta\u021bi pagina noastr\u0103 <a href=\"https:\/\/yournordichome.com\/ro\/informatii-privind-expedierea\/\">Informa\u021bii privind expedierea<\/a>.<\/p>\n<p>Lucr\u0103m cu produse de decora\u021biuni interioare \u00een stil scandinav din 2017, c\u00e2nd am deschis magazinul nostru online local \u00een Ungaria, <a href=\"https:\/\/deerdecor.hu\/\" target=\"_blank\" rel=\"noopener\">DeerDecor<\/a>. Your Nordic Home este extinderea activit\u0103\u021bilor noastre \u00een afara grani\u021belor noastre.<\/p>\n<p>Scopul nostru este s\u0103 v\u0103 oferim produse frumoase, de o calitate excelent\u0103, \u0219i lucr\u0103m \u00een mod constant pentru a v\u0103 oferi o gam\u0103 din ce \u00een ce mai larg\u0103 \u0219i pentru a face serviciile noastre din ce \u00een ce mai bune.<\/p>\n<p>Sper\u0103m c\u0103 ve\u021bi g\u0103si inspira\u021bie pentru casa dumneavoastr\u0103 nordic\u0103!<\/p>\n<p>Detalii de contact:<br \/>\nPeth\u0151 L\u00e1szl\u00f3n\u00e9 EV (TVA UE: HU57890364)<br \/>\ncontact@yournordichome.com<br \/>\nKikoto 2.<br \/>\n1212 Budapesta<br \/>\nUngaria<\/p>","protected":false},"excerpt":{"rendered":"<p>Your Nordic Home offers a great selection of Nordic style interior design products from several brands. We are shipping to most EU countries at the moment, check out our Shipping information. We are working with Scandinavian style home decor products since 2017, when we started our local webshop in Hungary, DeerDecor. Your Nordic Home is&#8230;<\/p>","protected":false},"author":2,"featured_media":0,"parent":0,"menu_order":0,"comment_status":"closed","ping_status":"closed","template":"","meta":{"_acf_changed":false,"_kad_post_transparent":"","_kad_post_title":"","_kad_post_layout":"","_kad_post_sidebar_id":"","_kad_post_content_style":"","_kad_post_vertical_padding":"","_kad_post_feature":"","_kad_post_feature_position":"","_kad_post_header":false,"_kad_post_footer":false,"_kad_post_classname":"","footnotes":""},"class_list":["post-3288","page","type-page","status-publish","hentry"],"acf":[],"_links":{"self":[{"href":"https:\/\/yournordichome.com\/ro\/wp-json\/wp\/v2\/pages\/3288","targetHints":{"allow":["GET"]}}],"collection":[{"href":"https:\/\/yournordichome.com\/ro\/wp-json\/wp\/v2\/pages"}],"about":[{"href":"https:\/\/yournordichome.com\/ro\/wp-json\/wp\/v2\/types\/page"}],"author":[{"embeddable":true,"href":"https:\/\/yournordichome.com\/ro\/wp-json\/wp\/v2\/users\/2"}],"replies":[{"embeddable":true,"href":"https:\/\/yournordichome.com\/ro\/wp-json\/wp\/v2\/comments?post=3288"}],"version-history":[{"count":2,"href":"https:\/\/yournordichome.com\/ro\/wp-json\/wp\/v2\/pages\/3288\/revisions"}],"predecessor-version":[{"id":3292,"href":"https:\/\/yournordichome.com\/ro\/wp-json\/wp\/v2\/pages\/3288\/revisions\/3292"}],"wp:attachment":[{"href":"https:\/\/yournordichome.com\/ro\/wp-json\/wp\/v2\/media?parent=3288"}],"curies":[{"name":"wp","href":"https:\/\/api.w.org\/{rel}","templated":true}]}}