{"id":3286,"date":"2023-10-14T10:57:32","date_gmt":"2023-10-14T10:57:32","guid":{"rendered":"https:\/\/yournordichome.com\/?page_id=3286"},"modified":"2023-10-14T10:57:32","modified_gmt":"2023-10-14T10:57:32","slug":"contact","status":"publish","type":"page","link":"https:\/\/yournordichome.com\/ro\/contact\/","title":{"rendered":"Persoan\u0103 de contact"},"content":{"rendered":"<p><strong>Contacta\u021bi-ne la: contact@yournordichome.com<\/strong><\/p>\n<p>Orele de deschidere: Luni - Vineri: 9:00 AM - 05:00 PM (CET)<\/p>\n<p>\u00cen acest moment, nu oferim servicii pentru clien\u021bi prin telefon, \u00eens\u0103 r\u0103spundem foarte rapid la e-mailuri!<\/p>\n<p>Ave\u021bi \u00eentreb\u0103ri cu privire la produse sau livrare? Nu ezita\u021bi s\u0103 ne contacta\u021bi \u0219i v\u0103 vom contacta c\u00e2t de repede putem! Scopul nostru este s\u0103 r\u0103spundem rapid la toate \u00eentreb\u0103rile dumneavoastr\u0103. Suntem aici pentru a v\u0103 ajuta!<\/p>","protected":false},"excerpt":{"rendered":"<p>Contact us at: contact@yournordichome.com Opening hours: Monday &#8211; Friday: 9:00 AM &#8211; 05:00 PM (CET) At the moment, we do not offer customer service by phone, however we are very fast at replying to emails! Do you have any questions about the products or delivery? Feel free to contact us, and we will reach out&#8230;<\/p>","protected":false},"author":2,"featured_media":0,"parent":0,"menu_order":0,"comment_status":"closed","ping_status":"closed","template":"","meta":{"_acf_changed":false,"_kad_post_transparent":"","_kad_post_title":"","_kad_post_layout":"","_kad_post_sidebar_id":"","_kad_post_content_style":"","_kad_post_vertical_padding":"","_kad_post_feature":"","_kad_post_feature_position":"","_kad_post_header":false,"_kad_post_footer":false,"_kad_post_classname":"","footnotes":""},"class_list":["post-3286","page","type-page","status-publish","hentry"],"acf":[],"_links":{"self":[{"href":"https:\/\/yournordichome.com\/ro\/wp-json\/wp\/v2\/pages\/3286","targetHints":{"allow":["GET"]}}],"collection":[{"href":"https:\/\/yournordichome.com\/ro\/wp-json\/wp\/v2\/pages"}],"about":[{"href":"https:\/\/yournordichome.com\/ro\/wp-json\/wp\/v2\/types\/page"}],"author":[{"embeddable":true,"href":"https:\/\/yournordichome.com\/ro\/wp-json\/wp\/v2\/users\/2"}],"replies":[{"embeddable":true,"href":"https:\/\/yournordichome.com\/ro\/wp-json\/wp\/v2\/comments?post=3286"}],"version-history":[{"count":1,"href":"https:\/\/yournordichome.com\/ro\/wp-json\/wp\/v2\/pages\/3286\/revisions"}],"predecessor-version":[{"id":3287,"href":"https:\/\/yournordichome.com\/ro\/wp-json\/wp\/v2\/pages\/3286\/revisions\/3287"}],"wp:attachment":[{"href":"https:\/\/yournordichome.com\/ro\/wp-json\/wp\/v2\/media?parent=3286"}],"curies":[{"name":"wp","href":"https:\/\/api.w.org\/{rel}","templated":true}]}}