{"id":826,"date":"2023-05-09T17:45:16","date_gmt":"2023-05-09T17:45:16","guid":{"rendered":"https:\/\/yournordichome.com\/product\/christmas-advent-calendar\/"},"modified":"2025-08-03T11:17:04","modified_gmt":"2025-08-03T11:17:04","slug":"swiateczny-kalendarz-adwentowy","status":"publish","type":"product","link":"https:\/\/yournordichome.com\/pl\/product\/christmas-advent-calendar\/","title":{"rendered":"\u015awi\u0105teczny kalendarz adwentowy"},"content":{"rendered":"<p>Materia\u0142: MDF<br \/>\nRozmiar:<br \/>\nSzeroko\u015b\u0107: 75 cm<br \/>\nWysoko\u015b\u0107: 20 cm<\/p>","protected":false},"excerpt":{"rendered":"<p>\u015awi\u0105teczny kalendarz adwentowy w skandynawskim stylu, kt\u00f3ry co roku mo\u017cesz ozdobi\u0107 nowymi niespodziankami!<\/p>\n<p>Wspania\u0142e wzory, minimalistyczny design, pi\u0119kne kolory.<\/p>","protected":false},"featured_media":245,"comment_status":"closed","ping_status":"closed","template":"","meta":{"_acf_changed":false,"_kad_post_transparent":"default","_kad_post_title":"","_kad_post_layout":"default","_kad_post_sidebar_id":"","_kad_post_content_style":"default","_kad_post_vertical_padding":"default","_kad_post_feature":"","_kad_post_feature_position":"","_kad_post_header":false,"_kad_post_footer":false,"_kad_post_classname":""},"pwb-brand":[17],"product_brand":[],"product_cat":[47,48],"product_tag":[38,24,26],"gyarto":[],"class_list":{"0":"post-826","1":"product","2":"type-product","3":"status-publish","4":"has-post-thumbnail","6":"pwb-brand-bloomingville","7":"product_cat-kids","8":"product_cat-toy","9":"product_tag-christmas-decoration","10":"product_tag-christmas-gift-ideas","11":"product_tag-nordic-home-decor","12":"pa_colour-multi","13":"pa_material-mdf","15":"first","16":"instock","17":"purchasable","18":"product-type-simple","19":"entry","20":"content-bg","21":"loop-entry"},"acf":[],"brands":[{"id":17,"name":"Bloomingville","slug":"bloomingville"}],"_links":{"self":[{"href":"https:\/\/yournordichome.com\/pl\/wp-json\/wp\/v2\/product\/826","targetHints":{"allow":["GET"]}}],"collection":[{"href":"https:\/\/yournordichome.com\/pl\/wp-json\/wp\/v2\/product"}],"about":[{"href":"https:\/\/yournordichome.com\/pl\/wp-json\/wp\/v2\/types\/product"}],"replies":[{"embeddable":true,"href":"https:\/\/yournordichome.com\/pl\/wp-json\/wp\/v2\/comments?post=826"}],"wp:featuredmedia":[{"embeddable":true,"href":"https:\/\/yournordichome.com\/pl\/wp-json\/wp\/v2\/media\/245"}],"wp:attachment":[{"href":"https:\/\/yournordichome.com\/pl\/wp-json\/wp\/v2\/media?parent=826"}],"wp:term":[{"taxonomy":"pwb-brand","embeddable":true,"href":"https:\/\/yournordichome.com\/pl\/wp-json\/wp\/v2\/pwb-brand?post=826"},{"taxonomy":"product_brand","embeddable":true,"href":"https:\/\/yournordichome.com\/pl\/wp-json\/wp\/v2\/product_brand?post=826"},{"taxonomy":"product_cat","embeddable":true,"href":"https:\/\/yournordichome.com\/pl\/wp-json\/wp\/v2\/product_cat?post=826"},{"taxonomy":"product_tag","embeddable":true,"href":"https:\/\/yournordichome.com\/pl\/wp-json\/wp\/v2\/product_tag?post=826"},{"taxonomy":"gyarto","embeddable":true,"href":"https:\/\/yournordichome.com\/pl\/wp-json\/wp\/v2\/gyarto?post=826"}],"curies":[{"name":"wp","href":"https:\/\/api.w.org\/{rel}","templated":true}]}}