{"id":825,"date":"2023-05-09T17:45:16","date_gmt":"2023-05-09T17:45:16","guid":{"rendered":"https:\/\/yournordichome.com\/product\/baby-play-mat-pink-cotton\/"},"modified":"2025-08-03T11:18:01","modified_gmt":"2025-08-03T11:18:01","slug":"mata-do-zabawy-dla-niemowlat-rozowa-bawelna","status":"publish","type":"product","link":"https:\/\/yournordichome.com\/pl\/product\/baby-play-mat-pink-cotton\/","title":{"rendered":"Mata do zabawy dla niemowl\u0105t - r\u00f3\u017cowa - bawe\u0142na"},"content":{"rendered":"<p>Mata do zabawy dla niemowl\u0105t wykonana z bawe\u0142ny. R\u00f3\u017cowa z \u0142adnym wzorem. Mo\u017cna j\u0105 zwin\u0105\u0107, zawiesi\u0107 na ramieniu i w ten spos\u00f3b \u0142atwo transportowa\u0107. Nadaje si\u0119 do zabawy w domu, ale mo\u017cna j\u0105 r\u00f3wnie\u017c roz\u0142o\u017cy\u0107 na zewn\u0105trz.<\/p>\n<p>Materia\u0142: 100% bawe\u0142na<br \/>\nWype\u0142nienie: 100% poliester<br \/>\nSTANDARD 100 by OEKO-TEX\u00ae<\/p>\n<p>Rozmiar: 100 x 100 cm<\/p>\n<p>Pralka: w temperaturze 30 stopni.<\/p>","protected":false},"excerpt":{"rendered":"<p>Mi\u0119kka mata do zabawy dla dzieci STANDARD 100 by OEKO-TEX\u00ae na piknik lub do domu. R\u00f3\u017cowa, z wzorem spadaj\u0105cego kr\u00f3liczka i chmurkami na plecach. Mo\u017cna j\u0105 zwin\u0105\u0107 i \u0142atwo przenosi\u0107.<\/p>\n<p>100 x 100 cm.<\/p>","protected":false},"featured_media":39,"comment_status":"closed","ping_status":"closed","template":"","meta":{"_acf_changed":false,"_kad_post_transparent":"default","_kad_post_title":"","_kad_post_layout":"default","_kad_post_sidebar_id":"","_kad_post_content_style":"default","_kad_post_vertical_padding":"default","_kad_post_feature":"","_kad_post_feature_position":"","_kad_post_header":false,"_kad_post_footer":false,"_kad_post_classname":""},"pwb-brand":[17],"product_brand":[],"product_cat":[77,47],"product_tag":[24],"gyarto":[],"class_list":{"0":"post-825","1":"product","2":"type-product","3":"status-publish","4":"has-post-thumbnail","6":"pwb-brand-bloomingville","7":"product_cat-childrens-furniture","8":"product_cat-kids","9":"product_tag-christmas-gift-ideas","10":"pa_colour-pink","11":"pa_material-cotton","13":"first","14":"instock","15":"taxable","16":"shipping-taxable","17":"purchasable","18":"product-type-simple","19":"entry","20":"content-bg","21":"loop-entry"},"acf":[],"brands":[{"id":17,"name":"Bloomingville","slug":"bloomingville"}],"_links":{"self":[{"href":"https:\/\/yournordichome.com\/pl\/wp-json\/wp\/v2\/product\/825","targetHints":{"allow":["GET"]}}],"collection":[{"href":"https:\/\/yournordichome.com\/pl\/wp-json\/wp\/v2\/product"}],"about":[{"href":"https:\/\/yournordichome.com\/pl\/wp-json\/wp\/v2\/types\/product"}],"replies":[{"embeddable":true,"href":"https:\/\/yournordichome.com\/pl\/wp-json\/wp\/v2\/comments?post=825"}],"wp:featuredmedia":[{"embeddable":true,"href":"https:\/\/yournordichome.com\/pl\/wp-json\/wp\/v2\/media\/39"}],"wp:attachment":[{"href":"https:\/\/yournordichome.com\/pl\/wp-json\/wp\/v2\/media?parent=825"}],"wp:term":[{"taxonomy":"pwb-brand","embeddable":true,"href":"https:\/\/yournordichome.com\/pl\/wp-json\/wp\/v2\/pwb-brand?post=825"},{"taxonomy":"product_brand","embeddable":true,"href":"https:\/\/yournordichome.com\/pl\/wp-json\/wp\/v2\/product_brand?post=825"},{"taxonomy":"product_cat","embeddable":true,"href":"https:\/\/yournordichome.com\/pl\/wp-json\/wp\/v2\/product_cat?post=825"},{"taxonomy":"product_tag","embeddable":true,"href":"https:\/\/yournordichome.com\/pl\/wp-json\/wp\/v2\/product_tag?post=825"},{"taxonomy":"gyarto","embeddable":true,"href":"https:\/\/yournordichome.com\/pl\/wp-json\/wp\/v2\/gyarto?post=825"}],"curies":[{"name":"wp","href":"https:\/\/api.w.org\/{rel}","templated":true}]}}