{"id":819,"date":"2023-05-09T17:45:16","date_gmt":"2023-05-09T17:45:16","guid":{"rendered":"https:\/\/yournordichome.com\/product\/kitchen-cloth-with-palm-tree\/"},"modified":"2025-08-03T11:20:21","modified_gmt":"2025-08-03T11:20:21","slug":"sciereczka-kuchenna-z-palma","status":"publish","type":"product","link":"https:\/\/yournordichome.com\/pl\/product\/kitchen-cloth-with-palm-tree\/","title":{"rendered":"\u015aciereczka kuchenna - z palm\u0105"},"content":{"rendered":"<p>R\u0119cznik kuchenny z nadrukowanym wzorem.<\/p>\n<p>Wymiary produktu: L70xW50 cm<br \/>\nSk\u0142ad: 100% Bawe\u0142na<br \/>\nWybielanie: Nie<br \/>\nWyko\u0144czenie kolorystyczne: Nadruk<br \/>\nCzyszczenie na sucho: Nie<br \/>\nSuszarka b\u0119bnowa: niska<br \/>\nPrasowanie: \u015aredni<br \/>\nWyko\u0144czenie produktu: Tkane<br \/>\nInstrukcja prania: Pra\u0107 w pralce w temperaturze 30 stopni<\/p>","protected":false},"excerpt":{"rendered":"<p>Super mi\u0119kki i ch\u0142onny r\u0119cznik kuchenny z eleganckim i modnym wzorem d\u0142oni.<\/p>","protected":false},"featured_media":412,"comment_status":"closed","ping_status":"closed","template":"","meta":{"_acf_changed":false,"_kad_post_transparent":"default","_kad_post_title":"","_kad_post_layout":"default","_kad_post_sidebar_id":"","_kad_post_content_style":"default","_kad_post_vertical_padding":"default","_kad_post_feature":"","_kad_post_feature_position":"","_kad_post_header":false,"_kad_post_footer":false,"_kad_post_classname":""},"pwb-brand":[17],"product_brand":[],"product_cat":[299,36],"product_tag":[24],"gyarto":[],"class_list":{"0":"post-819","1":"product","2":"type-product","3":"status-publish","4":"has-post-thumbnail","6":"pwb-brand-bloomingville","7":"product_cat-kitchen-accessories","8":"product_cat-kitchen-and-dining","9":"product_tag-christmas-gift-ideas","10":"pa_colour-green","11":"pa_colour-white","12":"pa_material-cotton","14":"first","15":"instock","16":"taxable","17":"shipping-taxable","18":"purchasable","19":"product-type-simple","20":"entry","21":"content-bg","22":"loop-entry"},"acf":[],"brands":[{"id":17,"name":"Bloomingville","slug":"bloomingville"}],"_links":{"self":[{"href":"https:\/\/yournordichome.com\/pl\/wp-json\/wp\/v2\/product\/819","targetHints":{"allow":["GET"]}}],"collection":[{"href":"https:\/\/yournordichome.com\/pl\/wp-json\/wp\/v2\/product"}],"about":[{"href":"https:\/\/yournordichome.com\/pl\/wp-json\/wp\/v2\/types\/product"}],"replies":[{"embeddable":true,"href":"https:\/\/yournordichome.com\/pl\/wp-json\/wp\/v2\/comments?post=819"}],"wp:featuredmedia":[{"embeddable":true,"href":"https:\/\/yournordichome.com\/pl\/wp-json\/wp\/v2\/media\/412"}],"wp:attachment":[{"href":"https:\/\/yournordichome.com\/pl\/wp-json\/wp\/v2\/media?parent=819"}],"wp:term":[{"taxonomy":"pwb-brand","embeddable":true,"href":"https:\/\/yournordichome.com\/pl\/wp-json\/wp\/v2\/pwb-brand?post=819"},{"taxonomy":"product_brand","embeddable":true,"href":"https:\/\/yournordichome.com\/pl\/wp-json\/wp\/v2\/product_brand?post=819"},{"taxonomy":"product_cat","embeddable":true,"href":"https:\/\/yournordichome.com\/pl\/wp-json\/wp\/v2\/product_cat?post=819"},{"taxonomy":"product_tag","embeddable":true,"href":"https:\/\/yournordichome.com\/pl\/wp-json\/wp\/v2\/product_tag?post=819"},{"taxonomy":"gyarto","embeddable":true,"href":"https:\/\/yournordichome.com\/pl\/wp-json\/wp\/v2\/gyarto?post=819"}],"curies":[{"name":"wp","href":"https:\/\/api.w.org\/{rel}","templated":true}]}}