{"id":7824,"date":"2025-08-22T14:44:28","date_gmt":"2025-08-22T14:44:28","guid":{"rendered":"https:\/\/yournordichome.com\/product\/charcoal-seagrass-rug-with-2-sides\/"},"modified":"2025-08-22T14:44:37","modified_gmt":"2025-08-22T14:44:37","slug":"dywan-z-trawy-morskiej-w-kolorze-wegla-drzewnego-z-2-stronami","status":"publish","type":"product","link":"https:\/\/yournordichome.com\/pl\/product\/charcoal-seagrass-rug-with-2-sides\/","title":{"rendered":"Dywan z trawy morskiej w kolorze grafitowym z 2 stronami"},"content":{"rendered":"<p>Jednym z najpi\u0119kniejszych produkt\u00f3w marki Madam Stoltz jest dywan Charcoal Seagrass Rug 180 x 270 cm, kt\u00f3ry oferuje pi\u0119kno naturalnych materia\u0142\u00f3w i harmoni\u0119 nowoczesnego stylu w Twoim domu. Ten r\u0119cznie tkany dywan zosta\u0142 zaprojektowany z my\u015bl\u0105 o mi\u0142o\u015bnikach skandynawskiego i nowoczesnego wystroju wn\u0119trz: jego naturalne i antracytowe odcienie tworz\u0105 wyj\u0105tkowy, subtelny kontrast, tworz\u0105c w ten spos\u00f3b wyrafinowany, ale charakterystyczny efekt w ka\u017cdym wn\u0119trzu. Figlarno\u015b\u0107 geometrycznego wzoru i tekstura naturalnych w\u0142\u00f3kien tworz\u0105 razem intymn\u0105, domow\u0105 atmosfer\u0119, kt\u00f3ra sprawia, \u017ce ka\u017cde pomieszczenie jest zach\u0119caj\u0105ce i stylowe.<\/p>\n<p>G\u0142\u00f3wnym materia\u0142em dywanu Charcoal Seagrass Rug 180 x 270 cm s\u0105 wodorosty 70% i bawe\u0142na 30%, dzi\u0119ki czemu jest on niezwykle trwa\u0142y i ponadczasowy, zachowuj\u0105c jednocze\u015bnie mi\u0119kki, naturalny dotyk. Dywan mo\u017ce by\u0107 u\u017cywany z obu stron: w zale\u017cno\u015bci od tego, czy chcesz podkre\u015bli\u0107 bardziej pow\u015bci\u0105gliwy, ja\u015bniejszy lub odwa\u017cniejszy, ciemniejszy odcie\u0144 w swoim domu. Ze wzgl\u0119du na du\u017cy wz\u00f3r, jest to idealny wyb\u00f3r do przestronnego salonu, jadalni lub przytulnego k\u0105cika do czytania, gdzie mi\u0119kka powierzchnia, naturalne kolory i ekscytuj\u0105cy wz\u00f3r dywanu wprowadzaj\u0105 radosn\u0105 atmosfer\u0119 do przestrzeni ka\u017cdego dnia. Ponadto, dzi\u0119ki swojej naturalno\u015bci, doskonale pasuje do mieszka\u0144, w kt\u00f3rych wa\u017cna jest r\u00f3wnowaga mi\u0119dzy zr\u00f3wnowa\u017conym rozwojem a charakterystycznym wzornictwem.<\/p>\n<h2>Wymiary produktu<\/h2>\n<p>Wymiary produktu: 180 x 270 cm<br \/>\nMateria\u0142: 70% trawa morska, 30% bawe\u0142na<br \/>\nKolor: naturalny, w\u0119giel drzewny<br \/>\nWskaz\u00f3wki dotycz\u0105ce piel\u0119gnacji: Tylko odkurza\u0107 i od\u015bwie\u017ca\u0107 na zewn\u0105trz<\/p>\n<h2>Dlaczego warto wybra\u0107 dywan z trawy morskiej Charcoal z 2 stronami?<\/h2>\n<p>- R\u0119cznie tkany, wysokiej jako\u015bci dywan w stylu Madam Stoltz<br \/>\n- Naturalna mieszanka trawy morskiej i bawe\u0142ny: trwa\u0142a, ponadczasowa, tworzy przyjazn\u0105 atmosfer\u0119<br \/>\n- Mo\u017ce by\u0107 u\u017cywany po obu stronach - \u0142atwo zmieni\u0107 atmosfer\u0119 w pomieszczeniu<br \/>\n- Wyj\u0105tkowy, ale subtelny geometryczny wz\u00f3r<br \/>\n- Stylowy wyb\u00f3r do wn\u0119trz w stylu skandynawskim, nowoczesnym lub naturalnym<br \/>\n- \u0141atwe czyszczenie: odkurzanie, od\u015bwie\u017canie na \u015bwie\u017cym powietrzu<\/p>\n<h2>Gdzie wygl\u0105da najlepiej?<\/h2>\n<p>- Pod sof\u0105 w salonie, gdzie promieniuje ciep\u0142em i naturalno\u015bci\u0105<br \/>\n- Pod sto\u0142em w jadalni, podkre\u015blaj\u0105c atmosfer\u0119 spotka\u0144 rodzinnych lub z przyjaci\u00f3\u0142mi<br \/>\n- W przestronnej sypialni, obok \u0142\u00f3\u017cka jako mi\u0119kka w dotyku powierzchnia<br \/>\n- W przytulnym k\u0105ciku do czytania lub gabinecie, gdzie tekstura tworzy harmoni\u0119<br \/>\n- W domach w stylu loftowym, minimalistycznym lub przyjaznym naturze<\/p>\n<p>Je\u015bli szukasz dywanu wykonanego z naturalnego materia\u0142u, trwa\u0142ego, a jednocze\u015bnie eleganckiego i nowoczesnego w wygl\u0105dzie, dywan z trawy morskiej Charcoal 180 x 270 cm marki Madame Stoltz to idealny wyb\u00f3r. Odkryj z nim najpi\u0119kniejsze oblicze swojego domu!<\/p>","protected":false},"excerpt":{"rendered":"<p>Dywan Charcoal Seagrass o wymiarach 180 x 270 cm wnosi do domu naturaln\u0105 elegancj\u0119 i trwa\u0142o\u015b\u0107, co czyni go idealnym wyborem do skandynawskich lub nowoczesnych wn\u0119trz.<\/p>","protected":false},"featured_media":7717,"comment_status":"closed","ping_status":"open","template":"","meta":{"_acf_changed":false,"_kad_post_transparent":"","_kad_post_title":"","_kad_post_layout":"","_kad_post_sidebar_id":"","_kad_post_content_style":"","_kad_post_vertical_padding":"","_kad_post_feature":"","_kad_post_feature_position":"","_kad_post_header":false,"_kad_post_footer":false,"_kad_post_classname":""},"pwb-brand":[1102],"product_brand":[],"product_cat":[88,65],"product_tag":[1097,82,146,334,398,34,396],"gyarto":[1103],"class_list":{"0":"post-7824","1":"product","2":"type-product","3":"status-publish","4":"has-post-thumbnail","6":"pwb-brand-madam-stoltz","7":"product_cat-rug","8":"product_cat-rugs-and-textiles","9":"product_tag-autumn-winter-2025","10":"product_tag-carpet","11":"product_tag-ethno-style","12":"product_tag-new-arrivals","13":"product_tag-nordic-design","14":"product_tag-nordic-interior-design","15":"product_tag-nordic-style","16":"pa_colour-grey","17":"pa_material-seagrass","18":"gyarto-madam-stoltz","20":"first","21":"instock","22":"taxable","23":"shipping-taxable","24":"purchasable","25":"product-type-simple","26":"entry","27":"content-bg","28":"loop-entry"},"acf":[],"brands":[{"id":1102,"name":"Madam Stoltz","slug":"madam-stoltz"}],"_links":{"self":[{"href":"https:\/\/yournordichome.com\/pl\/wp-json\/wp\/v2\/product\/7824","targetHints":{"allow":["GET"]}}],"collection":[{"href":"https:\/\/yournordichome.com\/pl\/wp-json\/wp\/v2\/product"}],"about":[{"href":"https:\/\/yournordichome.com\/pl\/wp-json\/wp\/v2\/types\/product"}],"replies":[{"embeddable":true,"href":"https:\/\/yournordichome.com\/pl\/wp-json\/wp\/v2\/comments?post=7824"}],"wp:featuredmedia":[{"embeddable":true,"href":"https:\/\/yournordichome.com\/pl\/wp-json\/wp\/v2\/media\/7717"}],"wp:attachment":[{"href":"https:\/\/yournordichome.com\/pl\/wp-json\/wp\/v2\/media?parent=7824"}],"wp:term":[{"taxonomy":"pwb-brand","embeddable":true,"href":"https:\/\/yournordichome.com\/pl\/wp-json\/wp\/v2\/pwb-brand?post=7824"},{"taxonomy":"product_brand","embeddable":true,"href":"https:\/\/yournordichome.com\/pl\/wp-json\/wp\/v2\/product_brand?post=7824"},{"taxonomy":"product_cat","embeddable":true,"href":"https:\/\/yournordichome.com\/pl\/wp-json\/wp\/v2\/product_cat?post=7824"},{"taxonomy":"product_tag","embeddable":true,"href":"https:\/\/yournordichome.com\/pl\/wp-json\/wp\/v2\/product_tag?post=7824"},{"taxonomy":"gyarto","embeddable":true,"href":"https:\/\/yournordichome.com\/pl\/wp-json\/wp\/v2\/gyarto?post=7824"}],"curies":[{"name":"wp","href":"https:\/\/api.w.org\/{rel}","templated":true}]}}