{"id":7817,"date":"2025-08-22T14:43:40","date_gmt":"2025-08-22T14:43:40","guid":{"rendered":"https:\/\/yournordichome.com\/product\/suzani-embroidered-cotton-throw-green\/"},"modified":"2026-01-30T17:20:36","modified_gmt":"2026-01-30T17:20:36","slug":"suzani-haftowana-narzuta-bawelniana-zielona","status":"publish","type":"product","link":"https:\/\/yournordichome.com\/pl\/product\/suzani-embroidered-cotton-throw-green\/","title":{"rendered":"Haftowana bawe\u0142niana narzuta Suzani - zielona"},"content":{"rendered":"<p>Madam Stoltz Suzani Embroidered Cotton Throw in Green to prawdziwy klejnot dla ka\u017cdego domu, czerpi\u0105cy inspiracj\u0119 ze sztuki staro\u017cytnych perskich tkanin. Ten osza\u0142amiaj\u0105cy, r\u0119cznie haftowany koc \u0142\u0105czy autentyczny styl Suzani z wymaganiami nowoczesnego wystroju domu, tworz\u0105c niezwyk\u0142\u0105 atmosfer\u0119 premium w ka\u017cdym wn\u0119trzu. Bia\u0142a podstawa jest jeszcze bardziej wyj\u0105tkowa dzi\u0119ki \u015bwie\u017cym, eleganckim odcieniom zieleni, benzyny, tytoniu i szaro\u015bci, a rozmiar 130\u00d7180 cm sprawia, \u017ce jest to idealny wyb\u00f3r jako narzuta na \u0142\u00f3\u017cko, narzuta lub tkanina dekoracyjna.<\/p>\n<p>Koc Suzani Embroidered Cotton Blanket - Green jest wyj\u0105tkowy nie tylko ze wzgl\u0119du na mi\u0119kki, bawe\u0142niany materia\u0142 100%, ale tak\u017ce dzi\u0119ki \u017cywym motywom kwiatowym, kt\u00f3re imponuj\u0105co odzwierciedlaj\u0105 bogat\u0105 tradycj\u0119 perskiego haftu. Te szczeg\u00f3\u0142owe wzory wnosz\u0105 do domu niepowtarzalny, rzemie\u015blniczy charakter i ciep\u0142o. Paleta kolor\u00f3w ziemi harmonijnie pasuje do inspirowanych natur\u0105, czystych, a nawet eklektycznych wn\u0119trz. Haftowane wzory nie tylko sprawiaj\u0105, \u017ce widok, ale tak\u017ce dotyk jest jeszcze bardziej ekscytuj\u0105cy, przyczyniaj\u0105c si\u0119 w ten spos\u00f3b do przestrzennego do\u015bwiadczenia domu.<\/p>\n<h2>Wymiary produktu<\/h2>\n<p>Wymiary produktu: 130 x 180 cm<br \/>\nMateria\u0142: Bawe\u0142na<br \/>\nKolor: Zgaszony bia\u0142y, zielony, benzyna, tyto\u0144, szary<br \/>\nWskaz\u00f3wki dotycz\u0105ce piel\u0119gnacji: Czy\u015bci\u0107 wy\u0142\u0105cznie chemicznie<\/p>\n<h2>Dlaczego warto wybra\u0107 haftowan\u0105 narzut\u0119 bawe\u0142nian\u0105 Suzani - zielon\u0105?<\/h2>\n<p>- Najwy\u017cszej jako\u015bci bawe\u0142niany materia\u0142 100%, kt\u00f3ry zapewnia mi\u0119kko\u015b\u0107 i trwa\u0142o\u015b\u0107.<br \/>\n- Unikalny, r\u0119cznie haftowany wz\u00f3r Suzani, kt\u00f3ry sprawia, \u017ce ka\u017cdy egzemplarz jest wyj\u0105tkowy.<br \/>\n- Dzi\u0119ki ziemistym kolorom mo\u017cna go \u0142atwo dopasowa\u0107 do ka\u017cdego stylu wn\u0119trza.<br \/>\n- Gwarancja marki Madam Stoltz: niezawodna, designerska kolekcja dekoracji do domu.<br \/>\n- Wszechstronny: idealny jako narzuta na \u0142\u00f3\u017cko, sofa, k\u0105cik wypoczynkowy, a nawet dekoracja \u015bcienna.<\/p>\n<h2>Gdzie wygl\u0105da najlepiej?<\/h2>\n<p>- Na sofie, jako przytulny element centralny w salonie<br \/>\n- Jako narzuta na \u0142\u00f3\u017cko, jako dodatkowa tekstura w sypialni<br \/>\n- W nowoczesnych, minimalistycznych lub eklektycznych domach<br \/>\n- W przytulnych k\u0105cikach do czytania, na relaksuj\u0105ce popo\u0142udnia<br \/>\n- Na ch\u0142odniejszych tarasach, jako koc o zachodzie s\u0142o\u0144ca<br \/>\n- W ka\u017cdym pomieszczeniu, w kt\u00f3rym jeste\u015b mi\u0142o\u015bnikiem wysokiej jako\u015bci wzornictwa i r\u0119cznie wykonanych tekstyli\u00f3w<\/p>\n<p>Dbaj o trwa\u0142o\u015b\u0107 koca Suzani Embroidered Cotton Blanket - Green: wietrz go od czasu do czasu na \u015bwie\u017cym powietrzu lub czy\u015b\u0107 chemicznie tylko w razie potrzeby! Wprowad\u017a atmosfer\u0119 klasycznej sztuki perskiej do swojego domu i uczy\u0144 codzienno\u015b\u0107 wyj\u0105tkow\u0105 dzi\u0119ki temu artystycznemu dzie\u0142u!<\/p>","protected":false},"excerpt":{"rendered":"<p>Koc bawe\u0142niany z haftem Suzani - zielony, najwy\u017cszej jako\u015bci tkanina domowa Madam Stoltz, ozdobiona wyj\u0105tkowymi, ziemistymi kolorami i \u017cywym perskim haftem.<\/p>","protected":false},"featured_media":7787,"comment_status":"closed","ping_status":"closed","template":"","meta":{"_acf_changed":false,"_kad_post_transparent":"default","_kad_post_title":"","_kad_post_layout":"default","_kad_post_sidebar_id":"","_kad_post_content_style":"default","_kad_post_vertical_padding":"default","_kad_post_feature":"","_kad_post_feature_position":"","_kad_post_header":false,"_kad_post_footer":false,"_kad_post_classname":""},"pwb-brand":[1102],"product_brand":[],"product_cat":[66,65],"product_tag":[1097,146,334,398,34,396,376],"gyarto":[1103],"class_list":{"0":"post-7817","1":"product","2":"type-product","3":"status-publish","4":"has-post-thumbnail","6":"pwb-brand-madam-stoltz","7":"product_cat-blanket","8":"product_cat-rugs-and-textiles","9":"product_tag-autumn-winter-2025","10":"product_tag-ethno-style","11":"product_tag-new-arrivals","12":"product_tag-nordic-design","13":"product_tag-nordic-interior-design","14":"product_tag-nordic-style","15":"product_tag-throw","16":"pa_colour-multi","17":"pa_material-cotton","18":"gyarto-madam-stoltz","20":"first","21":"instock","22":"taxable","23":"shipping-taxable","24":"purchasable","25":"product-type-simple","26":"entry","27":"content-bg","28":"loop-entry"},"acf":[],"brands":[{"id":1102,"name":"Madam Stoltz","slug":"madam-stoltz"}],"_links":{"self":[{"href":"https:\/\/yournordichome.com\/pl\/wp-json\/wp\/v2\/product\/7817","targetHints":{"allow":["GET"]}}],"collection":[{"href":"https:\/\/yournordichome.com\/pl\/wp-json\/wp\/v2\/product"}],"about":[{"href":"https:\/\/yournordichome.com\/pl\/wp-json\/wp\/v2\/types\/product"}],"replies":[{"embeddable":true,"href":"https:\/\/yournordichome.com\/pl\/wp-json\/wp\/v2\/comments?post=7817"}],"wp:featuredmedia":[{"embeddable":true,"href":"https:\/\/yournordichome.com\/pl\/wp-json\/wp\/v2\/media\/7787"}],"wp:attachment":[{"href":"https:\/\/yournordichome.com\/pl\/wp-json\/wp\/v2\/media?parent=7817"}],"wp:term":[{"taxonomy":"pwb-brand","embeddable":true,"href":"https:\/\/yournordichome.com\/pl\/wp-json\/wp\/v2\/pwb-brand?post=7817"},{"taxonomy":"product_brand","embeddable":true,"href":"https:\/\/yournordichome.com\/pl\/wp-json\/wp\/v2\/product_brand?post=7817"},{"taxonomy":"product_cat","embeddable":true,"href":"https:\/\/yournordichome.com\/pl\/wp-json\/wp\/v2\/product_cat?post=7817"},{"taxonomy":"product_tag","embeddable":true,"href":"https:\/\/yournordichome.com\/pl\/wp-json\/wp\/v2\/product_tag?post=7817"},{"taxonomy":"gyarto","embeddable":true,"href":"https:\/\/yournordichome.com\/pl\/wp-json\/wp\/v2\/gyarto?post=7817"}],"curies":[{"name":"wp","href":"https:\/\/api.w.org\/{rel}","templated":true}]}}