{"id":7809,"date":"2025-08-22T14:43:40","date_gmt":"2025-08-22T14:43:40","guid":{"rendered":"https:\/\/yournordichome.com\/product\/handmade-black-coffee-table\/"},"modified":"2025-08-22T14:43:58","modified_gmt":"2025-08-22T14:43:58","slug":"recznie-wykonany-czarny-stolik-kawowy","status":"publish","type":"product","link":"https:\/\/yournordichome.com\/pl\/product\/handmade-black-coffee-table\/","title":{"rendered":"R\u0119cznie wykonany czarny stolik kawowy"},"content":{"rendered":"<p>R\u0119cznie wykonany stolik kawowy w kolorze czarnym, zaprojektowany przez Madam Stoltz, to naprawd\u0119 wyj\u0105tkowy i stylowy wyb\u00f3r do ka\u017cdego domu. Ten okr\u0105g\u0142y stolik kawowy zosta\u0142 wykonany z odzyskanego drewna, kt\u00f3re niegdy\u015b by\u0142o wa\u017cn\u0105 cz\u0119\u015bci\u0105 indyjskich budynk\u00f3w, dzi\u0119ki czemu ka\u017cdy egzemplarz niesie ze sob\u0105 prawdziw\u0105 histori\u0119. Blat i nogi wykonane s\u0105 z grubych drewnianych listew pomalowanych na czarno matowym lakierem, zapewniaj\u0105c jednocze\u015bnie nowoczesny i charakterystyczny wygl\u0105d. Stolik o \u015brednicy 69 cm i wysoko\u015bci 46 cm mo\u017ce by\u0107 idealnym elementem centralnym ka\u017cdego salonu lub pokoju dziennego.<\/p>\n<p>R\u0119cznie wykonany czarny stolik kawowy charakteryzuje si\u0119 nie tylko ekskluzywnym designem, ale tak\u017ce faktem, \u017ce ka\u017cdy egzemplarz jest nieco inny, poniewa\u017c naturalne p\u0119kni\u0119cia, unikalne odcienie kolor\u00f3w i tekstury odzyskanego drewna sprawiaj\u0105, \u017ce jest niepowtarzalny. Te drobne niedoskona\u0142o\u015bci nie s\u0105 wadami, ale opowiadaj\u0105 o wyj\u0105tkowo\u015bci i historii mebla. Mocna struktura litego drewna jest ponadczasowa, a czarna farba i matowy lakier tworz\u0105 elegancki, wysokiej jako\u015bci wygl\u0105d w ka\u017cdym wn\u0119trzu. Czyszczenie jest niezwykle \u0142atwe: mo\u017cna je \u0142atwo utrzyma\u0107 w czysto\u015bci za pomoc\u0105 wilgotnej szmatki i \u0142agodnej wody z myd\u0142em.<\/p>\n<h2>Wymiary produktu<\/h2>\n<p>Wymiary produktu: D69xH46 cm<br \/>\nKolor: czarny<br \/>\nMateria\u0142: Drewno z odzysku<br \/>\nPowierzchnia: czarna farba i matowy lakier<br \/>\nMateria\u0142y z recyklingu i r\u0119cznie wykonane przedmioty mog\u0105 r\u00f3\u017cni\u0107 si\u0119 kszta\u0142tem i kolorem.<\/p>\n<h2>Dlaczego warto wybra\u0107 czarny stolik kawowy Handmade?<\/h2>\n<p>- Wyb\u00f3r przyjazny dla \u015brodowiska, wykonany z drewna pochodz\u0105cego z recyklingu<br \/>\n- Unikalny, r\u0119cznie wykonany design dla ka\u017cdego sto\u0142u<br \/>\n- Idealny do dom\u00f3w nowoczesnych, vintage i industrialnych<br \/>\n- Trwa\u0142e, wysokiej jako\u015bci materia\u0142y i jako\u015b\u0107 wykonania<br \/>\n- \u0141atwa w czyszczeniu powierzchnia z czarn\u0105 farb\u0105 i matowym lakierem<\/p>\n<h2>Gdzie wygl\u0105da najlepiej?<\/h2>\n<p>- Jako centralny element nowoczesnego, skandynawskiego wn\u0119trza salonu<br \/>\n- Jako charakterystyczny dodatek do loftowego mieszkania w stylu industrialnym<br \/>\n- W pomieszczeniach w stylu vintage, wraz z innymi meblami z drewna pochodz\u0105cego z recyklingu<br \/>\n- Jako specjalna dekoracja do k\u0105cika czytelniczego, salonu lub pokoju go\u015bcinnego<br \/>\n- W domach, w kt\u00f3rych wa\u017cna jest harmonia zr\u00f3wnowa\u017conego rozwoju i wzornictwa<\/p>\n<p>Stolik kawowy Handicraft Black to nie tylko mebel, ale prawdziwe dzie\u0142o sztuki, kt\u00f3re reprezentuje ponadczasow\u0105 warto\u015b\u0107 i wnosi wyj\u0105tkow\u0105 histori\u0119 do ka\u017cdego domu. Odkryj \u015bwiat premium Madam Stoltz i nadaj swojemu wn\u0119trzu wyj\u0105tkowy akcent, kt\u00f3rego szukasz!<\/p>","protected":false},"excerpt":{"rendered":"<p>Stolik kawowy Handicraft w kolorze czarnym, wykonany z drewna pochodz\u0105cego z recyklingu, o wyj\u0105tkowym wygl\u0105dzie b\u0119dzie wyj\u0105tkowym klejnotem w Twoim domu w stylu vintage, industrialnym lub skandynawskim.<\/p>","protected":false},"featured_media":7727,"comment_status":"closed","ping_status":"open","template":"","meta":{"_acf_changed":false,"_kad_post_transparent":"","_kad_post_title":"","_kad_post_layout":"","_kad_post_sidebar_id":"","_kad_post_content_style":"","_kad_post_vertical_padding":"","_kad_post_feature":"","_kad_post_feature_position":"","_kad_post_header":false,"_kad_post_footer":false,"_kad_post_classname":""},"pwb-brand":[1102],"product_brand":[],"product_cat":[158,157],"product_tag":[1097,334,398,34,396,318,433],"gyarto":[1103],"class_list":{"0":"post-7809","1":"product","2":"type-product","3":"status-publish","4":"has-post-thumbnail","6":"pwb-brand-madam-stoltz","7":"product_cat-coffee-table","8":"product_cat-table","9":"product_tag-autumn-winter-2025","10":"product_tag-new-arrivals","11":"product_tag-nordic-design","12":"product_tag-nordic-interior-design","13":"product_tag-nordic-style","14":"product_tag-reclaimed-wood-furniture","15":"product_tag-round-coffee-table","16":"pa_colour-black","17":"pa_material-reclaimed-wood","18":"gyarto-madam-stoltz","20":"first","21":"instock","22":"taxable","23":"shipping-taxable","24":"purchasable","25":"product-type-simple","26":"entry","27":"content-bg","28":"loop-entry"},"acf":[],"brands":[{"id":1102,"name":"Madam Stoltz","slug":"madam-stoltz"}],"_links":{"self":[{"href":"https:\/\/yournordichome.com\/pl\/wp-json\/wp\/v2\/product\/7809","targetHints":{"allow":["GET"]}}],"collection":[{"href":"https:\/\/yournordichome.com\/pl\/wp-json\/wp\/v2\/product"}],"about":[{"href":"https:\/\/yournordichome.com\/pl\/wp-json\/wp\/v2\/types\/product"}],"replies":[{"embeddable":true,"href":"https:\/\/yournordichome.com\/pl\/wp-json\/wp\/v2\/comments?post=7809"}],"wp:featuredmedia":[{"embeddable":true,"href":"https:\/\/yournordichome.com\/pl\/wp-json\/wp\/v2\/media\/7727"}],"wp:attachment":[{"href":"https:\/\/yournordichome.com\/pl\/wp-json\/wp\/v2\/media?parent=7809"}],"wp:term":[{"taxonomy":"pwb-brand","embeddable":true,"href":"https:\/\/yournordichome.com\/pl\/wp-json\/wp\/v2\/pwb-brand?post=7809"},{"taxonomy":"product_brand","embeddable":true,"href":"https:\/\/yournordichome.com\/pl\/wp-json\/wp\/v2\/product_brand?post=7809"},{"taxonomy":"product_cat","embeddable":true,"href":"https:\/\/yournordichome.com\/pl\/wp-json\/wp\/v2\/product_cat?post=7809"},{"taxonomy":"product_tag","embeddable":true,"href":"https:\/\/yournordichome.com\/pl\/wp-json\/wp\/v2\/product_tag?post=7809"},{"taxonomy":"gyarto","embeddable":true,"href":"https:\/\/yournordichome.com\/pl\/wp-json\/wp\/v2\/gyarto?post=7809"}],"curies":[{"name":"wp","href":"https:\/\/api.w.org\/{rel}","templated":true}]}}