{"id":7807,"date":"2025-08-22T14:43:40","date_gmt":"2025-08-22T14:43:40","guid":{"rendered":"https:\/\/yournordichome.com\/product\/artisan-crafted-wooden-coffee-table\/"},"modified":"2026-04-15T07:25:27","modified_gmt":"2026-04-15T07:25:27","slug":"rzemieslniczy-drewniany-stolik-kawowy","status":"publish","type":"product","link":"https:\/\/yournordichome.com\/pl\/product\/artisan-crafted-wooden-coffee-table\/","title":{"rendered":"Drewniany stolik kawowy wykonany metod\u0105 rzemie\u015blnicz\u0105"},"content":{"rendered":"<p>Stolik kawowy Madam Stoltz wykonany z odzyskanego drewna to naprawd\u0119 wyj\u0105tkowy i stylowy wyb\u00f3r dla tych, kt\u00f3rzy kochaj\u0105 wyj\u0105tkowe wn\u0119trza. Ka\u017cdy element tego okr\u0105g\u0142ego stolika kawowego opowiada prawdziw\u0105 histori\u0119: drewno by\u0142o wcze\u015bniej cz\u0119\u015bci\u0105 indyjskiego budynku, wi\u0119c ma\u0142e p\u0119kni\u0119cia, odcienie kolor\u00f3w i unikalne cechy zachowuj\u0105 przesz\u0142o\u015b\u0107 drewna. Pozwala to na wprowadzenie do domu nie tylko mebla, ale tak\u017ce kawa\u0142ka historii.<\/p>\n<p>Stolik kawowy wykonany z odzyskanego drewna jest nie tylko spektakularny, ale tak\u017ce bardzo praktyczny i trwa\u0142y. Jego \u015brednica wynosi 60 cm, a wysoko\u015b\u0107 35 cm, dzi\u0119ki czemu idealnie nadaje si\u0119 do spotka\u0144 przy herbacie, przyjaznych rozm\u00f3w lub umieszczania przedmiot\u00f3w dekoracyjnych. Jego czysty design mo\u017cna \u0142atwo zintegrowa\u0107 z nowoczesnymi i klasycznymi wn\u0119trzami, a jego naturalny, ciep\u0142y odcie\u0144 sprawia, \u017ce przestrze\u0144 staje si\u0119 bardziej domowa. Drewno jest nieobrobione, wi\u0119c zachowuje swoj\u0105 oryginaln\u0105 tekstur\u0119 i kolor, kt\u00f3re mo\u017cna czy\u015bci\u0107 wod\u0105 i \u0142agodnym myd\u0142em.<\/p>\n<h2>Wymiary produktu<\/h2>\n<p>Wymiary produktu: D60xH35 cm<br \/>\nKolor: Naturalny<br \/>\nMateria\u0142: Drewno z recyklingu<br \/>\nNaturalne i ponownie u\u017cyte materia\u0142y b\u0119d\u0105 r\u00f3\u017cni\u0107 si\u0119 kszta\u0142tem i kolorem.<\/p>\n<h2>Dlaczego warto wybra\u0107 drewniany stolik kawowy Artisan Crafted?<\/h2>\n<p>- Ka\u017cda sztuka jest ca\u0142kowicie unikalna, wi\u0119c nie spotkasz tego samego wzoru lub koloru dwa razy.<br \/>\n- Jest to decyzja \u015bwiadoma ekologicznie: powstaje w wyniku recyklingu starego drewna budowlanego, dzi\u0119ki czemu wspiera zr\u00f3wnowa\u017cony rozw\u00f3j.<br \/>\n- Zapewnia prawdziwy efekt vintage, a jednocze\u015bnie jest czysty i nowoczesny.<br \/>\n- Zachowuje naturalne, oryginalne pi\u0119kno drewna ze wszystkimi jego p\u0119kni\u0119ciami i r\u00f3\u017cnymi odcieniami kolor\u00f3w.<br \/>\n- Zapewnia ona najwy\u017csz\u0105 jako\u015b\u0107 marki Madam Stoltz w Twoim domu.<\/p>\n<h2>Gdzie wygl\u0105da najlepiej?<\/h2>\n<p>- Jako centralny element nowoczesnych, czystych salon\u00f3w.<br \/>\n- Jako akcentuj\u0105cy element wystroju wn\u0119trz w stylu vintage lub loft.<br \/>\n- Jako stolik w domowym k\u0105ciku czytelniczym, ogrodzie zimowym lub przyjaznym k\u0105ciku kawiarnianym.<br \/>\n- W wyj\u0105tkowych, artystycznych apartamentach, gdzie detale czyni\u0105 wn\u0119trze wyj\u0105tkowym.<\/p>\n<p>Stolik kawowy wykonany z drewna pochodz\u0105cego z recyklingu \u0142\u0105czy w sobie zr\u00f3wnowa\u017cony rozw\u00f3j, najwy\u017csz\u0105 jako\u015b\u0107 i prawdziwy styl vintage. Je\u015bli chcesz, aby Tw\u00f3j dom by\u0142 wyposa\u017cony nie tylko w stylowe, ale tak\u017ce odpowiedzialnie dobrane elementy, ten stolik jest idealnym wyborem. Drewno o wyj\u0105tkowej historii pokazuje wszystkie swoje s\u0142oje i \u015blady przesz\u0142o\u015bci, wnosz\u0105c nowe \u017cycie do ka\u017cdej przestrzeni \u017cyciowej.<\/p>","protected":false},"excerpt":{"rendered":"<p>Stolik kawowy to wyj\u0105tkowy mebel w stylu vintage wykonany z odzyskanego drewna, kt\u00f3rego ka\u017cdy element jest wyj\u0105tkowy. Wprowadzi ciep\u0142\u0105, naturaln\u0105 atmosfer\u0119 do Twojego domu.<\/p>","protected":false},"featured_media":7707,"comment_status":"closed","ping_status":"closed","template":"","meta":{"_acf_changed":false,"_kad_post_transparent":"default","_kad_post_title":"","_kad_post_layout":"default","_kad_post_sidebar_id":"","_kad_post_content_style":"default","_kad_post_vertical_padding":"default","_kad_post_feature":"","_kad_post_feature_position":"","_kad_post_header":false,"_kad_post_footer":false,"_kad_post_classname":""},"pwb-brand":[1102],"product_brand":[],"product_cat":[158,157],"product_tag":[1097,146,334,398,34,396,318,433,98],"gyarto":[1103],"class_list":{"0":"post-7807","1":"product","2":"type-product","3":"status-publish","4":"has-post-thumbnail","6":"pwb-brand-madam-stoltz","7":"product_cat-coffee-table","8":"product_cat-table","9":"product_tag-autumn-winter-2025","10":"product_tag-ethno-style","11":"product_tag-new-arrivals","12":"product_tag-nordic-design","13":"product_tag-nordic-interior-design","14":"product_tag-nordic-style","15":"product_tag-reclaimed-wood-furniture","16":"product_tag-round-coffee-table","17":"product_tag-vintage-style","18":"pa_colour-nature","19":"pa_material-reclaimed-wood","20":"gyarto-madam-stoltz","22":"first","23":"instock","24":"taxable","25":"shipping-taxable","26":"purchasable","27":"product-type-simple","28":"entry","29":"content-bg","30":"loop-entry"},"acf":[],"brands":[{"id":1102,"name":"Madam Stoltz","slug":"madam-stoltz"}],"_links":{"self":[{"href":"https:\/\/yournordichome.com\/pl\/wp-json\/wp\/v2\/product\/7807","targetHints":{"allow":["GET"]}}],"collection":[{"href":"https:\/\/yournordichome.com\/pl\/wp-json\/wp\/v2\/product"}],"about":[{"href":"https:\/\/yournordichome.com\/pl\/wp-json\/wp\/v2\/types\/product"}],"replies":[{"embeddable":true,"href":"https:\/\/yournordichome.com\/pl\/wp-json\/wp\/v2\/comments?post=7807"}],"wp:featuredmedia":[{"embeddable":true,"href":"https:\/\/yournordichome.com\/pl\/wp-json\/wp\/v2\/media\/7707"}],"wp:attachment":[{"href":"https:\/\/yournordichome.com\/pl\/wp-json\/wp\/v2\/media?parent=7807"}],"wp:term":[{"taxonomy":"pwb-brand","embeddable":true,"href":"https:\/\/yournordichome.com\/pl\/wp-json\/wp\/v2\/pwb-brand?post=7807"},{"taxonomy":"product_brand","embeddable":true,"href":"https:\/\/yournordichome.com\/pl\/wp-json\/wp\/v2\/product_brand?post=7807"},{"taxonomy":"product_cat","embeddable":true,"href":"https:\/\/yournordichome.com\/pl\/wp-json\/wp\/v2\/product_cat?post=7807"},{"taxonomy":"product_tag","embeddable":true,"href":"https:\/\/yournordichome.com\/pl\/wp-json\/wp\/v2\/product_tag?post=7807"},{"taxonomy":"gyarto","embeddable":true,"href":"https:\/\/yournordichome.com\/pl\/wp-json\/wp\/v2\/gyarto?post=7807"}],"curies":[{"name":"wp","href":"https:\/\/api.w.org\/{rel}","templated":true}]}}