{"id":7649,"date":"2025-08-08T09:35:54","date_gmt":"2025-08-08T09:35:54","guid":{"rendered":"https:\/\/yournordichome.com\/product\/bear-rug-in-wool\/"},"modified":"2025-08-13T10:09:31","modified_gmt":"2025-08-13T10:09:31","slug":"welniany-dywanik-z-niedzwiedziem","status":"publish","type":"product","link":"https:\/\/yournordichome.com\/pl\/product\/bear-rug-in-wool\/","title":{"rendered":"We\u0142niany dywanik z nied\u017awiedziem"},"content":{"rendered":"<p>We\u0142niany dywanik Bear to produkt premium znanej na ca\u0142ym \u015bwiecie marki Bloomingville, kt\u00f3ry sprawia, \u017ce ka\u017cdy pok\u00f3j dzieci\u0119cy i pok\u00f3j zabaw jest wyj\u0105tkowy dzi\u0119ki specjalnemu kszta\u0142towi nied\u017awiedzia i wysokiej jako\u015bci materia\u0142owi. Ten dywan to nie tylko dekoracja domu, ale tak\u017ce prawdziwe do\u015bwiadczenie, kt\u00f3re \u0142\u0105czy w sobie inspirowany natur\u0105 design, zabaw\u0119 i ciep\u0142\u0105, rodzinn\u0105 atmosfer\u0119.<\/p>\n<p>We\u0142niany dywan Bear wykonany jest z czystej we\u0142ny 100%, kt\u00f3ra jest niezwykle mi\u0119kka i przyjemna w dotyku. Dzi\u0119ki zastosowaniu wysokiej jako\u015bci materia\u0142\u00f3w jest to ponadczasowy produkt premium, kt\u00f3ry zachowuje swoje pi\u0119kno i kszta\u0142t przez lata. Szczeg\u00f3\u0142owe wykonanie i przyjazny kszta\u0142t nied\u017awiedzia pobudz\u0105 dzieci\u0119c\u0105 wyobra\u017ani\u0119, zapewniaj\u0105c jednocze\u015bnie naturalne ciep\u0142o i atrakcyjny komfort podczas zabawy lub czytania. We\u0142niany dywan Bear \u015bwietnie wygl\u0105da w pokoju dzieci\u0119cym, ale tak\u017ce w pokoju zabaw, k\u0105ciku czytelniczym lub przyjaznej dzieciom cz\u0119\u015bci salonu.<\/p>\n<h2>Wymiary produktu<\/h2>\n<p>Wymiary produktu: L200xW140 cm<br \/>\nMateria\u0142 produktu: 100% Wool<br \/>\nWybielanie: Nie<br \/>\nCzyszczenie na sucho: Nie<br \/>\nSuszenie: Nie<br \/>\nPrasowanie: Nie<br \/>\nInstrukcja prania: Tylko czyszczenie punktowe<\/p>\n<h2>Dlaczego warto wybra\u0107 Bear Rug in Wool?<\/h2>\n<p>- Wykonana z najwy\u017cszej jako\u015bci naturalnej we\u0142ny 100%<br \/>\n- Gwarancja trwa\u0142o\u015bci i wyrafinowanego wzornictwa marki Bloomingville<br \/>\n- Charakterystyczny kszta\u0142t nied\u017awiedzia, kt\u00f3ry wprowadza zabaw\u0119 do przestrzeni<br \/>\n- Doskona\u0142a izolacja termiczna i mi\u0119kko\u015b\u0107, idealna dla dzieci<br \/>\n- Unikalna i weso\u0142a dekoracja domu, kt\u00f3ra doda ciep\u0142a ka\u017cdemu pomieszczeniu<br \/>\n- \u0141atwa konserwacja dzi\u0119ki czyszczeniu punktowemu<\/p>\n<h2>Gdzie wygl\u0105da najlepiej?<\/h2>\n<p>- W pokojach dzieci\u0119cych i niemowl\u0119cych, gdzie tworzy zabawn\u0105 i domow\u0105 atmosfer\u0119.<br \/>\n- W pokoju zabaw, aby zabawa by\u0142a jeszcze przyjemniejsza<br \/>\n- W k\u0105ciku do czytania, gdzie maluchy mog\u0105 wygodnie si\u0119 na nim wyci\u0105gn\u0105\u0107<br \/>\n- W obszarach przyjaznych dzieciom w nowoczesnych lub skandynawskich domach rodzinnych<br \/>\n- \u015awietny wyb\u00f3r r\u00f3wnie\u017c jako prezent na wizyt\u0119 dziecka lub urodziny<\/p>\n<p>We\u0142niany dywan Bear rozja\u015bni pok\u00f3j dzieci\u0119cy, emanuj\u0105c ciep\u0142em i rado\u015bci\u0105, i b\u0119dzie prawdziwym punktem centralnym ka\u017cdego rodzinnego domu!<\/p>","protected":false},"excerpt":{"rendered":"<p>We\u0142niany dywan Bear jest wykonany z mi\u0119kkiej we\u0142ny 100% i ma zabawny kszta\u0142t nied\u017awiedzia, dzi\u0119ki czemu jest prawdziw\u0105 ozdob\u0105 pokoju dzieci\u0119cego. Wniesie on ciep\u0142o i styl do Twojego domu!<\/p>","protected":false},"featured_media":7524,"comment_status":"closed","ping_status":"closed","template":"","meta":{"_acf_changed":false,"_kad_post_transparent":"default","_kad_post_title":"","_kad_post_layout":"default","_kad_post_sidebar_id":"","_kad_post_content_style":"default","_kad_post_vertical_padding":"default","_kad_post_feature":"","_kad_post_feature_position":"","_kad_post_header":false,"_kad_post_footer":false,"_kad_post_classname":""},"pwb-brand":[17],"product_brand":[],"product_cat":[77,47,88,65],"product_tag":[1097,82,334,398,206,397,89],"gyarto":[],"class_list":{"0":"post-7649","1":"product","2":"type-product","3":"status-publish","4":"has-post-thumbnail","6":"pwb-brand-bloomingville","7":"product_cat-childrens-furniture","8":"product_cat-kids","9":"product_cat-rug","10":"product_cat-rugs-and-textiles","11":"product_tag-autumn-winter-2025","12":"product_tag-carpet","13":"product_tag-new-arrivals","14":"product_tag-nordic-design","15":"product_tag-nordic-furniture","16":"product_tag-nordic-home","17":"product_tag-wool-rug","18":"pa_colour-nature","19":"pa_material-wool","21":"first","22":"instock","23":"taxable","24":"shipping-taxable","25":"purchasable","26":"product-type-simple","27":"entry","28":"content-bg","29":"loop-entry"},"acf":[],"brands":[{"id":17,"name":"Bloomingville","slug":"bloomingville"}],"_links":{"self":[{"href":"https:\/\/yournordichome.com\/pl\/wp-json\/wp\/v2\/product\/7649","targetHints":{"allow":["GET"]}}],"collection":[{"href":"https:\/\/yournordichome.com\/pl\/wp-json\/wp\/v2\/product"}],"about":[{"href":"https:\/\/yournordichome.com\/pl\/wp-json\/wp\/v2\/types\/product"}],"replies":[{"embeddable":true,"href":"https:\/\/yournordichome.com\/pl\/wp-json\/wp\/v2\/comments?post=7649"}],"wp:featuredmedia":[{"embeddable":true,"href":"https:\/\/yournordichome.com\/pl\/wp-json\/wp\/v2\/media\/7524"}],"wp:attachment":[{"href":"https:\/\/yournordichome.com\/pl\/wp-json\/wp\/v2\/media?parent=7649"}],"wp:term":[{"taxonomy":"pwb-brand","embeddable":true,"href":"https:\/\/yournordichome.com\/pl\/wp-json\/wp\/v2\/pwb-brand?post=7649"},{"taxonomy":"product_brand","embeddable":true,"href":"https:\/\/yournordichome.com\/pl\/wp-json\/wp\/v2\/product_brand?post=7649"},{"taxonomy":"product_cat","embeddable":true,"href":"https:\/\/yournordichome.com\/pl\/wp-json\/wp\/v2\/product_cat?post=7649"},{"taxonomy":"product_tag","embeddable":true,"href":"https:\/\/yournordichome.com\/pl\/wp-json\/wp\/v2\/product_tag?post=7649"},{"taxonomy":"gyarto","embeddable":true,"href":"https:\/\/yournordichome.com\/pl\/wp-json\/wp\/v2\/gyarto?post=7649"}],"curies":[{"name":"wp","href":"https:\/\/api.w.org\/{rel}","templated":true}]}}