{"id":7636,"date":"2025-08-08T09:35:54","date_gmt":"2025-08-08T09:35:54","guid":{"rendered":"https:\/\/yournordichome.com\/product\/ember-metal-cabinet\/"},"modified":"2026-04-15T07:17:22","modified_gmt":"2026-04-15T07:17:22","slug":"metalowa-szafka-ember","status":"publish","type":"product","link":"https:\/\/yournordichome.com\/pl\/product\/ember-metal-cabinet\/","title":{"rendered":"Metalowa szafka Ember"},"content":{"rendered":"<p>Metalowa komoda Bloomingville z wiklinowymi drzwiczkami to elegancki i wszechstronny mebel do przechowywania, kt\u00f3ry jest idealnym wyborem, je\u015bli chcesz nada\u0107 swojemu domowi niepowtarzalny, stylowy wygl\u0105d. Ta wysokiej jako\u015bci komoda tworzy nowoczesn\u0105 atmosfer\u0119 dzi\u0119ki czarnej, zakrzywionej metalowej ramie, a bambusowe wiklinowe drzwi nadaj\u0105 jej ciep\u0142y, naturalny charakter. Metalowa komoda z wiklinowymi drzwiczkami doskonale \u0142\u0105czy skandynawsk\u0105 prostot\u0119 z klasycznymi, r\u0119cznie wykonanymi detalami, co czyni j\u0105 ponadczasowym i modnym wyborem.<\/p>\n<p>Metalowa komoda Bloomingville z wiklinowymi drzwiczkami jest nie tylko estetyczna, ale i praktyczna. Przestronne wn\u0119trze komody o wysoko\u015bci 105 cm, szeroko\u015bci 92 cm i g\u0142\u0119boko\u015bci 36,5 cm z \u0142atwo\u015bci\u0105 pomie\u015bci przedmioty codziennego u\u017cytku, niezale\u017cnie od tego, czy s\u0105 to ksi\u0105\u017cki, naczynia czy ulubione dekoracje. Dzi\u0119ki zastosowaniu metalu i bambusa jest trwa\u0142y, \u0142atwy w czyszczeniu (wystarczy przetrze\u0107 wilgotn\u0105 szmatk\u0105), dzi\u0119ki czemu na d\u0142ugo zachowa swoj\u0105 pi\u0119kn\u0105 form\u0119. Dzi\u0119ki wyrafinowanemu wykonaniu i doskona\u0142ej jako\u015bci materia\u0142\u00f3w \u015bwietnie prezentuje si\u0119 w ka\u017cdym pomieszczeniu w domu.<\/p>\n<h2>Wymiary produktu<\/h2>\n<p>Wymiary produktu: L92xH105xW36,5 cm<br \/>\nMateria\u0142 produktu: metal, bambus<br \/>\nInstrukcja piel\u0119gnacji: Przetrze\u0107 wilgotn\u0105 szmatk\u0105.<\/p>\n<h2>Dlaczego warto wybra\u0107 szafk\u0119 metalow\u0105 Ember?<\/h2>\n<ul>\n<li>Nowoczesny, elegancki design z najwy\u017cszej jako\u015bci materia\u0142ami<\/li>\n<li>Przestronny, praktyczny schowek na przedmioty codziennego u\u017cytku<\/li>\n<li>Unikalny, naturalny efekt dzi\u0119ki bambusowym plecionym drzwiom<\/li>\n<li>\u0141atwe do czyszczenia powierzchnie<\/li>\n<li>\u00a0Niezawodna jako\u015b\u0107 Bloomingville<\/li>\n<\/ul>\n<h2>Gdzie wygl\u0105da najlepiej?<\/h2>\n<ul>\n<li>W salonie: jako przytulny, dekoracyjny mebel<\/li>\n<li>W sypialni: jako dodatkowa przestrze\u0144 do przechowywania, jako komoda z szufladami<\/li>\n<li>W korytarzu: do porz\u0105dkowania but\u00f3w, r\u0119kawiczek, szalik\u00f3w<\/li>\n<li>W jadalni: do przechowywania naczy\u0144, zastawy sto\u0142owej<\/li>\n<li>W gabinecie: do porz\u0105dkowania ksi\u0105\u017cek, dokument\u00f3w<\/li>\n<\/ul>\n<p>Metalowa komoda z drzwiami pokrytymi wiklin\u0105 mo\u017ce by\u0107 prawdziwym klejnotem twojego domu, w kt\u00f3rym harmonia nowoczesnego metalu i naturalnego wiklinowego bambusa o\u017cywa i zapewnia wyj\u0105tkowe poczucie \u017cycia premium.<\/p>","protected":false},"excerpt":{"rendered":"<p>Metalowa komoda z drzwiami pokrytymi wiklin\u0105 to stylowa i przestronna szafka do przechowywania, kt\u00f3ra \u0142\u0105czy w sobie najwy\u017csz\u0105 jako\u015b\u0107 Bloomingville z nowoczesnym i naturalnym wygl\u0105dem.<\/p>","protected":false},"featured_media":7555,"comment_status":"closed","ping_status":"closed","template":"","meta":{"_acf_changed":false,"_kad_post_transparent":"default","_kad_post_title":"","_kad_post_layout":"default","_kad_post_sidebar_id":"","_kad_post_content_style":"default","_kad_post_vertical_padding":"default","_kad_post_feature":"","_kad_post_feature_position":"","_kad_post_header":false,"_kad_post_footer":false,"_kad_post_classname":""},"pwb-brand":[],"product_brand":[],"product_cat":[94,95],"product_tag":[1097,334,398,206,397,396],"gyarto":[1099],"class_list":{"0":"post-7636","1":"product","2":"type-product","3":"status-publish","4":"has-post-thumbnail","6":"product_cat-furniture","7":"product_cat-storage-unit","8":"product_tag-autumn-winter-2025","9":"product_tag-new-arrivals","10":"product_tag-nordic-design","11":"product_tag-nordic-furniture","12":"product_tag-nordic-home","13":"product_tag-nordic-style","14":"pa_colour-black","15":"pa_material-metal","16":"gyarto-bloomingville","18":"first","19":"outofstock","20":"taxable","21":"shipping-taxable","22":"purchasable","23":"product-type-simple","24":"entry","25":"content-bg","26":"loop-entry"},"acf":[],"brands":[],"_links":{"self":[{"href":"https:\/\/yournordichome.com\/pl\/wp-json\/wp\/v2\/product\/7636","targetHints":{"allow":["GET"]}}],"collection":[{"href":"https:\/\/yournordichome.com\/pl\/wp-json\/wp\/v2\/product"}],"about":[{"href":"https:\/\/yournordichome.com\/pl\/wp-json\/wp\/v2\/types\/product"}],"replies":[{"embeddable":true,"href":"https:\/\/yournordichome.com\/pl\/wp-json\/wp\/v2\/comments?post=7636"}],"wp:featuredmedia":[{"embeddable":true,"href":"https:\/\/yournordichome.com\/pl\/wp-json\/wp\/v2\/media\/7555"}],"wp:attachment":[{"href":"https:\/\/yournordichome.com\/pl\/wp-json\/wp\/v2\/media?parent=7636"}],"wp:term":[{"taxonomy":"pwb-brand","embeddable":true,"href":"https:\/\/yournordichome.com\/pl\/wp-json\/wp\/v2\/pwb-brand?post=7636"},{"taxonomy":"product_brand","embeddable":true,"href":"https:\/\/yournordichome.com\/pl\/wp-json\/wp\/v2\/product_brand?post=7636"},{"taxonomy":"product_cat","embeddable":true,"href":"https:\/\/yournordichome.com\/pl\/wp-json\/wp\/v2\/product_cat?post=7636"},{"taxonomy":"product_tag","embeddable":true,"href":"https:\/\/yournordichome.com\/pl\/wp-json\/wp\/v2\/product_tag?post=7636"},{"taxonomy":"gyarto","embeddable":true,"href":"https:\/\/yournordichome.com\/pl\/wp-json\/wp\/v2\/gyarto?post=7636"}],"curies":[{"name":"wp","href":"https:\/\/api.w.org\/{rel}","templated":true}]}}