{"id":7633,"date":"2025-08-08T09:35:54","date_gmt":"2025-08-08T09:35:54","guid":{"rendered":"https:\/\/yournordichome.com\/product\/ferdinand-bench-for-kids-room\/"},"modified":"2025-09-20T07:32:44","modified_gmt":"2025-09-20T07:32:44","slug":"lawka-ferdinand-do-pokoju-dzieciecego","status":"publish","type":"product","link":"https:\/\/yournordichome.com\/pl\/product\/ferdinand-bench-for-kids-room\/","title":{"rendered":"\u0141awka Ferdinand do pokoju dzieci\u0119cego"},"content":{"rendered":"<p>\u0141awka dla dzieci Ferdinand od Bloomingville to wyj\u0105tkowy, ale funkcjonalny element dla ka\u017cdego dziecka. Urocza \u0142awka w kszta\u0142cie s\u0142onia z pewno\u015bci\u0105 b\u0119dzie ozdob\u0105 pokoju, s\u0142u\u017c\u0105c jednocze\u015bnie jako praktyczne miejsce do przechowywania. \u0141awka wykonana jest z p\u0142yty MDF z certyfikatem FSC\u00ae i zosta\u0142a wykonana z my\u015bl\u0105 o zr\u00f3wnowa\u017conym rozwoju, dzi\u0119ki czemu mo\u017cesz mie\u0107 pewno\u015b\u0107, \u017ce wspierasz \u015brodowisko swoim wyborem.<\/p>\n<p>\u0141awka dla dzieci Ferdinand ma trzy otwarte p\u00f3\u0142ki z boku i ukryty schowek pod siedziskiem, dzi\u0119ki czemu mo\u017cna \u0142atwo przechowywa\u0107 zabawki, ksi\u0105\u017cki, a nawet koce. \u0141awka ma 32 cm wysoko\u015bci, 110 cm szeroko\u015bci i 36 cm g\u0142\u0119boko\u015bci, dzi\u0119ki czemu idealnie nadaje si\u0119 na siedzisko dla dziecka, zapewniaj\u0105c jednocze\u015bnie wystarczaj\u0105c\u0105 ilo\u015b\u0107 miejsca do przechowywania. Jej weso\u0142y kszta\u0142t tworzy atmosfer\u0119 zabawy, a jej design doskonale pasuje do nowoczesnych, skandynawskich wn\u0119trz pokoi dzieci\u0119cych.<\/p>\n<h2>Wymiary produktu<\/h2>\n<p>Wymiary produktu: L110xH32xW36 cm<br \/>\nMateria\u0142 produktu: 100% FSC\u00ae MDF<\/p>\n<h2>Dlaczego warto wybra\u0107 \u0142awk\u0119 Ferdinand do pokoju dzieci\u0119cego?<\/h2>\n<p>- Unikalny wz\u00f3r s\u0142onia wprowadzi zabaw\u0119 do pokoju dzieci\u0119cego.<br \/>\n- Funkcjonalny: posiada p\u00f3\u0142ki i wbudowany schowek pod siedziskiem.<br \/>\n- Jako\u015b\u0107 premium: wykonana z wytrzyma\u0142ej p\u0142yty MDF z certyfikatem FSC\u00ae.<br \/>\n- \u0141atwy w czyszczeniu, trwa\u0142y i bezpieczny.<br \/>\n- Rozwija umiej\u0119tno\u015bci organizacyjne dzieci.<\/p>\n<h2>Gdzie wygl\u0105da najlepiej?<\/h2>\n<p>- W pokoju dzieci\u0119cym, jako k\u0105cik do czytania lub siedzisko w k\u0105ciku zabaw.<br \/>\n- W korytarzu, gdzie maluchy mog\u0105 usi\u0105\u015b\u0107, aby zdj\u0105\u0107 buty i umie\u015bci\u0107 je w dolnym schowku.<br \/>\n- W pokoju zabaw, do uporz\u0105dkowanego przechowywania ksi\u0105\u017cek, zabawek lub pluszak\u00f3w.<\/p>\n<p>\u0141awka do pokoju dzieci\u0119cego Ferdinand to idealny wyb\u00f3r do ka\u017cdego nowoczesnego pokoju dzieci\u0119cego lub pokoju zabaw. Dzi\u0119ki czystemu stylowi, zastosowaniu wysokiej jako\u015bci materia\u0142\u00f3w i uroczemu kszta\u0142towi z pewno\u015bci\u0105 stanie si\u0119 ulubie\u0144cem ca\u0142ej rodziny. Zabierz t\u0119 praktyczn\u0105 i dekoracyjn\u0105 \u0142awk\u0119 do domu, aby pok\u00f3j Twojego dziecka by\u0142 jeszcze bardziej przytulny i uporz\u0105dkowany!<\/p>","protected":false},"excerpt":{"rendered":"<p>\u0141awka dla dzieci Ferdinand, o uroczym kszta\u0142cie s\u0142onia i praktycznym schowku, oferuje weso\u0142e, przytulne rozwi\u0105zanie do ka\u017cdego pokoju dzieci\u0119cego. Wykonana z wysokiej jako\u015bci p\u0142yty MDF FSC\u00ae.<\/p>","protected":false},"featured_media":7566,"comment_status":"closed","ping_status":"closed","template":"","meta":{"_acf_changed":false,"_kad_post_transparent":"default","_kad_post_title":"","_kad_post_layout":"default","_kad_post_sidebar_id":"","_kad_post_content_style":"default","_kad_post_vertical_padding":"default","_kad_post_feature":"","_kad_post_feature_position":"","_kad_post_header":false,"_kad_post_footer":false,"_kad_post_classname":""},"pwb-brand":[17],"product_brand":[],"product_cat":[77,47],"product_tag":[1097,334,398,206,397,396],"gyarto":[],"class_list":{"0":"post-7633","1":"product","2":"type-product","3":"status-publish","4":"has-post-thumbnail","6":"pwb-brand-bloomingville","7":"product_cat-childrens-furniture","8":"product_cat-kids","9":"product_tag-autumn-winter-2025","10":"product_tag-new-arrivals","11":"product_tag-nordic-design","12":"product_tag-nordic-furniture","13":"product_tag-nordic-home","14":"product_tag-nordic-style","15":"pa_colour-grey","16":"pa_material-mdf","18":"first","19":"instock","20":"taxable","21":"shipping-taxable","22":"purchasable","23":"product-type-simple","24":"entry","25":"content-bg","26":"loop-entry"},"acf":[],"brands":[{"id":17,"name":"Bloomingville","slug":"bloomingville"}],"_links":{"self":[{"href":"https:\/\/yournordichome.com\/pl\/wp-json\/wp\/v2\/product\/7633","targetHints":{"allow":["GET"]}}],"collection":[{"href":"https:\/\/yournordichome.com\/pl\/wp-json\/wp\/v2\/product"}],"about":[{"href":"https:\/\/yournordichome.com\/pl\/wp-json\/wp\/v2\/types\/product"}],"replies":[{"embeddable":true,"href":"https:\/\/yournordichome.com\/pl\/wp-json\/wp\/v2\/comments?post=7633"}],"wp:featuredmedia":[{"embeddable":true,"href":"https:\/\/yournordichome.com\/pl\/wp-json\/wp\/v2\/media\/7566"}],"wp:attachment":[{"href":"https:\/\/yournordichome.com\/pl\/wp-json\/wp\/v2\/media?parent=7633"}],"wp:term":[{"taxonomy":"pwb-brand","embeddable":true,"href":"https:\/\/yournordichome.com\/pl\/wp-json\/wp\/v2\/pwb-brand?post=7633"},{"taxonomy":"product_brand","embeddable":true,"href":"https:\/\/yournordichome.com\/pl\/wp-json\/wp\/v2\/product_brand?post=7633"},{"taxonomy":"product_cat","embeddable":true,"href":"https:\/\/yournordichome.com\/pl\/wp-json\/wp\/v2\/product_cat?post=7633"},{"taxonomy":"product_tag","embeddable":true,"href":"https:\/\/yournordichome.com\/pl\/wp-json\/wp\/v2\/product_tag?post=7633"},{"taxonomy":"gyarto","embeddable":true,"href":"https:\/\/yournordichome.com\/pl\/wp-json\/wp\/v2\/gyarto?post=7633"}],"curies":[{"name":"wp","href":"https:\/\/api.w.org\/{rel}","templated":true}]}}