{"id":7630,"date":"2025-08-08T09:35:54","date_gmt":"2025-08-08T09:35:54","guid":{"rendered":"https:\/\/yournordichome.com\/product\/silva-silver-table-lamp\/"},"modified":"2025-11-01T10:31:20","modified_gmt":"2025-11-01T10:31:20","slug":"srebrna-lampa-stolowa-silva","status":"publish","type":"product","link":"https:\/\/yournordichome.com\/pl\/product\/silva-silver-table-lamp\/","title":{"rendered":"Srebrna lampa sto\u0142owa Silva"},"content":{"rendered":"<p>Srebrna lampa sto\u0142owa Silva od renomowanej marki Bloomingville to ponadczasowy element wykonany z wysokiej jako\u015bci ceramiki, a jego b\u0142yszcz\u0105ca, rze\u017abiarska podstawa w srebrnym kolorze natychmiast przyci\u0105ga uwag\u0119. Nowoczesny design jest naprawd\u0119 wszechstronny dzi\u0119ki klasycznemu kszta\u0142towi, dzi\u0119ki czemu lampa ta jest idealnym wyborem do ka\u017cdego stylowego domu. B\u0142yszcz\u0105ca powierzchnia wspaniale odbija \u015bwiat\u0142o, a elegancki klosz z jasnego p\u0142\u00f3tna zapewnia mi\u0119kkie, przyjemne o\u015bwietlenie.<\/p>\n<p>Srebrna lampa sto\u0142owa Silva reprezentuje najwy\u017csz\u0105 jako\u015b\u0107 w ka\u017cdym szczeg\u00f3le: stabilna ceramiczna rama, wytrzyma\u0142y p\u0142\u00f3cienny klosz i czarny przew\u00f3d o d\u0142ugo\u015bci 150 cm zapewniaj\u0105 wygodne u\u017cytkowanie. Prze\u0142\u0105cznik znajduje si\u0119 bezpo\u015brednio na przewodzie, dzi\u0119ki czemu lampa jest \u0142atwa i praktyczna w obs\u0142udze. Ta wyrafinowana lampa o wysoko\u015bci 49 cm i \u015brednicy 35 cm mo\u017ce r\u00f3wnie\u017c sta\u0107 samodzielnie jako przedmiot dekoracyjny. Doskonale harmonizuje zar\u00f3wno z nowoczesnymi, jak i klasycznymi meblami. Oprawka E27 jest kompatybilna ze standardowymi \u017car\u00f3wkami lub \u017car\u00f3wkami LED, dzi\u0119ki czemu mo\u017ce by\u0107 r\u00f3wnie\u017c u\u017cywana z energooszcz\u0119dnymi \u017ar\u00f3d\u0142ami \u015bwiat\u0142a. Nale\u017cy pami\u0119ta\u0107, \u017ce lampa nadaje si\u0119 wy\u0142\u0105cznie do u\u017cytku w pomieszczeniach.<\/p>\n<h2>Wymiary produktu<\/h2>\n<p>Wymiary produktu: D35xH49 cm<br \/>\nKlosz: H23 cm<br \/>\nMateria\u0142 produkcji: 70% kamionka, 20% len, 10% \u017celazo<br \/>\n\u017bar\u00f3wka: Wszystkie klasy, E27, Zwyk\u0142e i LED, maks. 40W \/ LED 5W \/ CFL 9W<br \/>\n\u017bar\u00f3wka nie wchodzi w sk\u0142ad zestawu.<br \/>\nCertyfikat CE: Tak<br \/>\nPrzew\u00f3d: Czarny, 150 cm, Tkanina + PVC<br \/>\nPrze\u0142\u0105cznik: Na przewodzie<br \/>\nDo u\u017cytku na zewn\u0105trz: Nie<\/p>\n<h2>Dlaczego warto wybra\u0107 srebrn\u0105 lamp\u0119 sto\u0142ow\u0105 Silva?<\/h2>\n<p>- Oryginalny, skandynawski design marki Bloomingville nadaje niepowtarzalny styl ka\u017cdej przestrzeni mieszkalnej.<br \/>\n- Ekskluzywna, b\u0142yszcz\u0105ca srebrna ceramiczna podstawa i wysokiej jako\u015bci p\u0142\u00f3cienny klosz zapewniaj\u0105 elegancki wygl\u0105d.<br \/>\n- Wysokiej jako\u015bci materia\u0142y: wytrzyma\u0142e elementy ceramiczne, p\u0142\u00f3cienne i metalowe gwarantuj\u0105 d\u0142ug\u0105 \u017cywotno\u015b\u0107.<br \/>\n- Czysty, ponadczasowy kszta\u0142t pasuje zar\u00f3wno do nowoczesnych, jak i klasycznych wn\u0119trz.<br \/>\n- \u0141atwy w u\u017cyciu przew\u00f3d o d\u0142ugo\u015bci 150 cm i wygodny prze\u0142\u0105cznik.<br \/>\n- Kompatybilny z energooszcz\u0119dnymi \u017car\u00f3wkami LED.<br \/>\n- Dekoracyjny sam w sobie - b\u0119dzie stylowym dodatkiem do domu nawet bez o\u015bwietlenia.<\/p>\n<h2>Gdzie wygl\u0105da najlepiej?<\/h2>\n<p>- W salonie, na stoliku kawowym lub w widocznym miejscu w\u015br\u00f3d przedmiot\u00f3w dekoracyjnych.<br \/>\n- W sypialni, na stoliku nocnym lub komodzie, jako ciep\u0142e, relaksuj\u0105ce \u017ar\u00f3d\u0142o \u015bwiat\u0142a.<br \/>\n- W gabinecie, w k\u0105ciku do czytania, gdzie lampa wnosi nowoczesn\u0105 elegancj\u0119 do przestrzeni.<br \/>\n- W przedpokoju, na stole konsolowym, gdzie na pierwszy rzut oka zyska przychylno\u015b\u0107 go\u015bci.<\/p>\n<p>Srebrna lampa sto\u0142owa Silva to wyrafinowany wyb\u00f3r dla tych, kt\u00f3rzy lubi\u0105 \u0142\u0105czy\u0107 klasyczn\u0105 elegancj\u0119 z nowoczesnym designem. Ta wysokiej jako\u015bci lampa sto\u0142owa mo\u017ce by\u0107 r\u00f3wnie\u017c doskona\u0142ym prezentem na parapet\u00f3wk\u0119 lub specjaln\u0105 okazj\u0119.<\/p>","protected":false},"excerpt":{"rendered":"<p>Srebrna lampa sto\u0142owa Silva z unikaln\u0105 ceramiczn\u0105 podstaw\u0105 i eleganckim kloszem z jasnego p\u0142\u00f3tna nadaje ekskluzywny wygl\u0105d ka\u017cdemu wn\u0119trzu. Idealna do nowoczesnych i klasycznych przestrzeni.<\/p>","protected":false},"featured_media":7618,"comment_status":"closed","ping_status":"closed","template":"","meta":{"_acf_changed":false,"_kad_post_transparent":"default","_kad_post_title":"","_kad_post_layout":"default","_kad_post_sidebar_id":"","_kad_post_content_style":"default","_kad_post_vertical_padding":"default","_kad_post_feature":"","_kad_post_feature_position":"","_kad_post_header":false,"_kad_post_footer":false,"_kad_post_classname":""},"pwb-brand":[17],"product_brand":[],"product_cat":[73,72],"product_tag":[1097,334,398,206,397,117,396],"gyarto":[],"class_list":{"0":"post-7630","1":"product","2":"type-product","3":"status-publish","4":"has-post-thumbnail","6":"pwb-brand-bloomingville","7":"product_cat-desk-and-table-lamp","8":"product_cat-lamp","9":"product_tag-autumn-winter-2025","10":"product_tag-new-arrivals","11":"product_tag-nordic-design","12":"product_tag-nordic-furniture","13":"product_tag-nordic-home","14":"product_tag-nordic-lamp","15":"product_tag-nordic-style","16":"pa_colour-silver","17":"pa_material-stoneware","19":"first","20":"instock","21":"taxable","22":"shipping-taxable","23":"purchasable","24":"product-type-simple","25":"entry","26":"content-bg","27":"loop-entry"},"acf":[],"brands":[{"id":17,"name":"Bloomingville","slug":"bloomingville"}],"_links":{"self":[{"href":"https:\/\/yournordichome.com\/pl\/wp-json\/wp\/v2\/product\/7630","targetHints":{"allow":["GET"]}}],"collection":[{"href":"https:\/\/yournordichome.com\/pl\/wp-json\/wp\/v2\/product"}],"about":[{"href":"https:\/\/yournordichome.com\/pl\/wp-json\/wp\/v2\/types\/product"}],"replies":[{"embeddable":true,"href":"https:\/\/yournordichome.com\/pl\/wp-json\/wp\/v2\/comments?post=7630"}],"wp:featuredmedia":[{"embeddable":true,"href":"https:\/\/yournordichome.com\/pl\/wp-json\/wp\/v2\/media\/7618"}],"wp:attachment":[{"href":"https:\/\/yournordichome.com\/pl\/wp-json\/wp\/v2\/media?parent=7630"}],"wp:term":[{"taxonomy":"pwb-brand","embeddable":true,"href":"https:\/\/yournordichome.com\/pl\/wp-json\/wp\/v2\/pwb-brand?post=7630"},{"taxonomy":"product_brand","embeddable":true,"href":"https:\/\/yournordichome.com\/pl\/wp-json\/wp\/v2\/product_brand?post=7630"},{"taxonomy":"product_cat","embeddable":true,"href":"https:\/\/yournordichome.com\/pl\/wp-json\/wp\/v2\/product_cat?post=7630"},{"taxonomy":"product_tag","embeddable":true,"href":"https:\/\/yournordichome.com\/pl\/wp-json\/wp\/v2\/product_tag?post=7630"},{"taxonomy":"gyarto","embeddable":true,"href":"https:\/\/yournordichome.com\/pl\/wp-json\/wp\/v2\/gyarto?post=7630"}],"curies":[{"name":"wp","href":"https:\/\/api.w.org\/{rel}","templated":true}]}}