{"id":7046,"date":"2025-02-28T15:23:13","date_gmt":"2025-02-28T15:23:13","guid":{"rendered":"https:\/\/yournordichome.com\/product\/grimaud-shelving-unit-2\/"},"modified":"2026-01-30T17:09:46","modified_gmt":"2026-01-30T17:09:46","slug":"regal-grimaud-2","status":"publish","type":"product","link":"https:\/\/yournordichome.com\/pl\/product\/grimaud-shelving-unit-2\/","title":{"rendered":"Rega\u0142 Grimaud"},"content":{"rendered":"<p>P\u00f3\u0142ka \u015bcienna Grimaud od Chic Antique, wykonana z odzyskanego drewna. Elementy kolekcji nadaj\u0105 nowe \u017cycie znalezionym materia\u0142om z litego drewna, kt\u00f3re tworz\u0105 niepowtarzaln\u0105 atmosfer\u0119 dzi\u0119ki swojej osza\u0142amiaj\u0105cej naturalno\u015bci.<\/p>\n<p>Na tej p\u00f3\u0142ce \u015bciennej w stylu vintage mo\u017cna pi\u0119knie wyeksponowa\u0107 ulubione przedmioty dekoracyjne lub kubki w kuchni, a w jej szufladzie mo\u017cna schowa\u0107 mniejsze rzeczy.<\/p>\n<p>P\u00f3\u0142ka \u015bcienna Grimaud od Chic Antique to naprawd\u0119 wyj\u0105tkowy element, kt\u00f3ry wnosi do domu naturalne pi\u0119kno litego drewna z recyklingu i ponadczasow\u0105 elegancj\u0119 stylu vintage. Unikalne tekstury drewna i drobne niedoskona\u0142o\u015bci sprawiaj\u0105, \u017ce ka\u017cdy element jest wyj\u0105tkowy i niepowtarzalny, tworz\u0105c jednocze\u015bnie ciep\u0142\u0105, domow\u0105 atmosfer\u0119 w przestrzeni.<\/p>\n<p>Dzi\u0119ki praktycznej konstrukcji p\u00f3\u0142ka posiada dwie otwarte przegrody i ma\u0142\u0105 szuflad\u0119, dzi\u0119ki czemu idealnie nadaje si\u0119 do przechowywania mniejszych przedmiot\u00f3w i podkre\u015blania element\u00f3w dekoracyjnych. Jest to idealny wyb\u00f3r, je\u015bli szukasz stylowego i funkcjonalnego mebla, kt\u00f3ry oferuje idealne po\u0142\u0105czenie trwa\u0142o\u015bci i estetyki.<\/p>\n<p>Dlaczego warto wybra\u0107 t\u0119 p\u00f3\u0142k\u0119 \u015bcienn\u0105 Grimaud?<\/p>\n<p>Lite drewno z recyklingu - zr\u00f3wnowa\u017cone rozwi\u0105zanie, kt\u00f3re wprowadza unikalne tekstury i naturalne pi\u0119kno do Twojej przestrzeni.<br \/>\nDwie otwarte p\u00f3\u0142ki i szuflada - praktyczny design \u0142\u0105cz\u0105cy przechowywanie i dekoracj\u0119.<br \/>\nStyl vintage - tworzy niepowtarzaln\u0105 atmosfer\u0119, kt\u00f3ra sprawia, \u017ce ka\u017cde wn\u0119trze staje si\u0119 przytulne i domowe.<br \/>\nSzykowny antyk najwy\u017cszej jako\u015bci - du\u0144ski design \u0142\u0105cz\u0105cy funkcjonalno\u015b\u0107 z czyst\u0105 estetyk\u0105.<br \/>\nKompaktowy i wszechstronny - idealny do mniejszych przestrzeni, w kt\u00f3rych potrzebne jest stylowe rozwi\u0105zanie do przechowywania.<\/p>\n<p>Gdzie wygl\u0105da najlepiej?<\/p>\n<p>W kuchni - do przechowywania kubk\u00f3w, przypraw i innych akcesori\u00f3w kuchennych.<br \/>\nW salonie - jako element dekoracyjny do umieszczania \u015bwiec, ma\u0142ych ozd\u00f3b lub ksi\u0105\u017cek.<br \/>\nW przedpokoju - praktyczne miejsce na klucze, listy i inne drobne przedmioty.<br \/>\nW \u0142azience - do stylowego przechowywania kosmetyk\u00f3w i przybor\u00f3w toaletowych.<\/p>\n<p>Kolekcja Grimaud to wyb\u00f3r unikalnych element\u00f3w - starych artefakt\u00f3w i przedmiot\u00f3w wykonanych z pi\u0119knie patynowanego drewna pochodz\u0105cego z recyklingu. Pomagaj\u0105 one doda\u0107 zar\u00f3wno ciep\u0142a, duszy, jak i historii do domu.<\/p>\n<p>Kolekcja obejmuje pi\u0119kne elementy dekoracyjne, a tak\u017ce meble. Wsp\u00f3lne dla wszystkich Grimaud s\u0105 \u015blady poprzedniego \u017cycia i przeznaczenia.<\/p>\n<p>Nadawanie nowego \u017cycia starym skarbom to filozofia le\u017c\u0105ca u podstaw Chic Antique, a kolekcja Grimaud jest tego uosobieniem.<\/p>\n<p>Nale\u017cy pami\u0119ta\u0107, \u017ce wszystkie produkty Grimaud s\u0105 unikalne i nie ma dw\u00f3ch takich samych. Oznacza to, \u017ce mog\u0105 r\u00f3\u017cni\u0107 si\u0119 kszta\u0142tem, rozmiarem i rodzajem drewna.<\/p>\n<p>Stw\u00f3rz wyj\u0105tkow\u0105, naturaln\u0105 atmosfer\u0119 w swoim domu dzi\u0119ki p\u00f3\u0142ce \u015bciennej Grimaud, kt\u00f3ra jest idealnym po\u0142\u0105czeniem zr\u00f3wnowa\u017conego rozwoju i elegancji w stylu vintage - to stylowe i funkcjonalne rozwi\u0105zanie do ka\u017cdego pomieszczenia!<\/p>\n<p>Wymiary produktu: H43\/L30\/W23 cm<br \/>\nMateria\u0142: Drewno z odzysku, metal<br \/>\nKolor: naturalny<\/p>","protected":false},"excerpt":{"rendered":"<p>P\u00f3\u0142ka \u015bcienna z dwiema otwartymi p\u00f3\u0142kami i ma\u0142\u0105 szuflad\u0105. Dodatek w stylu vintage wykonany z drewna pochodz\u0105cego z recyklingu, kt\u00f3ry stanowi element dekoracyjny i nadaje si\u0119 do przechowywania ma\u0142ych przedmiot\u00f3w.<\/p>","protected":false},"featured_media":6881,"comment_status":"closed","ping_status":"closed","template":"","meta":{"_acf_changed":false,"_kad_post_transparent":"default","_kad_post_title":"","_kad_post_layout":"default","_kad_post_sidebar_id":"","_kad_post_content_style":"default","_kad_post_vertical_padding":"default","_kad_post_feature":"","_kad_post_feature_position":"","_kad_post_header":false,"_kad_post_footer":false,"_kad_post_classname":""},"pwb-brand":[19],"product_brand":[],"product_cat":[94,167],"product_tag":[334,173,206,34,396,318,1075,98],"gyarto":[],"class_list":{"0":"post-7046","1":"product","2":"type-product","3":"status-publish","4":"has-post-thumbnail","6":"pwb-brand-chic-antique","7":"product_cat-furniture","8":"product_cat-wall-shelf","9":"product_tag-new-arrivals","10":"product_tag-nordic-bench","11":"product_tag-nordic-furniture","12":"product_tag-nordic-interior-design","13":"product_tag-nordic-style","14":"product_tag-reclaimed-wood-furniture","15":"product_tag-spring-summer-2025","16":"product_tag-vintage-style","17":"pa_colour-nature","18":"pa_material-reclaimed-wood","20":"first","21":"instock","22":"taxable","23":"shipping-taxable","24":"purchasable","25":"product-type-simple","26":"entry","27":"content-bg","28":"loop-entry"},"acf":[],"brands":[{"id":19,"name":"Chic Antique","slug":"szykowny-antyk"}],"_links":{"self":[{"href":"https:\/\/yournordichome.com\/pl\/wp-json\/wp\/v2\/product\/7046","targetHints":{"allow":["GET"]}}],"collection":[{"href":"https:\/\/yournordichome.com\/pl\/wp-json\/wp\/v2\/product"}],"about":[{"href":"https:\/\/yournordichome.com\/pl\/wp-json\/wp\/v2\/types\/product"}],"replies":[{"embeddable":true,"href":"https:\/\/yournordichome.com\/pl\/wp-json\/wp\/v2\/comments?post=7046"}],"wp:featuredmedia":[{"embeddable":true,"href":"https:\/\/yournordichome.com\/pl\/wp-json\/wp\/v2\/media\/6881"}],"wp:attachment":[{"href":"https:\/\/yournordichome.com\/pl\/wp-json\/wp\/v2\/media?parent=7046"}],"wp:term":[{"taxonomy":"pwb-brand","embeddable":true,"href":"https:\/\/yournordichome.com\/pl\/wp-json\/wp\/v2\/pwb-brand?post=7046"},{"taxonomy":"product_brand","embeddable":true,"href":"https:\/\/yournordichome.com\/pl\/wp-json\/wp\/v2\/product_brand?post=7046"},{"taxonomy":"product_cat","embeddable":true,"href":"https:\/\/yournordichome.com\/pl\/wp-json\/wp\/v2\/product_cat?post=7046"},{"taxonomy":"product_tag","embeddable":true,"href":"https:\/\/yournordichome.com\/pl\/wp-json\/wp\/v2\/product_tag?post=7046"},{"taxonomy":"gyarto","embeddable":true,"href":"https:\/\/yournordichome.com\/pl\/wp-json\/wp\/v2\/gyarto?post=7046"}],"curies":[{"name":"wp","href":"https:\/\/api.w.org\/{rel}","templated":true}]}}