{"id":7044,"date":"2025-02-28T15:23:13","date_gmt":"2025-02-28T15:23:13","guid":{"rendered":"https:\/\/yournordichome.com\/product\/yasme-side-table-in-mango-wood\/"},"modified":"2025-08-13T08:59:02","modified_gmt":"2025-08-13T08:59:02","slug":"stolik-boczny-yasme-z-drewna-mango","status":"publish","type":"product","link":"https:\/\/yournordichome.com\/pl\/product\/yasme-side-table-in-mango-wood\/","title":{"rendered":"Stolik boczny Yasme z drewna mango"},"content":{"rendered":"<p>Stolik boczny Yasme marki Bloomingville wykonany jest z drewna mango z r\u0119cznie rze\u017abion\u0105 podstaw\u0105. Stolik boczny jest idealny obok fotela lub sofy z ma\u0142\u0105 lampk\u0105 lub innymi potrzebnymi przedmiotami. Mo\u017cna go r\u00f3wnie\u017c postawi\u0107 przy \u015bcianie z pi\u0119knym wazonem na wierzchu. Stolik boczny mo\u017ce by\u0107 u\u017cywany na wiele sposob\u00f3w, dzi\u0119ki czemu nadaje si\u0119 do salonu, sypialni lub przedpokoju.<\/p>\n<p>Ten stolik boczny z drewna mango to idealny wyb\u00f3r, je\u015bli chcesz doda\u0107 wyj\u0105tkowy, naturalny mebel do swojego domu. R\u0119cznie rze\u017abiony wz\u00f3r nie tylko zapewnia wyj\u0105tkowy wygl\u0105d, ale tak\u017ce podkre\u015bla ciep\u0142e odcienie i naturaln\u0105 faktur\u0119 drewna mango. Zaprojektowany w eleganckim skandynawskim stylu, ten stolik boczny jest idealnym dodatkiem do salonu, sypialni, a nawet przedpokoju.<\/p>\n<p>Dlaczego warto wybra\u0107 ten stolik?<\/p>\n<p>R\u0119cznie rze\u017abiony wz\u00f3r: skrupulatna r\u0119czna praca sprawia, \u017ce ka\u017cdy element jest wyj\u0105tkowy, dzi\u0119ki czemu z pewno\u015bci\u0105 b\u0119dzie wyj\u0105tkowym meblem w Twoim domu.<br \/>\nNaturalne materia\u0142y: pi\u0119kna tekstura i trwa\u0142o\u015b\u0107 drewna mango sprawiaj\u0105, \u017ce jest to inwestycja d\u0142ugoterminowa.<br \/>\nWszechstronne zastosowanie: idealny obok fotela lub sofy, przy \u015bcianie z wazonem, a nawet jako stolik nocny.<br \/>\nSkandynawski design: minimalistyczny, naturalny wygl\u0105d z \u0142atwo\u015bci\u0105 pasuje zar\u00f3wno do nowoczesnych, jak i klasycznych wn\u0119trz.<\/p>\n<p>Gdzie wygl\u0105da najlepiej?<\/p>\n<p>W salonie: obok sofy lub fotela, z ma\u0142\u0105 lampk\u0105 lub dekoracj\u0105.<br \/>\nW sypialni: jako stolik nocny, kt\u00f3ry jest zar\u00f3wno stylowy, jak i praktyczny.<br \/>\nW k\u0105ciku do czytania: idealne miejsce na fili\u017cank\u0119 kawy lub ulubion\u0105 ksi\u0105\u017ck\u0119.<\/p>\n<p>Uczy\u0144 sw\u00f3j dom jeszcze bardziej wyj\u0105tkowym dzi\u0119ki temu r\u0119cznie rze\u017abionemu stolikowi bocznemu z drewna mango, kt\u00f3ry jest zar\u00f3wno praktyczny, jak i dekoracyjny do ka\u017cdego pomieszczenia!<\/p>\n<p>Wymiary produktu: D30xH40 cm<br \/>\nKolor: naturalny<br \/>\nSk\u0142ad: Drewno mango<br \/>\nInstrukcja piel\u0119gnacji: Przetrze\u0107 wilgotn\u0105 szmatk\u0105.<br \/>\nMaksymalny ud\u017awig: 30 kg<br \/>\nMog\u0105 wyst\u0105pi\u0107 r\u00f3\u017cnice wynikaj\u0105ce z zastosowanych materia\u0142\u00f3w.<\/p>","protected":false},"excerpt":{"rendered":"<p>Stolik boczny z drewna mango z r\u0119cznie rze\u017abionym wzorem. Idealny obok fotela lub sofy z ma\u0142\u0105 lampk\u0105 lub obok \u015bciany z wazonem.<\/p>","protected":false},"featured_media":6826,"comment_status":"closed","ping_status":"closed","template":"","meta":{"_acf_changed":false,"_kad_post_transparent":"default","_kad_post_title":"","_kad_post_layout":"default","_kad_post_sidebar_id":"","_kad_post_content_style":"default","_kad_post_vertical_padding":"default","_kad_post_feature":"","_kad_post_feature_position":"","_kad_post_header":false,"_kad_post_footer":false,"_kad_post_classname":""},"pwb-brand":[17],"product_brand":[],"product_cat":[341,157],"product_tag":[146,205,334,206,34,117,396,1075],"gyarto":[],"class_list":{"0":"post-7044","1":"product","2":"type-product","3":"status-publish","4":"has-post-thumbnail","6":"pwb-brand-bloomingville","7":"product_cat-side-table","8":"product_cat-table","9":"product_tag-ethno-style","10":"product_tag-mango-wood-furniture","11":"product_tag-new-arrivals","12":"product_tag-nordic-furniture","13":"product_tag-nordic-interior-design","14":"product_tag-nordic-lamp","15":"product_tag-nordic-style","16":"product_tag-spring-summer-2025","17":"pa_colour-nature","18":"pa_material-mango-wood","20":"first","21":"instock","22":"taxable","23":"shipping-taxable","24":"purchasable","25":"product-type-simple","26":"entry","27":"content-bg","28":"loop-entry"},"acf":[],"brands":[{"id":17,"name":"Bloomingville","slug":"bloomingville"}],"_links":{"self":[{"href":"https:\/\/yournordichome.com\/pl\/wp-json\/wp\/v2\/product\/7044","targetHints":{"allow":["GET"]}}],"collection":[{"href":"https:\/\/yournordichome.com\/pl\/wp-json\/wp\/v2\/product"}],"about":[{"href":"https:\/\/yournordichome.com\/pl\/wp-json\/wp\/v2\/types\/product"}],"replies":[{"embeddable":true,"href":"https:\/\/yournordichome.com\/pl\/wp-json\/wp\/v2\/comments?post=7044"}],"wp:featuredmedia":[{"embeddable":true,"href":"https:\/\/yournordichome.com\/pl\/wp-json\/wp\/v2\/media\/6826"}],"wp:attachment":[{"href":"https:\/\/yournordichome.com\/pl\/wp-json\/wp\/v2\/media?parent=7044"}],"wp:term":[{"taxonomy":"pwb-brand","embeddable":true,"href":"https:\/\/yournordichome.com\/pl\/wp-json\/wp\/v2\/pwb-brand?post=7044"},{"taxonomy":"product_brand","embeddable":true,"href":"https:\/\/yournordichome.com\/pl\/wp-json\/wp\/v2\/product_brand?post=7044"},{"taxonomy":"product_cat","embeddable":true,"href":"https:\/\/yournordichome.com\/pl\/wp-json\/wp\/v2\/product_cat?post=7044"},{"taxonomy":"product_tag","embeddable":true,"href":"https:\/\/yournordichome.com\/pl\/wp-json\/wp\/v2\/product_tag?post=7044"},{"taxonomy":"gyarto","embeddable":true,"href":"https:\/\/yournordichome.com\/pl\/wp-json\/wp\/v2\/gyarto?post=7044"}],"curies":[{"name":"wp","href":"https:\/\/api.w.org\/{rel}","templated":true}]}}