{"id":7042,"date":"2025-02-28T15:23:13","date_gmt":"2025-02-28T15:23:13","guid":{"rendered":"https:\/\/yournordichome.com\/product\/grimaud-bench-with-metal-legs\/"},"modified":"2025-07-30T13:49:41","modified_gmt":"2025-07-30T13:49:41","slug":"lawka-grimaud-z-metalowymi-nogami","status":"publish","type":"product","link":"https:\/\/yournordichome.com\/pl\/product\/grimaud-bench-with-metal-legs\/","title":{"rendered":"\u0141awka Grimaud z metalowymi nogami"},"content":{"rendered":"<p>\u0141awka Grimaud z metalowymi nogami od Chic Antique. Jasny odcie\u0144 drewna i czarne metalowe nogi tworz\u0105 ekscytuj\u0105cy kontrast, a siedzisko z naturalnego drewna jest wyj\u0105tkowe dzi\u0119ki unikalnemu kszta\u0142towi metalowych n\u00f3g.<\/p>\n<p>\u0141awka Chic Antique Grimaud doskonale \u0142\u0105czy w sobie zr\u00f3wnowa\u017cone wykorzystanie materia\u0142\u00f3w i wyj\u0105tkowy design w stylu vintage. Naturalne pi\u0119kno i wyj\u0105tkowo\u015b\u0107 drewna z recyklingu jest podkre\u015blona przez unikalny wz\u00f3r metalowych n\u00f3g, dzi\u0119ki czemu ka\u017cdy element jest wyj\u0105tkowy i niepowtarzalny.<\/p>\n<p>Jasne odcienie drewna i czarne metalowe nogi tworz\u0105 nowoczesny, a zarazem ponadczasowy kontrast. \u0141awka idealnie pasuje do skandynawskich minimalistycznych, industrialnych lub shabby chic wn\u0119trz, niezale\u017cnie od tego, czy jest stylowym dodatkiem do salonu, funkcjonalnym miejscem do siedzenia w przedpokoju, czy eleganck\u0105 ozdob\u0105 sypialni.<\/p>\n<p>Dlaczego warto wybra\u0107 \u0142awk\u0119 Grimaud?<\/p>\n<p>Drewno z recyklingu - zr\u00f3wnowa\u017cone i naturalne rozwi\u0105zanie, kt\u00f3re wprowadza unikalne tekstury i wzory do przestrzeni.<br \/>\nWyj\u0105tkowo wzorzyste metalowe nogi - specjalny design, kt\u00f3ry podkre\u015bla charakter \u0142awki.<br \/>\nKontrast jasnego drewna i czarnego metalu - pasuje zar\u00f3wno do wn\u0119trz w stylu nowoczesnym, jak i vintage.<br \/>\nStylowy i funkcjonalny - idealne siedzisko, ale r\u00f3wnie\u017c sprawdzi si\u0119 jako dekoracja.<br \/>\nSzykowny antyk najwy\u017cszej jako\u015bci - ponadczasowy du\u0144ski design, kt\u00f3ry wygl\u0105da przytulnie w ka\u017cdej przestrzeni.<\/p>\n<p>Gdzie wygl\u0105da najlepiej?<\/p>\n<p>W korytarzu - praktyczne siedzisko do zak\u0142adania but\u00f3w, jako stylowy dodatek.<br \/>\nW salonie - dekoracyjny mebel, kt\u00f3ry doskonale sprawdzi si\u0119 obok sofy lub jako stolik kawowy.<br \/>\nW sypialni - jako \u0142awka nocna, kt\u00f3ra oferuje dodatkowe miejsce do przechowywania i jest stylowym dodatkiem.<\/p>\n<p>Uczy\u0144 sw\u00f3j dom jeszcze bardziej przytulnym i stylowym dzi\u0119ki \u0142awce Grimaud, kt\u00f3ra \u0142\u0105czy w sobie zr\u00f3wnowa\u017cony rozw\u00f3j i najwy\u017cszej jako\u015bci du\u0144ski design w wyj\u0105tkowym, charakterystycznym meblu!<\/p>\n<p>Wymiary produktu: H46\/L152\/W38 cm<br \/>\nMateria\u0142: drewno z odzysku, metal<br \/>\nKolor: naturalny<\/p>","protected":false},"excerpt":{"rendered":"<p>\u0141awka wykonana z drewna z recyklingu z unikalnym wzorem na metalowych nogach. Kolekcja Grimaud marki Chic Antique daje nowe \u017cycie pi\u0119knym materia\u0142om drewnianym, tworz\u0105c unikalne akcesoria vintage do domu.<\/p>","protected":false},"featured_media":6864,"comment_status":"closed","ping_status":"closed","template":"","meta":{"_acf_changed":false,"_kad_post_transparent":"default","_kad_post_title":"","_kad_post_layout":"default","_kad_post_sidebar_id":"","_kad_post_content_style":"default","_kad_post_vertical_padding":"default","_kad_post_feature":"","_kad_post_feature_position":"","_kad_post_header":false,"_kad_post_footer":false,"_kad_post_classname":""},"pwb-brand":[19],"product_brand":[],"product_cat":[171,152],"product_tag":[334,173,206,34,396,318,1075,98],"gyarto":[],"class_list":{"0":"post-7042","1":"product","2":"type-product","3":"status-publish","4":"has-post-thumbnail","6":"pwb-brand-chic-antique","7":"product_cat-bench","8":"product_cat-chair","9":"product_tag-new-arrivals","10":"product_tag-nordic-bench","11":"product_tag-nordic-furniture","12":"product_tag-nordic-interior-design","13":"product_tag-nordic-style","14":"product_tag-reclaimed-wood-furniture","15":"product_tag-spring-summer-2025","16":"product_tag-vintage-style","17":"pa_colour-nature","18":"pa_material-metal","19":"pa_material-reclaimed-wood","21":"first","22":"instock","23":"taxable","24":"shipping-taxable","25":"purchasable","26":"product-type-simple","27":"entry","28":"content-bg","29":"loop-entry"},"acf":[],"brands":[{"id":19,"name":"Chic Antique","slug":"szykowny-antyk"}],"_links":{"self":[{"href":"https:\/\/yournordichome.com\/pl\/wp-json\/wp\/v2\/product\/7042","targetHints":{"allow":["GET"]}}],"collection":[{"href":"https:\/\/yournordichome.com\/pl\/wp-json\/wp\/v2\/product"}],"about":[{"href":"https:\/\/yournordichome.com\/pl\/wp-json\/wp\/v2\/types\/product"}],"replies":[{"embeddable":true,"href":"https:\/\/yournordichome.com\/pl\/wp-json\/wp\/v2\/comments?post=7042"}],"wp:featuredmedia":[{"embeddable":true,"href":"https:\/\/yournordichome.com\/pl\/wp-json\/wp\/v2\/media\/6864"}],"wp:attachment":[{"href":"https:\/\/yournordichome.com\/pl\/wp-json\/wp\/v2\/media?parent=7042"}],"wp:term":[{"taxonomy":"pwb-brand","embeddable":true,"href":"https:\/\/yournordichome.com\/pl\/wp-json\/wp\/v2\/pwb-brand?post=7042"},{"taxonomy":"product_brand","embeddable":true,"href":"https:\/\/yournordichome.com\/pl\/wp-json\/wp\/v2\/product_brand?post=7042"},{"taxonomy":"product_cat","embeddable":true,"href":"https:\/\/yournordichome.com\/pl\/wp-json\/wp\/v2\/product_cat?post=7042"},{"taxonomy":"product_tag","embeddable":true,"href":"https:\/\/yournordichome.com\/pl\/wp-json\/wp\/v2\/product_tag?post=7042"},{"taxonomy":"gyarto","embeddable":true,"href":"https:\/\/yournordichome.com\/pl\/wp-json\/wp\/v2\/gyarto?post=7042"}],"curies":[{"name":"wp","href":"https:\/\/api.w.org\/{rel}","templated":true}]}}