{"id":7041,"date":"2025-02-28T15:23:13","date_gmt":"2025-02-28T15:23:13","guid":{"rendered":"https:\/\/yournordichome.com\/product\/serrone-console-table-nature-rubberwood\/"},"modified":"2025-08-13T08:56:14","modified_gmt":"2025-08-13T08:56:14","slug":"stol-konsolowy-serrone-natura-drewno-kauczukowe","status":"publish","type":"product","link":"https:\/\/yournordichome.com\/pl\/product\/serrone-console-table-nature-rubberwood\/","title":{"rendered":"St\u00f3\u0142 konsolowy Serrone, Nature, drewno kauczukowe"},"content":{"rendered":"<p>Stolik konsolowy z naturalnego drewna od Bloomingville w nowoczesnym, minimalistycznym stylu skandynawskim. Jego trwa\u0142a i mocna konstrukcja czyni go wyj\u0105tkowym. Mo\u017ce by\u0107 u\u017cywany w salonie, przedpokoju i sypialni, praktyczny do przechowywania r\u00f3\u017cnych akcesori\u00f3w i dekoracji.<\/p>\n<p>Ta konsola wykonana z drewna kauczukowego jest idealnym uciele\u015bnieniem nowoczesnego, minimalistycznego skandynawskiego designu. Dzi\u0119ki czystym liniom i naturalnemu wygl\u0105dowi drewna mo\u017cna go \u0142atwo zintegrowa\u0107 z ka\u017cdym pomieszczeniem. Jest zar\u00f3wno praktyczny, jak i dekoracyjny, co czyni go doskona\u0142ym wyborem, je\u015bli chcesz po\u0142\u0105czy\u0107 funkcjonalno\u015b\u0107 i estetyk\u0119 w swoim domu.<\/p>\n<p>Dlaczego warto wybra\u0107 t\u0119 konsol\u0119?<\/p>\n<p>Trwa\u0142a i mocna konstrukcja: wytrzyma\u0142e drewno kauczukowe zapewnia d\u0142ug\u0105 \u017cywotno\u015b\u0107 przy zachowaniu naturalnej elegancji.<\/p>\n<p>Czysty skandynawski design: jego minimalistyczny styl harmonijnie pasuje zar\u00f3wno do nowoczesnych, jak i klasycznych wn\u0119trz.<br \/>\nWszechstronne zastosowanie: stolik konsolowy b\u0119dzie pasowa\u0142 do salonu, przedpokoju lub sypialni, zar\u00f3wno do przechowywania, dekoracji, jak i praktycznych akcesori\u00f3w.<br \/>\nLekka dekoracja: idealna do eksponowania wazon\u00f3w, obraz\u00f3w, \u015bwiec lub innych przedmiot\u00f3w dekoracyjnych, a jednocze\u015bnie zapewniaj\u0105ca porz\u0105dek i styl.<\/p>\n<p>Gdzie mo\u017cna go u\u017cywa\u0107?<\/p>\n<p>W salonie: umieszczony za sof\u0105 lub przy \u015bcianie, jest stylowym i funkcjonalnym elementem.<br \/>\nW korytarzu: idealne miejsce na klucze, listy lub inne drobne przedmioty.<br \/>\nW sypialni: idealna alternatywa do stworzenia eleganckiej toaletki lub dyskretnego schowka.<\/p>\n<p>Uczy\u0144 sw\u00f3j dom jeszcze bardziej uporz\u0105dkowanym i stylowym dzi\u0119ki tej konsoli wykonanej z wytrzyma\u0142ego drewna kauczukowego, kt\u00f3ra doskonale \u0142\u0105czy w sobie funkcjonalno\u015b\u0107 i elegancj\u0119!<\/p>\n<p>Wymiary produktu: L100xH76xW35 cm<br \/>\nKolor: naturalny<br \/>\nSk\u0142ad: Drewno kauczukowe, \u017belazo<br \/>\nWyko\u0144czenie produktu: Lakier na bazie wody<br \/>\nMaksymalny ud\u017awig: 40 kg<\/p>","protected":false},"excerpt":{"rendered":"<p>Konsola wykonana z wytrzyma\u0142ego drewna kauczukowego, w czystym, minimalistycznym stylu skandynawskim. Praktyczny i dekoracyjny element, kt\u00f3ry mo\u017ce by\u0107 u\u017cywany w kilku pomieszczeniach w mieszkaniu.<\/p>","protected":false},"featured_media":6787,"comment_status":"closed","ping_status":"closed","template":"","meta":{"_acf_changed":false,"_kad_post_transparent":"default","_kad_post_title":"","_kad_post_layout":"default","_kad_post_sidebar_id":"","_kad_post_content_style":"default","_kad_post_vertical_padding":"default","_kad_post_feature":"","_kad_post_feature_position":"","_kad_post_header":false,"_kad_post_footer":false,"_kad_post_classname":""},"pwb-brand":[17],"product_brand":[],"product_cat":[200,157],"product_tag":[285,334,206,34,396,1075],"gyarto":[],"class_list":{"0":"post-7041","1":"product","2":"type-product","3":"status-publish","4":"has-post-thumbnail","6":"pwb-brand-bloomingville","7":"product_cat-console-table","8":"product_cat-table","9":"product_tag-minimalist-furniture","10":"product_tag-new-arrivals","11":"product_tag-nordic-furniture","12":"product_tag-nordic-interior-design","13":"product_tag-nordic-style","14":"product_tag-spring-summer-2025","15":"pa_colour-nature","16":"pa_material-rubberwood","18":"first","19":"instock","20":"taxable","21":"shipping-taxable","22":"purchasable","23":"product-type-simple","24":"entry","25":"content-bg","26":"loop-entry"},"acf":[],"brands":[{"id":17,"name":"Bloomingville","slug":"bloomingville"}],"_links":{"self":[{"href":"https:\/\/yournordichome.com\/pl\/wp-json\/wp\/v2\/product\/7041","targetHints":{"allow":["GET"]}}],"collection":[{"href":"https:\/\/yournordichome.com\/pl\/wp-json\/wp\/v2\/product"}],"about":[{"href":"https:\/\/yournordichome.com\/pl\/wp-json\/wp\/v2\/types\/product"}],"replies":[{"embeddable":true,"href":"https:\/\/yournordichome.com\/pl\/wp-json\/wp\/v2\/comments?post=7041"}],"wp:featuredmedia":[{"embeddable":true,"href":"https:\/\/yournordichome.com\/pl\/wp-json\/wp\/v2\/media\/6787"}],"wp:attachment":[{"href":"https:\/\/yournordichome.com\/pl\/wp-json\/wp\/v2\/media?parent=7041"}],"wp:term":[{"taxonomy":"pwb-brand","embeddable":true,"href":"https:\/\/yournordichome.com\/pl\/wp-json\/wp\/v2\/pwb-brand?post=7041"},{"taxonomy":"product_brand","embeddable":true,"href":"https:\/\/yournordichome.com\/pl\/wp-json\/wp\/v2\/product_brand?post=7041"},{"taxonomy":"product_cat","embeddable":true,"href":"https:\/\/yournordichome.com\/pl\/wp-json\/wp\/v2\/product_cat?post=7041"},{"taxonomy":"product_tag","embeddable":true,"href":"https:\/\/yournordichome.com\/pl\/wp-json\/wp\/v2\/product_tag?post=7041"},{"taxonomy":"gyarto","embeddable":true,"href":"https:\/\/yournordichome.com\/pl\/wp-json\/wp\/v2\/gyarto?post=7041"}],"curies":[{"name":"wp","href":"https:\/\/api.w.org\/{rel}","templated":true}]}}