{"id":7036,"date":"2025-02-28T15:22:47","date_gmt":"2025-02-28T15:22:47","guid":{"rendered":"https:\/\/yournordichome.com\/product\/spike-silver-table-lamp\/"},"modified":"2025-07-30T14:04:00","modified_gmt":"2025-07-30T14:04:00","slug":"srebrna-lampa-stolowa-spike","status":"publish","type":"product","link":"https:\/\/yournordichome.com\/pl\/product\/spike-silver-table-lamp\/","title":{"rendered":"Srebrna lampa sto\u0142owa Spike"},"content":{"rendered":"<p>Srebrna lampa sto\u0142owa Spike marki Bloomingville to przyci\u0105gaj\u0105cy wzrok, dekoracyjny dodatek do wystroju domu. Umie\u015b\u0107 j\u0105 na p\u00f3\u0142ce, parapecie lub stoliku bocznym, aby stworzy\u0107 wyj\u0105tkowe nastrojowe o\u015bwietlenie w swojej przestrzeni.<\/p>\n<p>Lampa sto\u0142owa Spike to ikona nowoczesnego i czystego skandynawskiego designu Bloomingville. B\u0142yszcz\u0105ce chromowane wyko\u0144czenie w kolorze srebrnym nadaje jej wyj\u0105tkowy, futurystyczny wygl\u0105d. W ten spos\u00f3b lampa nie tylko o\u015bwietla, ale tak\u017ce funkcjonuje jako dekoracyjny punkt centralny w przestrzeni. B\u0142yszcz\u0105ca powierzchnia lampy odbija otoczenie, tworz\u0105c ekscytuj\u0105cy efekt wizualny w ka\u017cdym pomieszczeniu.<\/p>\n<p>Dlaczego warto wybra\u0107 lamp\u0119 sto\u0142ow\u0105 Spike?<\/p>\n<p>Du\u0144ski design klasy premium: dzi\u0119ki wyj\u0105tkowemu wzornictwu lampa zaprojektowana przez Bloomingville mo\u017ce by\u0107 eleganckim dodatkiem do ka\u017cdego wn\u0119trza.<br \/>\nSrebrne chromowane wyko\u0144czenie: b\u0142yszcz\u0105ca powierzchnia zapewnia ekskluzywny i nowoczesny wygl\u0105d.<br \/>\nWszechstronne umiejscowienie: idealny na p\u00f3\u0142k\u0119, parapet, komod\u0119 lub stolik kawowy.<br \/>\nO\u015bwietlenie nastrojowe: zapewnia mi\u0119kkie \u015bwiat\u0142o, kt\u00f3re tworzy wyj\u0105tkow\u0105 atmosfer\u0119 wieczorem.<br \/>\nDekoracyjne i funkcjonalne: mog\u0105 by\u0107 u\u017cywane zar\u00f3wno jako o\u015bwietlenie, jak i jako obiekt designerski, kt\u00f3ry dodaje ekskluzywno\u015bci Twojemu domowi.<\/p>\n<p>Gdzie wygl\u0105da najlepiej?<\/p>\n<p>W salonie: umieszczona na p\u00f3\u0142ce lub konsoli jako eleganckie \u017ar\u00f3d\u0142o \u015bwiat\u0142a.<br \/>\nW sypialni: na stoliku nocnym jako nowoczesne i czyste o\u015bwietlenie.<br \/>\nW gabinecie: jako inspiruj\u0105cy i kreatywny element wystroju biurka.<br \/>\nW jadalni lub kuchni: jako dodatkowe \u017ar\u00f3d\u0142o \u015bwiat\u0142a, aby uczyni\u0107 wn\u0119trze bardziej luksusowym.<\/p>\n<p>Podnie\u015b styl swojego domu dzi\u0119ki srebrnej lampie sto\u0142owej Spike, kt\u00f3ra tworzy wyj\u0105tkow\u0105 atmosfer\u0119 w ka\u017cdej przestrzeni dzi\u0119ki nowoczesnej elegancji i imponuj\u0105cemu efektowi \u015bwietlnemu!<\/p>\n<p>Wymiary produktu: D20xH32 cm<br \/>\nKolor: srebrny<br \/>\nSk\u0142ad: 60% \u017belazo, 30% Szk\u0142o, 10% PVC<br \/>\nKlasa energetyczna \u017car\u00f3wki: Wszystkie klasy<br \/>\n\u017bar\u00f3wka nie wchodzi w sk\u0142ad zestawu.<br \/>\nKszta\u0142t \u017car\u00f3wki: Zwyk\u0142a, E14, LED lub energooszcz\u0119dna (CFL)<br \/>\nMaksymalna moc \u017car\u00f3wki: LED 5W \/CFL 9W<br \/>\nCertyfikat CE: Tak<br \/>\nPrzew\u00f3d: Czarny, 150 cm, Tkanina + PVC<br \/>\nW\u0142\u0105czanie przewodu<br \/>\nKlasyfikacja IP: IP20<\/p>","protected":false},"excerpt":{"rendered":"<p>Lampa sto\u0142owa w kolorze srebrnym o unikalnym designie i b\u0142yszcz\u0105cym chromowanym wyko\u0144czeniu.<\/p>","protected":false},"featured_media":6819,"comment_status":"closed","ping_status":"closed","template":"","meta":{"_acf_changed":false,"_kad_post_transparent":"default","_kad_post_title":"","_kad_post_layout":"default","_kad_post_sidebar_id":"","_kad_post_content_style":"default","_kad_post_vertical_padding":"default","_kad_post_feature":"","_kad_post_feature_position":"","_kad_post_header":false,"_kad_post_footer":false,"_kad_post_classname":""},"pwb-brand":[17],"product_brand":[],"product_cat":[73,72],"product_tag":[285,334,206,34,117,396,1075],"gyarto":[],"class_list":{"0":"post-7036","1":"product","2":"type-product","3":"status-publish","4":"has-post-thumbnail","6":"pwb-brand-bloomingville","7":"product_cat-desk-and-table-lamp","8":"product_cat-lamp","9":"product_tag-minimalist-furniture","10":"product_tag-new-arrivals","11":"product_tag-nordic-furniture","12":"product_tag-nordic-interior-design","13":"product_tag-nordic-lamp","14":"product_tag-nordic-style","15":"product_tag-spring-summer-2025","16":"pa_colour-silver","17":"pa_material-metal","19":"first","20":"instock","21":"taxable","22":"shipping-taxable","23":"purchasable","24":"product-type-simple","25":"entry","26":"content-bg","27":"loop-entry"},"acf":[],"brands":[{"id":17,"name":"Bloomingville","slug":"bloomingville"}],"_links":{"self":[{"href":"https:\/\/yournordichome.com\/pl\/wp-json\/wp\/v2\/product\/7036","targetHints":{"allow":["GET"]}}],"collection":[{"href":"https:\/\/yournordichome.com\/pl\/wp-json\/wp\/v2\/product"}],"about":[{"href":"https:\/\/yournordichome.com\/pl\/wp-json\/wp\/v2\/types\/product"}],"replies":[{"embeddable":true,"href":"https:\/\/yournordichome.com\/pl\/wp-json\/wp\/v2\/comments?post=7036"}],"wp:featuredmedia":[{"embeddable":true,"href":"https:\/\/yournordichome.com\/pl\/wp-json\/wp\/v2\/media\/6819"}],"wp:attachment":[{"href":"https:\/\/yournordichome.com\/pl\/wp-json\/wp\/v2\/media?parent=7036"}],"wp:term":[{"taxonomy":"pwb-brand","embeddable":true,"href":"https:\/\/yournordichome.com\/pl\/wp-json\/wp\/v2\/pwb-brand?post=7036"},{"taxonomy":"product_brand","embeddable":true,"href":"https:\/\/yournordichome.com\/pl\/wp-json\/wp\/v2\/product_brand?post=7036"},{"taxonomy":"product_cat","embeddable":true,"href":"https:\/\/yournordichome.com\/pl\/wp-json\/wp\/v2\/product_cat?post=7036"},{"taxonomy":"product_tag","embeddable":true,"href":"https:\/\/yournordichome.com\/pl\/wp-json\/wp\/v2\/product_tag?post=7036"},{"taxonomy":"gyarto","embeddable":true,"href":"https:\/\/yournordichome.com\/pl\/wp-json\/wp\/v2\/gyarto?post=7036"}],"curies":[{"name":"wp","href":"https:\/\/api.w.org\/{rel}","templated":true}]}}