{"id":7024,"date":"2025-02-28T15:22:47","date_gmt":"2025-02-28T15:22:47","guid":{"rendered":"https:\/\/yournordichome.com\/product\/black-wall-cabinet\/"},"modified":"2025-08-13T08:41:31","modified_gmt":"2025-08-13T08:41:31","slug":"czarna-szafka-scienna","status":"publish","type":"product","link":"https:\/\/yournordichome.com\/pl\/product\/black-wall-cabinet\/","title":{"rendered":"Czarna szafka \u015bcienna"},"content":{"rendered":"<p>Industrialna metalowa p\u00f3\u0142ka \u015bcienna od Bloomingville. Ten wyj\u0105tkowy dodatek od du\u0144skiej marki premium doskonale wpisuje si\u0119 w styl skandynawski. Metalowa rama szafki wykonana jest z widocznymi spawami, co nadaje jej surowy, industrialny wygl\u0105d.<\/p>\n<p>Eleganckie, szklane drzwi \u0142agodz\u0105 industrialny efekt i chroni\u0105 ulubione akcesoria, kt\u00f3re mo\u017cna pi\u0119knie wyeksponowa\u0107 w salonie, sypialni lub kuchni.<\/p>\n<p>Ta czarna metalowa szafka jest idealnym wyborem, je\u015bli chcesz po\u0142\u0105czy\u0107 styl industrialny z nowoczesnym skandynawskim designem w swoim domu. Szklane drzwi zapewniaj\u0105 elegancki wygl\u0105d, a wn\u0119trze z dwiema p\u00f3\u0142kami oferuje praktyczne miejsce do przechowywania i ekspozycji. Szafk\u0119 mo\u017cna wykorzysta\u0107 jako p\u00f3\u0142k\u0119 \u015bcienn\u0105 lub sto\u0142ow\u0105, co czyni j\u0105 stylowym i funkcjonalnym dodatkiem do ka\u017cdego pomieszczenia.<\/p>\n<p>Dlaczego warto wybra\u0107 t\u0119 metalow\u0105 szafk\u0119?<\/p>\n<p>Wzornictwo przemys\u0142owe: ods\u0142oni\u0119te spawy metalowej ramy tworz\u0105 surowy, charakterystyczny wygl\u0105d, kt\u00f3ry czyni przestrze\u0144 wyj\u0105tkow\u0105.<br \/>\nSzklane drzwi panelowe: delikatne szklane detale \u0142agodz\u0105 industrialny efekt, jednocze\u015bnie chroni\u0105c i podkre\u015blaj\u0105c przechowywane przedmioty.<br \/>\nWszechstronne umiejscowienie: montowany na \u015bcianie, aby zaoszcz\u0119dzi\u0107 miejsce, a jednocze\u015bnie dzia\u0142aj\u0105cy jako dodatkowa powierzchnia do przechowywania jako p\u00f3\u0142ka sto\u0142owa.<br \/>\nKonstrukcja z dwiema p\u00f3\u0142kami: idealna do schludnego przechowywania i eksponowania przedmiot\u00f3w dekoracyjnych, talerzy, kubk\u00f3w lub osobistych akcesori\u00f3w.<\/p>\n<p>Gdzie wygl\u0105da najlepiej?<\/p>\n<p>W salonie: do stylowego eksponowania ozd\u00f3b, ksi\u0105\u017cek.<br \/>\nW kuchni: do porz\u0105dkowania talerzy, szklanek i ulubionych akcesori\u00f3w kuchennych.<br \/>\nW sypialni: do przechowywania bi\u017cuterii, perfum lub drobnych przedmiot\u00f3w osobistych.<br \/>\nStw\u00f3rz stylowe i praktyczne rozwi\u0105zanie do przechowywania dzi\u0119ki tej metalowej szafce w stylu industrialnym, kt\u00f3ra doskonale \u0142\u0105czy surowy przemys\u0142owy design ze skandynawsk\u0105 elegancj\u0105!<\/p>\n<p>Wymiary produktu: L46xH61xW21,5 cm<br \/>\nWymiary drzwi \/ przodu: L43xW1xH40 cm<br \/>\nKolor: czarny<br \/>\nSk\u0142ad: \u017belazo, Szk\u0142o<br \/>\nInstrukcja piel\u0119gnacji: Przetrze\u0107 wilgotn\u0105 szmatk\u0105.<br \/>\nMaksymalny ud\u017awig: 10 kg na p\u00f3\u0142k\u0119<\/p>","protected":false},"excerpt":{"rendered":"<p>Czarna metalowa szafka w stylu industrialnym, kt\u00f3r\u0105 mo\u017cna powiesi\u0107 na \u015bcianie lub wykorzysta\u0107 jako p\u00f3\u0142k\u0119 na stole. Szklane drzwi skrywaj\u0105 dwie p\u00f3\u0142ki, kt\u00f3re idealnie nadaj\u0105 si\u0119 do eksponowania przedmiot\u00f3w dekoracyjnych w salonie lub do przechowywania talerzy i kubk\u00f3w w kuchni.<\/p>","protected":false},"featured_media":6624,"comment_status":"closed","ping_status":"closed","template":"","meta":{"_acf_changed":false,"_kad_post_transparent":"default","_kad_post_title":"","_kad_post_layout":"default","_kad_post_sidebar_id":"","_kad_post_content_style":"default","_kad_post_vertical_padding":"default","_kad_post_feature":"","_kad_post_feature_position":"","_kad_post_header":false,"_kad_post_footer":false,"_kad_post_classname":""},"pwb-brand":[17],"product_brand":[],"product_cat":[94,167],"product_tag":[177,334,206,34,396,136,1075],"gyarto":[],"class_list":{"0":"post-7024","1":"product","2":"type-product","3":"status-publish","4":"has-post-thumbnail","6":"pwb-brand-bloomingville","7":"product_cat-furniture","8":"product_cat-wall-shelf","9":"product_tag-industrial-style","10":"product_tag-new-arrivals","11":"product_tag-nordic-furniture","12":"product_tag-nordic-interior-design","13":"product_tag-nordic-style","14":"product_tag-shelves","15":"product_tag-spring-summer-2025","16":"pa_colour-black","17":"pa_material-metal","19":"first","20":"instock","21":"taxable","22":"shipping-taxable","23":"purchasable","24":"product-type-simple","25":"entry","26":"content-bg","27":"loop-entry"},"acf":[],"brands":[{"id":17,"name":"Bloomingville","slug":"bloomingville"}],"_links":{"self":[{"href":"https:\/\/yournordichome.com\/pl\/wp-json\/wp\/v2\/product\/7024","targetHints":{"allow":["GET"]}}],"collection":[{"href":"https:\/\/yournordichome.com\/pl\/wp-json\/wp\/v2\/product"}],"about":[{"href":"https:\/\/yournordichome.com\/pl\/wp-json\/wp\/v2\/types\/product"}],"replies":[{"embeddable":true,"href":"https:\/\/yournordichome.com\/pl\/wp-json\/wp\/v2\/comments?post=7024"}],"wp:featuredmedia":[{"embeddable":true,"href":"https:\/\/yournordichome.com\/pl\/wp-json\/wp\/v2\/media\/6624"}],"wp:attachment":[{"href":"https:\/\/yournordichome.com\/pl\/wp-json\/wp\/v2\/media?parent=7024"}],"wp:term":[{"taxonomy":"pwb-brand","embeddable":true,"href":"https:\/\/yournordichome.com\/pl\/wp-json\/wp\/v2\/pwb-brand?post=7024"},{"taxonomy":"product_brand","embeddable":true,"href":"https:\/\/yournordichome.com\/pl\/wp-json\/wp\/v2\/product_brand?post=7024"},{"taxonomy":"product_cat","embeddable":true,"href":"https:\/\/yournordichome.com\/pl\/wp-json\/wp\/v2\/product_cat?post=7024"},{"taxonomy":"product_tag","embeddable":true,"href":"https:\/\/yournordichome.com\/pl\/wp-json\/wp\/v2\/product_tag?post=7024"},{"taxonomy":"gyarto","embeddable":true,"href":"https:\/\/yournordichome.com\/pl\/wp-json\/wp\/v2\/gyarto?post=7024"}],"curies":[{"name":"wp","href":"https:\/\/api.w.org\/{rel}","templated":true}]}}