{"id":7013,"date":"2025-02-28T15:21:59","date_gmt":"2025-02-28T15:21:59","guid":{"rendered":"https:\/\/yournordichome.com\/product\/black-chest-of-drawers\/"},"modified":"2025-07-30T14:13:35","modified_gmt":"2025-07-30T14:13:35","slug":"czarna-komoda-z-szufladami","status":"publish","type":"product","link":"https:\/\/yournordichome.com\/pl\/product\/black-chest-of-drawers\/","title":{"rendered":"Czarna komoda z szufladami"},"content":{"rendered":"<p>Czarna komoda Bloomingville o osza\u0142amiaj\u0105cym industrialnym wygl\u0105dzie. Metalowa rama nadaje jej industrialny charakter, kt\u00f3ry \u0142agodz\u0105 rustykalne drewniane szuflady.<\/p>\n<p>Wyj\u0105tkowe meble do wn\u0119trz urz\u0105dzonych w stylu skandynawskim, najwy\u017cszej jako\u015bci od du\u0144skiego producenta. Ta komoda to idealny wyb\u00f3r, je\u015bli chcesz po\u0142\u0105czy\u0107 industrialny design z rustykalnym ciep\u0142em w swoim domu. Czarna metalowa rama nadaje mocny industrialny charakter, a naturalna faktura 12 pojemnych drewnianych szuflad sprawia, \u017ce mebel jest bardziej mi\u0119kki i przytulny. Praktyczne i estetyczne rozwi\u0105zanie do przechowywania, kt\u00f3re pomaga uporz\u0105dkowa\u0107 przedmioty i jednocze\u015bnie dodaje charakteru pomieszczeniu.<\/p>\n<p>Dlaczego warto wybra\u0107 t\u0119 komod\u0119?<\/p>\n<p>Styl industrialny: po\u0142\u0105czenie metalu i drewna zapewnia charakterystyczny wygl\u0105d, kt\u00f3ry tworzy niepowtarzaln\u0105 atmosfer\u0119 w przestrzeni.<br \/>\nPrzestronna przestrze\u0144 do przechowywania: 12 szuflad oferuje du\u017co miejsca, dzi\u0119ki czemu mo\u017cna \u0142atwo uporz\u0105dkowa\u0107 ma\u0142e przedmioty, materia\u0142y biurowe lub inne przedmioty.<br \/>\nSolidna i trwa\u0142a konstrukcja: wytrzyma\u0142a metalowa rama i wysokiej jako\u015bci drewniane szuflady gwarantuj\u0105 d\u0142ug\u0105 \u017cywotno\u015b\u0107.<br \/>\nDekoracyjny i funkcjonalny: praktyczny schowek i przyci\u0105gaj\u0105cy wzrok mebel, kt\u00f3ry rozja\u015bni pomieszczenie.<\/p>\n<p>Gdzie wygl\u0105da najlepiej?<\/p>\n<p>W salonie: idealne miejsce do eksponowania przedmiot\u00f3w dekoracyjnych i przechowywania drobnych przedmiot\u00f3w.<br \/>\nW gabinecie: praktyczne miejsce do przechowywania materia\u0142\u00f3w biurowych.<br \/>\nW korytarzu: do porz\u0105dkowania kluczy, czapek lub innych przedmiot\u00f3w codziennego u\u017cytku.<br \/>\nW sypialni: pomaga \u0142atwo znale\u017a\u0107 akcesoria i ma\u0142e skarby.<\/p>\n<p>Stw\u00f3rz uporz\u0105dkowany, ale stylowy dom dzi\u0119ki tej osza\u0142amiaj\u0105cej komodzie, kt\u00f3ra jest idealnym po\u0142\u0105czeniem industrialnego stylu i rustykalnego ciep\u0142a!<\/p>\n<p>Wymiary produktu: L60,5xH92xW33,5 cm<br \/>\nKolor: czarny<br \/>\nSk\u0142ad: \u017belazo, Drewno jod\u0142owe, Sklejka<br \/>\nInstrukcja piel\u0119gnacji: Przetrze\u0107 wilgotn\u0105 szmatk\u0105.<br \/>\nMaksymalny ud\u017awig: 5 kg w ka\u017cdej szufladzie \/ 15 kg na g\u00f3rze<\/p>","protected":false},"excerpt":{"rendered":"<p>Komoda w stylu industrialnym z rustykalnym charakterem. Posiada 12 pojemnych szuflad, kt\u00f3re pomieszcz\u0105 wszystko, od drobnych przedmiot\u00f3w po materia\u0142y biurowe.<\/p>","protected":false},"featured_media":6595,"comment_status":"closed","ping_status":"closed","template":"","meta":{"_acf_changed":false,"_kad_post_transparent":"default","_kad_post_title":"","_kad_post_layout":"default","_kad_post_sidebar_id":"","_kad_post_content_style":"default","_kad_post_vertical_padding":"default","_kad_post_feature":"","_kad_post_feature_position":"","_kad_post_header":false,"_kad_post_footer":false,"_kad_post_classname":""},"pwb-brand":[17],"product_brand":[],"product_cat":[94,95],"product_tag":[97,177,334,206,34,396,257,1075],"gyarto":[],"class_list":{"0":"post-7013","1":"product","2":"type-product","3":"status-publish","4":"has-post-thumbnail","6":"pwb-brand-bloomingville","7":"product_cat-furniture","8":"product_cat-storage-unit","9":"product_tag-chest-of-drawers","10":"product_tag-industrial-style","11":"product_tag-new-arrivals","12":"product_tag-nordic-furniture","13":"product_tag-nordic-interior-design","14":"product_tag-nordic-style","15":"product_tag-pinewood-furniture","16":"product_tag-spring-summer-2025","17":"pa_colour-black","18":"pa_material-metal","19":"pa_material-pine-wood","21":"first","22":"instock","23":"taxable","24":"shipping-taxable","25":"purchasable","26":"product-type-simple","27":"entry","28":"content-bg","29":"loop-entry"},"acf":[],"brands":[{"id":17,"name":"Bloomingville","slug":"bloomingville"}],"_links":{"self":[{"href":"https:\/\/yournordichome.com\/pl\/wp-json\/wp\/v2\/product\/7013","targetHints":{"allow":["GET"]}}],"collection":[{"href":"https:\/\/yournordichome.com\/pl\/wp-json\/wp\/v2\/product"}],"about":[{"href":"https:\/\/yournordichome.com\/pl\/wp-json\/wp\/v2\/types\/product"}],"replies":[{"embeddable":true,"href":"https:\/\/yournordichome.com\/pl\/wp-json\/wp\/v2\/comments?post=7013"}],"wp:featuredmedia":[{"embeddable":true,"href":"https:\/\/yournordichome.com\/pl\/wp-json\/wp\/v2\/media\/6595"}],"wp:attachment":[{"href":"https:\/\/yournordichome.com\/pl\/wp-json\/wp\/v2\/media?parent=7013"}],"wp:term":[{"taxonomy":"pwb-brand","embeddable":true,"href":"https:\/\/yournordichome.com\/pl\/wp-json\/wp\/v2\/pwb-brand?post=7013"},{"taxonomy":"product_brand","embeddable":true,"href":"https:\/\/yournordichome.com\/pl\/wp-json\/wp\/v2\/product_brand?post=7013"},{"taxonomy":"product_cat","embeddable":true,"href":"https:\/\/yournordichome.com\/pl\/wp-json\/wp\/v2\/product_cat?post=7013"},{"taxonomy":"product_tag","embeddable":true,"href":"https:\/\/yournordichome.com\/pl\/wp-json\/wp\/v2\/product_tag?post=7013"},{"taxonomy":"gyarto","embeddable":true,"href":"https:\/\/yournordichome.com\/pl\/wp-json\/wp\/v2\/gyarto?post=7013"}],"curies":[{"name":"wp","href":"https:\/\/api.w.org\/{rel}","templated":true}]}}