{"id":7012,"date":"2025-02-28T15:21:59","date_gmt":"2025-02-28T15:21:59","guid":{"rendered":"https:\/\/yournordichome.com\/product\/bistro-set-w-2-chairs-1-table-2\/"},"modified":"2026-04-15T07:23:27","modified_gmt":"2026-04-15T07:23:27","slug":"zestaw-bistro-2-krzesla-1-stol-2","status":"publish","type":"product","link":"https:\/\/yournordichome.com\/pl\/product\/bistro-set-w-2-chairs-1-table-2\/","title":{"rendered":"Zestaw bistro z 2 krzes\u0142ami i 1 sto\u0142em"},"content":{"rendered":"<p>Zestaw bistro z 2 krzes\u0142ami i 1 sto\u0142em marki Chic Antique. Zestaw sk\u0142ada si\u0119 z okr\u0105g\u0142ego sto\u0142u i dw\u00f3ch sk\u0142adanych krzese\u0142, kt\u00f3re b\u0119d\u0105 pi\u0119knym dodatkiem do ogrodu lub tarasu.<\/p>\n<p>Poczuj urok prowansalskiego lata z mi\u0119towo-zielonym zestawem ogrodowym od Chic Antique! Postarzana powierzchnia i surowa metalowa podstawa tworz\u0105 ponadczasow\u0105 atmosfer\u0119 vintage, kt\u00f3ra przywo\u0142uje urok romantycznej francuskiej wsi. Subtelny mi\u0119towy odcie\u0144 zieleni wnosi \u015bwie\u017co\u015b\u0107 do ogrodu lub na taras, a czyste linie i lekki design tworz\u0105 eleganck\u0105, blisk\u0105 naturze atmosfer\u0119.<\/p>\n<p>Zestaw sk\u0142ada si\u0119 z okr\u0105g\u0142ego sto\u0142u i dw\u00f3ch sk\u0142adanych krzese\u0142, dzi\u0119ki czemu jest nie tylko estetyczny, ale tak\u017ce praktyczny. Jest to r\u00f3wnie\u017c idealne rozwi\u0105zanie dla mniejszych przestrzeni, balkon\u00f3w i taras\u00f3w, poniewa\u017c mo\u017cna go \u0142atwo z\u0142o\u017cy\u0107 i przechowywa\u0107, gdy nie jest u\u017cywany.<\/p>\n<p>Dlaczego warto wybra\u0107 ten mi\u0119towo-zielony zestaw ogrodowy?<\/p>\n<p>Design w stylu prowansalskim - romantyczna atmosfera vintage, kt\u00f3ra emanuje ponadczasow\u0105 elegancj\u0105.<br \/>\n\u015awie\u017cy mi\u0119towy odcie\u0144 zieleni - naturalny wygl\u0105d, kt\u00f3ry rozja\u015bni atmosfer\u0119 ogrodu.<br \/>\nPraktyczna konstrukcja - sk\u0142adane krzes\u0142a, \u0142atwe do przechowywania.<br \/>\nAntyczna powierzchnia i surowa metalowa podstawa - idealna harmonia stylu rustykalnego i nowoczesnego.<br \/>\nJako\u015b\u0107 premium Chic Antique - unikalny du\u0144ski design, kt\u00f3ry zapewnia ponadczasowy i stylowy wygl\u0105d.<\/p>\n<p>Gdzie wygl\u0105da najlepiej?<\/p>\n<p>W ogrodzie - idealne miejsce na relaksuj\u0105c\u0105 porann\u0105 kaw\u0119 lub wieczorne wino.<br \/>\nNa tarasie - eleganckie i praktyczne rozwi\u0105zanie dla mniejszych przestrzeni zewn\u0119trznych.<br \/>\nNa balkonie - kompaktowy i stylowy, idealny do mniejszych przestrzeni.<\/p>\n<p>Stw\u00f3rz prowansalsk\u0105 atmosfer\u0119 w swoim ogrodzie lub na tarasie dzi\u0119ki temu mi\u0119towo-zielonemu antycznemu zestawowi ogrodowemu, kt\u00f3ry wnosi urok lata z ponadczasowym stylem i praktycznymi rozwi\u0105zaniami Chic Antique!<\/p>\n<p>Wymiary produktu, st\u00f3\u0142: H72\/D70 cm<br \/>\nWymiary produktu, krzes\u0142o: H93\/L47\/W40 cm<br \/>\nMateria\u0142: Metal<br \/>\nPowierzchnia: \u0141\u0105cznie z cynkowaniem elektrolitycznym i malowaniem proszkowym<br \/>\nKolor: Antyczny zielony<\/p>","protected":false},"excerpt":{"rendered":"<p>Poczuj francuski urok przez ca\u0142e lato dzi\u0119ki temu osza\u0142amiaj\u0105cemu zestawowi bistro od Chic Antique. Antyczny kolor verte to delikatna ziele\u0144, kt\u00f3ra w po\u0142\u0105czeniu z surowym \u017celazem daje niesamowity efekt vintage. Urocze detale zapewniaj\u0105 odrobin\u0119 romantyzmu.<\/p>","protected":false},"featured_media":6829,"comment_status":"closed","ping_status":"closed","template":"","meta":{"_acf_changed":false,"_kad_post_transparent":"default","_kad_post_title":"","_kad_post_layout":"default","_kad_post_sidebar_id":"","_kad_post_content_style":"default","_kad_post_vertical_padding":"default","_kad_post_feature":"","_kad_post_feature_position":"","_kad_post_header":false,"_kad_post_footer":false,"_kad_post_classname":""},"pwb-brand":[19],"product_brand":[],"product_cat":[94,174],"product_tag":[334,206,34,396,33,25,1075,98],"gyarto":[],"class_list":{"0":"post-7012","1":"product","2":"type-product","3":"status-publish","4":"has-post-thumbnail","6":"pwb-brand-chic-antique","7":"product_cat-furniture","8":"product_cat-garden-furniture","9":"product_tag-new-arrivals","10":"product_tag-nordic-furniture","11":"product_tag-nordic-interior-design","12":"product_tag-nordic-style","13":"product_tag-outdoor-furniture","14":"product_tag-shabby-chic","15":"product_tag-spring-summer-2025","16":"product_tag-vintage-style","17":"pa_colour-green","18":"pa_material-metal","20":"first","21":"instock","22":"taxable","23":"shipping-taxable","24":"purchasable","25":"product-type-simple","26":"entry","27":"content-bg","28":"loop-entry"},"acf":[],"brands":[{"id":19,"name":"Chic Antique","slug":"szykowny-antyk"}],"_links":{"self":[{"href":"https:\/\/yournordichome.com\/pl\/wp-json\/wp\/v2\/product\/7012","targetHints":{"allow":["GET"]}}],"collection":[{"href":"https:\/\/yournordichome.com\/pl\/wp-json\/wp\/v2\/product"}],"about":[{"href":"https:\/\/yournordichome.com\/pl\/wp-json\/wp\/v2\/types\/product"}],"replies":[{"embeddable":true,"href":"https:\/\/yournordichome.com\/pl\/wp-json\/wp\/v2\/comments?post=7012"}],"wp:featuredmedia":[{"embeddable":true,"href":"https:\/\/yournordichome.com\/pl\/wp-json\/wp\/v2\/media\/6829"}],"wp:attachment":[{"href":"https:\/\/yournordichome.com\/pl\/wp-json\/wp\/v2\/media?parent=7012"}],"wp:term":[{"taxonomy":"pwb-brand","embeddable":true,"href":"https:\/\/yournordichome.com\/pl\/wp-json\/wp\/v2\/pwb-brand?post=7012"},{"taxonomy":"product_brand","embeddable":true,"href":"https:\/\/yournordichome.com\/pl\/wp-json\/wp\/v2\/product_brand?post=7012"},{"taxonomy":"product_cat","embeddable":true,"href":"https:\/\/yournordichome.com\/pl\/wp-json\/wp\/v2\/product_cat?post=7012"},{"taxonomy":"product_tag","embeddable":true,"href":"https:\/\/yournordichome.com\/pl\/wp-json\/wp\/v2\/product_tag?post=7012"},{"taxonomy":"gyarto","embeddable":true,"href":"https:\/\/yournordichome.com\/pl\/wp-json\/wp\/v2\/gyarto?post=7012"}],"curies":[{"name":"wp","href":"https:\/\/api.w.org\/{rel}","templated":true}]}}