{"id":7010,"date":"2025-02-28T15:21:59","date_gmt":"2025-02-28T15:21:59","guid":{"rendered":"https:\/\/yournordichome.com\/product\/giacoma-floor-lamp-rubberwood\/"},"modified":"2026-01-30T16:41:24","modified_gmt":"2026-01-30T16:41:24","slug":"lampa-podlogowa-giacoma-drewno-kauczukowe","status":"publish","type":"product","link":"https:\/\/yournordichome.com\/pl\/product\/giacoma-floor-lamp-rubberwood\/","title":{"rendered":"Lampa pod\u0142ogowa Giacoma Rubberwood"},"content":{"rendered":"<p>Lampa pod\u0142ogowa z naturalnego drewna Giacoma od Bloomingville to osza\u0142amiaj\u0105ce uciele\u015bnienie klasycznego skandynawskiego minimalizmu. Du\u0144ski produkt premium b\u0119dzie charakterystycznym, akcentuj\u0105cym dodatkiem w przestrzeni, a specjalne wykorzystanie materia\u0142\u00f3w i wykonanie sprawiaj\u0105, \u017ce jest naprawd\u0119 atrakcyjny.<\/p>\n<p>Lampa pod\u0142ogowa jest idealna, aby uczyni\u0107 pok\u00f3j w salonie lub sypialni bardziej przytulnym lub u\u017cy\u0107 jej jako lampki do czytania obok sofy. Podstaw\u0105 skandynawskiej atmosfery hygge s\u0105 \u017ar\u00f3d\u0142a \u015bwiat\u0142a w pomieszczeniu: zamiast centralnego o\u015bwietlenia, kt\u00f3re wype\u0142nia wszystko, kilka mniejszych nastrojowych lamp tworzy prawdziwie domow\u0105, intymn\u0105 atmosfer\u0119.<\/p>\n<p>Lampa pod\u0142ogowa Giacoma to klejnot du\u0144skiego designu Bloomingville, wnosz\u0105cy esencj\u0119 klasycznego skandynawskiego minimalizmu do Twojego domu. Unikalnie ukszta\u0142towany aba\u017cur z naturalnego drewna o naturalnym pi\u0119knie i dopasowanym odcieniu w neutralnym kolorze jest wyj\u0105tkowym, a jednocze\u015bnie ponadczasowym elementem dekoracyjnym. Jego design jest nie tylko stylowy, ale tak\u017ce funkcjonalny, poniewa\u017c tworzy nastrojowe o\u015bwietlenie w ka\u017cdej przestrzeni.<\/p>\n<p>Dlaczego warto wybra\u0107 lamp\u0119 pod\u0142ogow\u0105 Giacoma?<\/p>\n<p>Du\u0144ski design klasy premium: Jako\u015b\u0107 wykonania i czysty styl Bloomingville gwarantuj\u0105 trwa\u0142o\u015b\u0107 i wra\u017cenia estetyczne.<br \/>\nSpecjalne wykorzystanie materia\u0142\u00f3w: aba\u017cur z naturalnego drewna emanuje naturalnym ciep\u0142em, co doskonale wpisuje si\u0119 w skandynawsk\u0105 filozofi\u0119 hygge.<br \/>\nNastrojowe o\u015bwietlenie: idealne akcesorium, kt\u00f3re tworzy domow\u0105, intymn\u0105 atmosfer\u0119 w salonie, sypialni lub k\u0105ciku do czytania.<br \/>\nWszechstronne zastosowanie: mo\u017ce s\u0142u\u017cy\u0107 jako lampka do czytania obok sofy lub jako nastrojowe o\u015bwietlenie w cichym zak\u0105tku pokoju.<br \/>\nDekoracyjna i praktyczna: lampa jest zar\u00f3wno funkcjonalnym o\u015bwietleniem, jak i rze\u017abiarskim elementem dekoracyjnym, kt\u00f3ry dobrze wygl\u0105da w ka\u017cdym wn\u0119trzu.<\/p>\n<p>Gdzie wygl\u0105da najlepiej?<\/p>\n<p>W salonie: jako lampka do czytania obok sofy lub fotela, zapewniaj\u0105c przytulne \u015bwiat\u0142o do wieczornego relaksu.<br \/>\nW sypialni: jako nastrojowe o\u015bwietlenie obok \u0142\u00f3\u017cka lub w wygodnym k\u0105ciku do czytania.<br \/>\nW gabinecie: jako inspiruj\u0105ce \u017ar\u00f3d\u0142o \u015bwiat\u0142a, kt\u00f3re jest stylowym dodatkiem do \u015brodowiska pracy.<br \/>\nW korytarzu: jako element dekoracyjny witaj\u0105cy wchodz\u0105cych.<\/p>\n<p>Stw\u00f3rz przytuln\u0105 i intymn\u0105 atmosfer\u0119 dzi\u0119ki lampie pod\u0142ogowej Giacoma z naturalnego drewna, kt\u00f3ra wniesie do Twojego domu elegancj\u0119 i funkcjonalno\u015b\u0107 skandynawskiego minimalizmu!<\/p>\n<p>Wymiary produktu: D44xH154,5 cm<br \/>\nRozmiar klosza: D44 x H30 cm<br \/>\nKolor: naturalny<br \/>\nSk\u0142ad: Drewno kauczukowe, P\u0142\u00f3tno, \u017belazo, PVC<br \/>\n\u017bar\u00f3wka: Wszystkie klasy, Zwyk\u0142a, E27<br \/>\nTyp \u017car\u00f3wki: Zwyk\u0142a i LED<br \/>\nMaksymalna moc \u017car\u00f3wki: 40W \/ LED 5W \/ CFL 11W<br \/>\n\u017bar\u00f3wka nie wchodzi w sk\u0142ad zestawu.<br \/>\nCertyfikat CE: Tak<br \/>\nKolor przewodu: czarny<br \/>\nD\u0142ugo\u015b\u0107 przewodu: 150 cm<br \/>\nMateria\u0142 przewodu: PVC<br \/>\nPrze\u0142\u0105cznik no\u017cny na przewodzie.<br \/>\nMog\u0105 wyst\u0105pi\u0107 r\u00f3\u017cnice w drewnie, poniewa\u017c jest to materia\u0142 naturalny.<\/p>","protected":false},"excerpt":{"rendered":"<p>Lampa pod\u0142ogowa Giacoma to dekoracyjny dodatek do domu dzi\u0119ki unikalnie ukszta\u0142towanemu korpusowi z naturalnego drewna i dopasowanemu aba\u017curowi w neutralnym kolorze. Sprawi, \u017ce ka\u017cdy zak\u0105tek domu stanie si\u0119 przytulny.<\/p>","protected":false},"featured_media":6662,"comment_status":"closed","ping_status":"closed","template":"","meta":{"_acf_changed":false,"_kad_post_transparent":"default","_kad_post_title":"","_kad_post_layout":"default","_kad_post_sidebar_id":"","_kad_post_content_style":"default","_kad_post_vertical_padding":"default","_kad_post_feature":"","_kad_post_feature_position":"","_kad_post_header":false,"_kad_post_footer":false,"_kad_post_classname":""},"pwb-brand":[17],"product_brand":[],"product_cat":[176,72],"product_tag":[285,334,206,34,117,396,1075],"gyarto":[],"class_list":{"0":"post-7010","1":"product","2":"type-product","3":"status-publish","4":"has-post-thumbnail","6":"pwb-brand-bloomingville","7":"product_cat-floor-lamp","8":"product_cat-lamp","9":"product_tag-minimalist-furniture","10":"product_tag-new-arrivals","11":"product_tag-nordic-furniture","12":"product_tag-nordic-interior-design","13":"product_tag-nordic-lamp","14":"product_tag-nordic-style","15":"product_tag-spring-summer-2025","16":"pa_colour-nature","17":"pa_material-rubberwood","19":"first","20":"instock","21":"taxable","22":"shipping-taxable","23":"purchasable","24":"product-type-simple","25":"entry","26":"content-bg","27":"loop-entry"},"acf":[],"brands":[{"id":17,"name":"Bloomingville","slug":"bloomingville"}],"_links":{"self":[{"href":"https:\/\/yournordichome.com\/pl\/wp-json\/wp\/v2\/product\/7010","targetHints":{"allow":["GET"]}}],"collection":[{"href":"https:\/\/yournordichome.com\/pl\/wp-json\/wp\/v2\/product"}],"about":[{"href":"https:\/\/yournordichome.com\/pl\/wp-json\/wp\/v2\/types\/product"}],"replies":[{"embeddable":true,"href":"https:\/\/yournordichome.com\/pl\/wp-json\/wp\/v2\/comments?post=7010"}],"wp:featuredmedia":[{"embeddable":true,"href":"https:\/\/yournordichome.com\/pl\/wp-json\/wp\/v2\/media\/6662"}],"wp:attachment":[{"href":"https:\/\/yournordichome.com\/pl\/wp-json\/wp\/v2\/media?parent=7010"}],"wp:term":[{"taxonomy":"pwb-brand","embeddable":true,"href":"https:\/\/yournordichome.com\/pl\/wp-json\/wp\/v2\/pwb-brand?post=7010"},{"taxonomy":"product_brand","embeddable":true,"href":"https:\/\/yournordichome.com\/pl\/wp-json\/wp\/v2\/product_brand?post=7010"},{"taxonomy":"product_cat","embeddable":true,"href":"https:\/\/yournordichome.com\/pl\/wp-json\/wp\/v2\/product_cat?post=7010"},{"taxonomy":"product_tag","embeddable":true,"href":"https:\/\/yournordichome.com\/pl\/wp-json\/wp\/v2\/product_tag?post=7010"},{"taxonomy":"gyarto","embeddable":true,"href":"https:\/\/yournordichome.com\/pl\/wp-json\/wp\/v2\/gyarto?post=7010"}],"curies":[{"name":"wp","href":"https:\/\/api.w.org\/{rel}","templated":true}]}}