{"id":7008,"date":"2025-02-28T15:21:59","date_gmt":"2025-02-28T15:21:59","guid":{"rendered":"https:\/\/yournordichome.com\/product\/black-metal-wall-shelf-3\/"},"modified":"2025-07-30T14:12:28","modified_gmt":"2025-07-30T14:12:28","slug":"czarna-metalowa-polka-scienna-3","status":"publish","type":"product","link":"https:\/\/yournordichome.com\/pl\/product\/black-metal-wall-shelf-3\/","title":{"rendered":"Czarna metalowa p\u00f3\u0142ka \u015bcienna"},"content":{"rendered":"<p><strong>Czarna metalowa p\u00f3\u0142ka \u015bcienna<\/strong> marki Bloomingville, kt\u00f3ry dzi\u0119ki swojemu czystemu, minimalistycznemu wygl\u0105dowi idealnie pasuje do przestrzeni o skandynawskim charakterze. Surowe metalowe wyko\u0144czenie nadaje mu industrialny charakter, dodatkowo wzmacniaj\u0105c klasyczny skandynawski efekt. Mo\u017cna go u\u017cywa\u0107 praktycznie w salonie, sypialni i kuchni.<\/p>\n<p>Ta czarna p\u00f3\u0142ka \u015bcienna z surowym metalowym wyko\u0144czeniem to harmonijne po\u0142\u0105czenie industrialnego i skandynawskiego designu Bloomingville. Jej minimalistyczny design i surowa metalowa faktura nadaj\u0105 ka\u017cdemu pomieszczeniu nowoczesny, a jednocze\u015bnie charakterystyczny wygl\u0105d. Dzi\u0119ki praktycznemu rozmiarowi jest idealnym wyborem do przechowywania i eksponowania ulubionych ma\u0142ych przedmiot\u00f3w, dekoracji, a nawet przybor\u00f3w kuchennych.<\/p>\n<p>Dlaczego warto wybra\u0107 t\u0119 p\u00f3\u0142k\u0119 \u015bcienn\u0105?<\/p>\n<p>Industrialny design: surowe metalowe wyko\u0144czenie tworzy przemys\u0142ow\u0105 atmosfer\u0119, kt\u00f3ra dodaje stylu i charakteru przestrzeni.<br \/>\nMinimalistyczny wygl\u0105d: jego czyste linie sprawiaj\u0105, \u017ce z \u0142atwo\u015bci\u0105 wpasuje si\u0119 zar\u00f3wno w nowoczesne, jak i skandynawskie wn\u0119trza.<br \/>\nPraktyczny i wszechstronny: idealny do przechowywania mniejszych przedmiot\u00f3w lub podkre\u015blania dekoracji.<br \/>\nDoskona\u0142e wykorzystanie materia\u0142\u00f3w: jako\u015b\u0107 wykonania i surowe metalowe wyko\u0144czenie gwarantuj\u0105 trwa\u0142o\u015b\u0107 i elegancj\u0119.<\/p>\n<p>Gdzie wygl\u0105da najlepiej?<\/p>\n<p>W salonie: do stylowego eksponowania przedmiot\u00f3w dekoracyjnych, ro\u015blin lub ma\u0142ych ksi\u0105\u017cek.<br \/>\nW sypialni: do przechowywania akcesori\u00f3w, bi\u017cuterii lub przedmiot\u00f3w osobistych.<br \/>\nW kuchni: zapewnia praktyczne miejsce na przyprawy, kubki lub drobne przybory kuchenne.<br \/>\nW gabinecie: do przechowywania inspiruj\u0105cych przedmiot\u00f3w lub artyku\u0142\u00f3w pi\u015bmiennych.<\/p>\n<p>Urozmai\u0107 sw\u00f3j dom t\u0105 czarn\u0105 p\u00f3\u0142k\u0105 \u015bcienn\u0105, idealnym po\u0142\u0105czeniem industrialnej elegancji i skandynawskiej funkcjonalno\u015bci!<\/p>\n<p>Wymiary produktu: L49xH90xW22,5 cm<br \/>\nKolor: czarny<br \/>\nSk\u0142ad: \u017belazo<br \/>\nWyko\u0144czenie produktu: Lakier na bazie wody<br \/>\nMaksymalny ud\u017awig: 5 kg na p\u00f3\u0142k\u0119<br \/>\nInstrukcja piel\u0119gnacji: Przetrze\u0107 wilgotn\u0105 szmatk\u0105.<\/p>","protected":false},"excerpt":{"rendered":"<p>Czarna p\u00f3\u0142ka \u015bcienna z surowym metalowym wyko\u0144czeniem, kt\u00f3re nadaje pomieszczeniu stylowy, industrialny charakter. Dzi\u0119ki praktycznemu rozmiarowi p\u00f3\u0142ka \u015bcienna jest idealna do eksponowania ulubionych ma\u0142ych przedmiot\u00f3w i dekoracji.<\/p>","protected":false},"featured_media":6610,"comment_status":"closed","ping_status":"closed","template":"","meta":{"_acf_changed":false,"_kad_post_transparent":"default","_kad_post_title":"","_kad_post_layout":"default","_kad_post_sidebar_id":"","_kad_post_content_style":"default","_kad_post_vertical_padding":"default","_kad_post_feature":"","_kad_post_feature_position":"","_kad_post_header":false,"_kad_post_footer":false,"_kad_post_classname":""},"pwb-brand":[17],"product_brand":[],"product_cat":[94,167],"product_tag":[177,285,334,206,34,396,1047,136,1075],"gyarto":[],"class_list":{"0":"post-7008","1":"product","2":"type-product","3":"status-publish","4":"has-post-thumbnail","6":"pwb-brand-bloomingville","7":"product_cat-furniture","8":"product_cat-wall-shelf","9":"product_tag-industrial-style","10":"product_tag-minimalist-furniture","11":"product_tag-new-arrivals","12":"product_tag-nordic-furniture","13":"product_tag-nordic-interior-design","14":"product_tag-nordic-style","15":"product_tag-shelf","16":"product_tag-shelves","17":"product_tag-spring-summer-2025","18":"pa_colour-black","19":"pa_material-metal","21":"first","22":"instock","23":"taxable","24":"shipping-taxable","25":"purchasable","26":"product-type-simple","27":"entry","28":"content-bg","29":"loop-entry"},"acf":[],"brands":[{"id":17,"name":"Bloomingville","slug":"bloomingville"}],"_links":{"self":[{"href":"https:\/\/yournordichome.com\/pl\/wp-json\/wp\/v2\/product\/7008","targetHints":{"allow":["GET"]}}],"collection":[{"href":"https:\/\/yournordichome.com\/pl\/wp-json\/wp\/v2\/product"}],"about":[{"href":"https:\/\/yournordichome.com\/pl\/wp-json\/wp\/v2\/types\/product"}],"replies":[{"embeddable":true,"href":"https:\/\/yournordichome.com\/pl\/wp-json\/wp\/v2\/comments?post=7008"}],"wp:featuredmedia":[{"embeddable":true,"href":"https:\/\/yournordichome.com\/pl\/wp-json\/wp\/v2\/media\/6610"}],"wp:attachment":[{"href":"https:\/\/yournordichome.com\/pl\/wp-json\/wp\/v2\/media?parent=7008"}],"wp:term":[{"taxonomy":"pwb-brand","embeddable":true,"href":"https:\/\/yournordichome.com\/pl\/wp-json\/wp\/v2\/pwb-brand?post=7008"},{"taxonomy":"product_brand","embeddable":true,"href":"https:\/\/yournordichome.com\/pl\/wp-json\/wp\/v2\/product_brand?post=7008"},{"taxonomy":"product_cat","embeddable":true,"href":"https:\/\/yournordichome.com\/pl\/wp-json\/wp\/v2\/product_cat?post=7008"},{"taxonomy":"product_tag","embeddable":true,"href":"https:\/\/yournordichome.com\/pl\/wp-json\/wp\/v2\/product_tag?post=7008"},{"taxonomy":"gyarto","embeddable":true,"href":"https:\/\/yournordichome.com\/pl\/wp-json\/wp\/v2\/gyarto?post=7008"}],"curies":[{"name":"wp","href":"https:\/\/api.w.org\/{rel}","templated":true}]}}