{"id":6996,"date":"2025-02-28T15:21:34","date_gmt":"2025-02-28T15:21:34","guid":{"rendered":"https:\/\/yournordichome.com\/product\/salvo-metal-cabinet-with-glass-doors\/"},"modified":"2025-08-12T16:44:24","modified_gmt":"2025-08-12T16:44:24","slug":"metalowa-szafka-salvo-ze-szklanymi-drzwiami","status":"publish","type":"product","link":"https:\/\/yournordichome.com\/pl\/product\/salvo-metal-cabinet-with-glass-doors\/","title":{"rendered":"Metalowa szafka Salvo ze szklanymi drzwiami"},"content":{"rendered":"<p>Metalowa komoda ze szklanymi drzwiczkami od Bloomingville w delikatnym piaskowym kolorze, kt\u00f3ra wniesie wyrafinowan\u0105 elegancj\u0119 do ka\u017cdego pomieszczenia w Twoim domu. Dwoje drzwi metalowej szafki wykonane s\u0105 z pr\u0105\u017ckowanego szk\u0142a, kt\u00f3re nadaje meblom przewiewny i jednocze\u015bnie nowoczesny wygl\u0105d.<\/p>\n<p>Jego wewn\u0119trzne p\u00f3\u0142ki oferuj\u0105 praktyczne opcje przechowywania, a czysty design idealnie pasuje do wyposa\u017cenia salonu, jadalni lub przedpokoju.<\/p>\n<p>Dlaczego warto wybra\u0107 t\u0119 komod\u0119?<\/p>\n<p>Elegancki piaskowy design: pow\u015bci\u0105gliwy odcie\u0144 harmonijnie pasuje do ka\u017cdego wn\u0119trza, emanuj\u0105c ponadczasow\u0105 elegancj\u0105.<br \/>\n\u017bebrowane szklane drzwi: wz\u00f3r teksturowanego szk\u0142a jest nie tylko stylowy, ale tak\u017ce dyskretnie ukrywa zawarto\u015b\u0107 wewn\u0105trz.<br \/>\nPraktyczne przechowywanie: wewn\u0119trzne p\u00f3\u0142ki s\u0105 idealne do organizowania i przechowywania ksi\u0105\u017cek, naczy\u0144 lub przedmiot\u00f3w dekoracyjnych.<br \/>\nWszechstronne umiejscowienie: dzi\u0119ki uniwersalnemu designowi komoda b\u0119dzie pasowa\u0107 r\u00f3wnie\u017c do salonu, jadalni czy przedpokoju.<br \/>\nDu\u0144ski design klasy premium: komoda reprezentuje czysty styl i jako\u015b\u0107 skandynawskich tradycji projektowania wn\u0119trz, kt\u00f3re s\u0105 zar\u00f3wno nowoczesne, jak i ponadczasowe.<\/p>\n<p>Gdzie wygl\u0105da najlepiej?<\/p>\n<p>W salonie: do przechowywania i eksponowania przedmiot\u00f3w dekoracyjnych, ksi\u0105\u017cek, a nawet okular\u00f3w.<br \/>\nW jadalni: do porz\u0105dkowania talerzy, szklanek i innych przybor\u00f3w kuchennych.<br \/>\nW przedpokoju: stanowi stylowe powitanie dla wchodz\u0105cych, zapewniaj\u0105c jednocze\u015bnie praktyczn\u0105 przestrze\u0144 do przechowywania.<br \/>\nW sypialni: mo\u017cna na niej schludnie przechowywa\u0107 akcesoria, w tym po\u015bciel.<\/p>\n<p>Spraw, by Tw\u00f3j dom by\u0142 stylowy i uporz\u0105dkowany dzi\u0119ki tej komodzie z pr\u0105\u017ckowanymi szklanymi drzwiami w kolorze piaskowym, kt\u00f3ra jest idealnym po\u0142\u0105czeniem elegancji i praktyczno\u015bci!<\/p>\n<p>Wymiary produktu: L80xH90xW40 cm<br \/>\nKolor: naturalny<br \/>\nSk\u0142ad: \u017belazo, Szk\u0142o<br \/>\nWyko\u0144czenie produktu: Malowane proszkowo<br \/>\nInstrukcja piel\u0119gnacji: Przetrze\u0107 wilgotn\u0105 szmatk\u0105.<br \/>\nMaksymalny ud\u017awig: 30 kg na g\u00f3rze, 25 kg na ka\u017cdej p\u00f3\u0142ce<br \/>\nRozmiar wewn\u0105trz pomieszcze\u0144: 79,5\u00d770,5\u00d735 cm<\/p>","protected":false},"excerpt":{"rendered":"<p>Pi\u0119kna szafka w delikatnym piaskowym kolorze, kt\u00f3ra doda elegancji ka\u017cdemu pomieszczeniu. Dwoje drzwi metalowej szafki posiada dekoracyjne detale z pr\u0105\u017ckowanego szk\u0142a. Dzi\u0119ki praktycznym p\u00f3\u0142kom idealnie nadaje si\u0119 do przechowywania i dekoracji, i b\u0119dzie pasowa\u0107 do salonu, jadalni lub przedpokoju.<\/p>","protected":false},"featured_media":6775,"comment_status":"closed","ping_status":"closed","template":"","meta":{"_acf_changed":false,"_kad_post_transparent":"default","_kad_post_title":"","_kad_post_layout":"default","_kad_post_sidebar_id":"","_kad_post_content_style":"default","_kad_post_vertical_padding":"default","_kad_post_feature":"","_kad_post_feature_position":"","_kad_post_header":false,"_kad_post_footer":false,"_kad_post_classname":""},"pwb-brand":[17],"product_brand":[],"product_cat":[135,94],"product_tag":[285,334,206,34,396,136,1075],"gyarto":[],"class_list":{"0":"post-6996","1":"product","2":"type-product","3":"status-publish","4":"has-post-thumbnail","6":"pwb-brand-bloomingville","7":"product_cat-cabinet","8":"product_cat-furniture","9":"product_tag-minimalist-furniture","10":"product_tag-new-arrivals","11":"product_tag-nordic-furniture","12":"product_tag-nordic-interior-design","13":"product_tag-nordic-style","14":"product_tag-shelves","15":"product_tag-spring-summer-2025","16":"pa_colour-nature","17":"pa_material-metal","19":"first","20":"instock","21":"taxable","22":"shipping-taxable","23":"purchasable","24":"product-type-simple","25":"entry","26":"content-bg","27":"loop-entry"},"acf":[],"brands":[{"id":17,"name":"Bloomingville","slug":"bloomingville"}],"_links":{"self":[{"href":"https:\/\/yournordichome.com\/pl\/wp-json\/wp\/v2\/product\/6996","targetHints":{"allow":["GET"]}}],"collection":[{"href":"https:\/\/yournordichome.com\/pl\/wp-json\/wp\/v2\/product"}],"about":[{"href":"https:\/\/yournordichome.com\/pl\/wp-json\/wp\/v2\/types\/product"}],"replies":[{"embeddable":true,"href":"https:\/\/yournordichome.com\/pl\/wp-json\/wp\/v2\/comments?post=6996"}],"wp:featuredmedia":[{"embeddable":true,"href":"https:\/\/yournordichome.com\/pl\/wp-json\/wp\/v2\/media\/6775"}],"wp:attachment":[{"href":"https:\/\/yournordichome.com\/pl\/wp-json\/wp\/v2\/media?parent=6996"}],"wp:term":[{"taxonomy":"pwb-brand","embeddable":true,"href":"https:\/\/yournordichome.com\/pl\/wp-json\/wp\/v2\/pwb-brand?post=6996"},{"taxonomy":"product_brand","embeddable":true,"href":"https:\/\/yournordichome.com\/pl\/wp-json\/wp\/v2\/product_brand?post=6996"},{"taxonomy":"product_cat","embeddable":true,"href":"https:\/\/yournordichome.com\/pl\/wp-json\/wp\/v2\/product_cat?post=6996"},{"taxonomy":"product_tag","embeddable":true,"href":"https:\/\/yournordichome.com\/pl\/wp-json\/wp\/v2\/product_tag?post=6996"},{"taxonomy":"gyarto","embeddable":true,"href":"https:\/\/yournordichome.com\/pl\/wp-json\/wp\/v2\/gyarto?post=6996"}],"curies":[{"name":"wp","href":"https:\/\/api.w.org\/{rel}","templated":true}]}}