{"id":6993,"date":"2025-02-28T15:21:34","date_gmt":"2025-02-28T15:21:34","guid":{"rendered":"https:\/\/yournordichome.com\/product\/black-pine-wall-cabinet\/"},"modified":"2025-07-30T14:49:36","modified_gmt":"2025-07-30T14:49:36","slug":"czarna-sosnowa-szafka-scienna","status":"publish","type":"product","link":"https:\/\/yournordichome.com\/pl\/product\/black-pine-wall-cabinet\/","title":{"rendered":"Szafka \u015bcienna z czarnej sosny"},"content":{"rendered":"<p>Czarna sosnowa szafka \u015bcienna marki Bloomingville. Minimalistyczna prostota reprezentowana przez du\u0144skiego producenta premium wygl\u0105da dobrze w salonie, kuchni i domowym biurze.<\/p>\n<p>Za \u017cebrowanymi szklanymi drzwiami znajduje si\u0119 p\u00f3\u0142ka, dzi\u0119ki czemu ten niewielki mebel mo\u017cna praktycznie wykorzysta\u0107 do przechowywania ulubionych przedmiot\u00f3w.<\/p>\n<p>Ta czarna sosnowa szafka \u015bcienna jest uciele\u015bnieniem nordyckiego minimalizmu Bloomingville. Czyste linie i eleganckie \u017cebrowane szklane drzwi nadaj\u0105 jej niepowtarzalny wygl\u0105d, zapewniaj\u0105c jednocze\u015bnie praktyczne rozwi\u0105zanie do przechowywania. Zakrzywiona konstrukcja i delikatnie teksturowane szk\u0142o stylowo \u0142\u0105cz\u0105 nowoczesny design ze skandynawsk\u0105 estetyk\u0105.<\/p>\n<p>Dlaczego warto wybra\u0107 t\u0119 szafk\u0119 \u015bcienn\u0105?<\/p>\n<p>Eleganckie \u017cebrowane szklane drzwi: unikalna tekstura drzwi dyskretnie ukrywa przechowywane przedmioty, tworz\u0105c jednocze\u015bnie lekki i nowoczesny efekt.<br \/>\nPraktyczna przestrze\u0144 do przechowywania: wewn\u0119trzna p\u00f3\u0142ka jest idealna do przechowywania ulubionych przedmiot\u00f3w, ksi\u0105\u017cek lub ma\u0142ych akcesori\u00f3w.<br \/>\nPonadczasowy design: czarny kolor i minimalistyczny design pasuj\u0105 do ka\u017cdego wn\u0119trza, w salonie, kuchni i gabinecie.<br \/>\nZr\u00f3wnowa\u017cone materia\u0142y: lite drewno sosnowe zapewnia trwa\u0142o\u015b\u0107 i naturalne pi\u0119kno mebli.<br \/>\nGdzie wygl\u0105da najlepiej?<\/p>\n<p>W salonie: mo\u017cesz ukry\u0107 to, czego nie chcesz mie\u0107 na widoku, jednocze\u015bnie dodaj\u0105c elegancji przestrzeni.<br \/>\nW kuchni: Praktyczne miejsce na przyprawy, kubki lub drobne przybory kuchenne.<br \/>\nW gabinecie: zapewnia uporz\u0105dkowane przechowywanie dokument\u00f3w i materia\u0142\u00f3w biurowych.<br \/>\nW sypialni: stylowy schowek na bi\u017cuteri\u0119, perfumy lub drobne przedmioty osobiste.<\/p>\n<p>Spraw, by Tw\u00f3j dom by\u0142 stylowy i uporz\u0105dkowany dzi\u0119ki tej czarnej sosnowej szafce \u015bciennej, kt\u00f3ra jest idealnym po\u0142\u0105czeniem skandynawskiego minimalizmu i eleganckiej funkcjonalno\u015bci!<\/p>\n<p>Wymiary produktu: L62xH49xW23 cm<br \/>\nKolor: czarny<br \/>\nSk\u0142ad: Drewno sosnowe, MDF, Szk\u0142o<br \/>\nInstrukcja piel\u0119gnacji: Przetrze\u0107 wilgotn\u0105 szmatk\u0105.<br \/>\nMaksymalny ud\u017awig: 3 kg na p\u00f3\u0142k\u0119<br \/>\nWyko\u0144czenie produktu: Farba na bazie wody, wyko\u0144czenie postarzane<\/p>","protected":false},"excerpt":{"rendered":"<p>Szafka \u015bcienna wykonana z drewna sosnowego w kolorze czarnym, kt\u00f3ra nadaje pomieszczeniu czystego minimalizmu stylu skandynawskiego. Drzwi s\u0105 ozdobione eleganckim, \u017cebrowanym szk\u0142em o zakrzywionym kszta\u0142cie.<\/p>","protected":false},"featured_media":6619,"comment_status":"closed","ping_status":"closed","template":"","meta":{"_acf_changed":false,"_kad_post_transparent":"default","_kad_post_title":"","_kad_post_layout":"default","_kad_post_sidebar_id":"","_kad_post_content_style":"default","_kad_post_vertical_padding":"default","_kad_post_feature":"","_kad_post_feature_position":"","_kad_post_header":false,"_kad_post_footer":false,"_kad_post_classname":""},"pwb-brand":[17],"product_brand":[],"product_cat":[94,167],"product_tag":[334,206,34,396,257,136,1075],"gyarto":[],"class_list":{"0":"post-6993","1":"product","2":"type-product","3":"status-publish","4":"has-post-thumbnail","6":"pwb-brand-bloomingville","7":"product_cat-furniture","8":"product_cat-wall-shelf","9":"product_tag-new-arrivals","10":"product_tag-nordic-furniture","11":"product_tag-nordic-interior-design","12":"product_tag-nordic-style","13":"product_tag-pinewood-furniture","14":"product_tag-shelves","15":"product_tag-spring-summer-2025","16":"pa_colour-black","17":"pa_material-pine-wood","19":"first","20":"instock","21":"taxable","22":"shipping-taxable","23":"purchasable","24":"product-type-simple","25":"entry","26":"content-bg","27":"loop-entry"},"acf":[],"brands":[{"id":17,"name":"Bloomingville","slug":"bloomingville"}],"_links":{"self":[{"href":"https:\/\/yournordichome.com\/pl\/wp-json\/wp\/v2\/product\/6993","targetHints":{"allow":["GET"]}}],"collection":[{"href":"https:\/\/yournordichome.com\/pl\/wp-json\/wp\/v2\/product"}],"about":[{"href":"https:\/\/yournordichome.com\/pl\/wp-json\/wp\/v2\/types\/product"}],"replies":[{"embeddable":true,"href":"https:\/\/yournordichome.com\/pl\/wp-json\/wp\/v2\/comments?post=6993"}],"wp:featuredmedia":[{"embeddable":true,"href":"https:\/\/yournordichome.com\/pl\/wp-json\/wp\/v2\/media\/6619"}],"wp:attachment":[{"href":"https:\/\/yournordichome.com\/pl\/wp-json\/wp\/v2\/media?parent=6993"}],"wp:term":[{"taxonomy":"pwb-brand","embeddable":true,"href":"https:\/\/yournordichome.com\/pl\/wp-json\/wp\/v2\/pwb-brand?post=6993"},{"taxonomy":"product_brand","embeddable":true,"href":"https:\/\/yournordichome.com\/pl\/wp-json\/wp\/v2\/product_brand?post=6993"},{"taxonomy":"product_cat","embeddable":true,"href":"https:\/\/yournordichome.com\/pl\/wp-json\/wp\/v2\/product_cat?post=6993"},{"taxonomy":"product_tag","embeddable":true,"href":"https:\/\/yournordichome.com\/pl\/wp-json\/wp\/v2\/product_tag?post=6993"},{"taxonomy":"gyarto","embeddable":true,"href":"https:\/\/yournordichome.com\/pl\/wp-json\/wp\/v2\/gyarto?post=6993"}],"curies":[{"name":"wp","href":"https:\/\/api.w.org\/{rel}","templated":true}]}}