{"id":6979,"date":"2025-02-28T15:21:34","date_gmt":"2025-02-28T15:21:34","guid":{"rendered":"https:\/\/yournordichome.com\/product\/molito-teak-dining-table\/"},"modified":"2025-11-01T10:34:11","modified_gmt":"2025-11-01T10:34:11","slug":"stol-z-drewna-tekowego-molito","status":"publish","type":"product","link":"https:\/\/yournordichome.com\/pl\/product\/molito-teak-dining-table\/","title":{"rendered":"St\u00f3\u0142 do jadalni Molito Teak"},"content":{"rendered":"<p>St\u00f3\u0142 ogrodowy Molito z drewna tekowego od Bloomingville o czystym, nowoczesnym wygl\u0105dzie. Blaty z drewna tekowego s\u0105 dobrym przyk\u0142adem wykorzystania przez du\u0144skiego producenta materia\u0142\u00f3w najwy\u017cszej jako\u015bci, kt\u00f3re tworz\u0105 elegancki kontrast z wdzi\u0119cznymi, ale stabilnymi czarnymi metalowymi nogami.<\/p>\n<p>Je\u015bli chcesz zje\u015b\u0107 posi\u0142ek na tarasie, mog\u0105 przy nim wygodnie usi\u0105\u015b\u0107 cztery osoby. Jest \u0142atwy do przenoszenia, zalecamy umieszczenie go w zadaszonym miejscu i przechowywanie.<\/p>\n<p>St\u00f3\u0142 ogrodowy Molito jest idealnym uciele\u015bnieniem du\u0144skiego designu Bloomingville, kt\u00f3ry wnosi na taras czysty skandynawski styl i nowoczesne kontrasty. Naturalny, ciep\u0142y odcie\u0144 wysokiej jako\u015bci blatu z drewna tekowego tworzy eleganck\u0105 harmoni\u0119 z wdzi\u0119cznymi, ale stabilnymi czarnymi metalowymi nogami. To po\u0142\u0105czenie zapewnia ponadczasowy, wyrafinowany wygl\u0105d, a jednocze\u015bnie jest idealne do u\u017cytku na zewn\u0105trz.<\/p>\n<p>Dlaczego warto wybra\u0107 st\u00f3\u0142 ogrodowy Molito?<\/p>\n<p>Du\u0144ski design klasy premium: uosobienie nowoczesnego, skandynawskiego stylu Bloomingville.<br \/>\nBlat z drewna tekowego: trwa\u0142y, naturalny materia\u0142, kt\u00f3ry zachowa swoje pi\u0119kno przez wiele lat.<br \/>\nLekka, ale stabilna konstrukcja: czarne metalowe nogi zapewniaj\u0105 stabilno\u015b\u0107 konstrukcji, nadaj\u0105c jej jednocze\u015bnie przewiewny wygl\u0105d.<br \/>\nIdealny do spo\u017cywania posi\u0142k\u00f3w z czterema osobami: mog\u0105 wygodnie zmie\u015bci\u0107 si\u0119 wok\u00f3\u0142 niego, idealny na \u015bniadania i wieczorne kolacje na tarasie.<br \/>\n\u0141atwo\u015b\u0107 przenoszenia: praktyczna konstrukcja u\u0142atwia przenoszenie.<br \/>\nDo przechowywania pod przykryciem: w celu wyd\u0142u\u017cenia \u017cywotno\u015bci zaleca si\u0119 umieszczenie urz\u0105dzenia na zadaszonym tarasie lub w chronionym miejscu.<\/p>\n<p>Gdzie wygl\u0105da najlepiej?<\/p>\n<p>Na tarasie: jako wygodny i stylowy st\u00f3\u0142 jadalny na \u015bwie\u017cym powietrzu.<br \/>\nW ogrodzie: pod cz\u0119\u015bci\u0105 wypoczynkow\u0105 lub pergol\u0105, wtapiaj\u0105c si\u0119 w naturalne \u015brodowisko.<br \/>\nNa balkonie: nowoczesne i praktyczne rozwi\u0105zanie dla mniejszych przestrzeni zewn\u0119trznych.<br \/>\nNa zadaszonej werandzie: ponadczasowy i elegancki wyb\u00f3r, kt\u00f3ry emanuje skandynawsk\u0105 prostot\u0105.<\/p>\n<p>Wnie\u015b styl i funkcjonalno\u015b\u0107 na sw\u00f3j taras dzi\u0119ki ogrodowemu sto\u0142owi Molito z drewna tekowego, kt\u00f3ry oferuje idealn\u0105 harmoni\u0119 naturalnego pi\u0119kna i nowoczesnego designu!<\/p>\n<p>Wymiary produktu: D90xH75 cm<br \/>\nKolor: naturalny<br \/>\nSk\u0142ad: Drewno tekowe, Stal<br \/>\nWyko\u0144czenie produktu: Lakier na bazie wody<br \/>\nMaksymalny ud\u017awig: 40 kg<br \/>\nZalecamy umieszczanie mebli w zadaszonych i suchych miejscach, aby ograniczy\u0107 nara\u017cenie na dzia\u0142anie czynnik\u00f3w atmosferycznych. W przypadku wystawienia na bezpo\u015brednie dzia\u0142anie promieni s\u0142onecznych mo\u017ce z czasem doj\u015b\u0107 do blakni\u0119cia kolor\u00f3w.<\/p>","protected":false},"excerpt":{"rendered":"<p>St\u00f3\u0142 ogrodowy z blatem z listew tekowych i czarnymi metalowymi nogami. Nowoczesny kontrast i czysty skandynawski wygl\u0105d na tarasie.<\/p>","protected":false},"featured_media":6695,"comment_status":"closed","ping_status":"closed","template":"","meta":{"_acf_changed":false,"_kad_post_transparent":"default","_kad_post_title":"","_kad_post_layout":"default","_kad_post_sidebar_id":"","_kad_post_content_style":"default","_kad_post_vertical_padding":"default","_kad_post_feature":"","_kad_post_feature_position":"","_kad_post_header":false,"_kad_post_footer":false,"_kad_post_classname":""},"pwb-brand":[17],"product_brand":[],"product_cat":[240,94,174,157],"product_tag":[334,206,34,396,33,1075,252],"gyarto":[],"class_list":{"0":"post-6979","1":"product","2":"type-product","3":"status-publish","4":"has-post-thumbnail","6":"pwb-brand-bloomingville","7":"product_cat-dining-table","8":"product_cat-furniture","9":"product_cat-garden-furniture","10":"product_cat-table","11":"product_tag-new-arrivals","12":"product_tag-nordic-furniture","13":"product_tag-nordic-interior-design","14":"product_tag-nordic-style","15":"product_tag-outdoor-furniture","16":"product_tag-spring-summer-2025","17":"product_tag-teak-furniture","18":"pa_colour-nature","19":"pa_material-teak-wood","21":"first","22":"instock","23":"taxable","24":"shipping-taxable","25":"purchasable","26":"product-type-simple","27":"entry","28":"content-bg","29":"loop-entry"},"acf":[],"brands":[{"id":17,"name":"Bloomingville","slug":"bloomingville"}],"_links":{"self":[{"href":"https:\/\/yournordichome.com\/pl\/wp-json\/wp\/v2\/product\/6979","targetHints":{"allow":["GET"]}}],"collection":[{"href":"https:\/\/yournordichome.com\/pl\/wp-json\/wp\/v2\/product"}],"about":[{"href":"https:\/\/yournordichome.com\/pl\/wp-json\/wp\/v2\/types\/product"}],"replies":[{"embeddable":true,"href":"https:\/\/yournordichome.com\/pl\/wp-json\/wp\/v2\/comments?post=6979"}],"wp:featuredmedia":[{"embeddable":true,"href":"https:\/\/yournordichome.com\/pl\/wp-json\/wp\/v2\/media\/6695"}],"wp:attachment":[{"href":"https:\/\/yournordichome.com\/pl\/wp-json\/wp\/v2\/media?parent=6979"}],"wp:term":[{"taxonomy":"pwb-brand","embeddable":true,"href":"https:\/\/yournordichome.com\/pl\/wp-json\/wp\/v2\/pwb-brand?post=6979"},{"taxonomy":"product_brand","embeddable":true,"href":"https:\/\/yournordichome.com\/pl\/wp-json\/wp\/v2\/product_brand?post=6979"},{"taxonomy":"product_cat","embeddable":true,"href":"https:\/\/yournordichome.com\/pl\/wp-json\/wp\/v2\/product_cat?post=6979"},{"taxonomy":"product_tag","embeddable":true,"href":"https:\/\/yournordichome.com\/pl\/wp-json\/wp\/v2\/product_tag?post=6979"},{"taxonomy":"gyarto","embeddable":true,"href":"https:\/\/yournordichome.com\/pl\/wp-json\/wp\/v2\/gyarto?post=6979"}],"curies":[{"name":"wp","href":"https:\/\/api.w.org\/{rel}","templated":true}]}}