{"id":6227,"date":"2024-07-24T14:48:46","date_gmt":"2024-07-24T14:48:46","guid":{"rendered":"https:\/\/yournordichome.com\/product\/wall-shelf-with-4-hooks\/"},"modified":"2025-09-24T15:54:29","modified_gmt":"2025-09-24T15:54:29","slug":"polka-scienna-z-4-haczykami","status":"publish","type":"product","link":"https:\/\/yournordichome.com\/pl\/product\/wall-shelf-with-4-hooks\/","title":{"rendered":"P\u00f3\u0142ka \u015bcienna z 4 haczykami"},"content":{"rendered":"<p>P\u00f3\u0142ka \u015bcienna z 4 haczykami i 3 przegr\u00f3dkami marki Chic Antique wykonana z drewna sosnowego w ciemnym kolorze. Mo\u017ce by\u0107 u\u017cywana zar\u00f3wno do przechowywania, jak i dekoracji.<\/p>\n<p>Wymiary produktu: H36\/L91\/W22 cm<br \/>\nMateria\u0142: drewno jod\u0142owe, metal<\/p>","protected":false},"excerpt":{"rendered":"<p>P\u00f3\u0142ka \u015bcienna wykonana z ciemnego drewna sosnowego. Trzy przegr\u00f3dki, cztery wieszaki i g\u00f3rna p\u00f3\u0142ka mog\u0105 s\u0142u\u017cy\u0107 do przechowywania i efektownej aran\u017cacji dekoracji.<\/p>","protected":false},"featured_media":6125,"comment_status":"closed","ping_status":"closed","template":"","meta":{"_acf_changed":false,"_kad_post_transparent":"default","_kad_post_title":"","_kad_post_layout":"default","_kad_post_sidebar_id":"","_kad_post_content_style":"default","_kad_post_vertical_padding":"default","_kad_post_feature":"","_kad_post_feature_position":"","_kad_post_header":false,"_kad_post_footer":false,"_kad_post_classname":""},"pwb-brand":[19],"product_brand":[],"product_cat":[94,167],"product_tag":[1069,334,398,206,397,34,396,257,1047,136],"gyarto":[],"class_list":{"0":"post-6227","1":"product","2":"type-product","3":"status-publish","4":"has-post-thumbnail","6":"pwb-brand-chic-antique","7":"product_cat-furniture","8":"product_cat-wall-shelf","9":"product_tag-autumn-winter-2024","10":"product_tag-new-arrivals","11":"product_tag-nordic-design","12":"product_tag-nordic-furniture","13":"product_tag-nordic-home","14":"product_tag-nordic-interior-design","15":"product_tag-nordic-style","16":"product_tag-pinewood-furniture","17":"product_tag-shelf","18":"product_tag-shelves","19":"pa_colour-brown","20":"pa_material-firwood","21":"pa_material-metal","23":"first","24":"outofstock","25":"taxable","26":"shipping-taxable","27":"purchasable","28":"product-type-simple","29":"entry","30":"content-bg","31":"loop-entry"},"acf":[],"brands":[{"id":19,"name":"Chic Antique","slug":"szykowny-antyk"}],"_links":{"self":[{"href":"https:\/\/yournordichome.com\/pl\/wp-json\/wp\/v2\/product\/6227","targetHints":{"allow":["GET"]}}],"collection":[{"href":"https:\/\/yournordichome.com\/pl\/wp-json\/wp\/v2\/product"}],"about":[{"href":"https:\/\/yournordichome.com\/pl\/wp-json\/wp\/v2\/types\/product"}],"replies":[{"embeddable":true,"href":"https:\/\/yournordichome.com\/pl\/wp-json\/wp\/v2\/comments?post=6227"}],"wp:featuredmedia":[{"embeddable":true,"href":"https:\/\/yournordichome.com\/pl\/wp-json\/wp\/v2\/media\/6125"}],"wp:attachment":[{"href":"https:\/\/yournordichome.com\/pl\/wp-json\/wp\/v2\/media?parent=6227"}],"wp:term":[{"taxonomy":"pwb-brand","embeddable":true,"href":"https:\/\/yournordichome.com\/pl\/wp-json\/wp\/v2\/pwb-brand?post=6227"},{"taxonomy":"product_brand","embeddable":true,"href":"https:\/\/yournordichome.com\/pl\/wp-json\/wp\/v2\/product_brand?post=6227"},{"taxonomy":"product_cat","embeddable":true,"href":"https:\/\/yournordichome.com\/pl\/wp-json\/wp\/v2\/product_cat?post=6227"},{"taxonomy":"product_tag","embeddable":true,"href":"https:\/\/yournordichome.com\/pl\/wp-json\/wp\/v2\/product_tag?post=6227"},{"taxonomy":"gyarto","embeddable":true,"href":"https:\/\/yournordichome.com\/pl\/wp-json\/wp\/v2\/gyarto?post=6227"}],"curies":[{"name":"wp","href":"https:\/\/api.w.org\/{rel}","templated":true}]}}