{"id":6216,"date":"2024-07-24T14:48:26","date_gmt":"2024-07-24T14:48:26","guid":{"rendered":"https:\/\/yournordichome.com\/product\/rug-with-pattern\/"},"modified":"2025-08-12T16:01:01","modified_gmt":"2025-08-12T16:01:01","slug":"dywan-z-wzorem","status":"publish","type":"product","link":"https:\/\/yournordichome.com\/pl\/product\/rug-with-pattern\/","title":{"rendered":"Dywan z wzorem"},"content":{"rendered":"<p>Dywan z wzorem marki Chic Antique wykonany z juty i bawe\u0142ny w kolorach czarnym i naturalnym. Ciemny odcie\u0144 i subtelny wz\u00f3r sprawiaj\u0105, \u017ce jest to charakterystyczny, ale elegancki dodatek.<\/p>\n<p>Wymiary produktu: L180\/W120 cm<br \/>\nMateria\u0142: juta, bawe\u0142na<br \/>\nKolor: czarny, naturalny<\/p>","protected":false},"excerpt":{"rendered":"<p>Wzorzysty dywan, w kt\u00f3rym naturalne w\u0142\u00f3kna juty s\u0105 uzupe\u0142nione czarnym bawe\u0142nianym splotem. Drobny wz\u00f3r nadaje ca\u0142o\u015bci dekoracyjny efekt.<\/p>","protected":false},"featured_media":6076,"comment_status":"closed","ping_status":"closed","template":"","meta":{"_acf_changed":false,"_kad_post_transparent":"default","_kad_post_title":"","_kad_post_layout":"default","_kad_post_sidebar_id":"","_kad_post_content_style":"default","_kad_post_vertical_padding":"default","_kad_post_feature":"","_kad_post_feature_position":"","_kad_post_header":false,"_kad_post_footer":false,"_kad_post_classname":""},"pwb-brand":[19],"product_brand":[],"product_cat":[88,65],"product_tag":[1069,82,79,112,334,398,206,397,34,396],"gyarto":[],"class_list":{"0":"post-6216","1":"product","2":"type-product","3":"status-publish","4":"has-post-thumbnail","6":"pwb-brand-chic-antique","7":"product_cat-rug","8":"product_cat-rugs-and-textiles","9":"product_tag-autumn-winter-2024","10":"product_tag-carpet","11":"product_tag-cotton-rug","12":"product_tag-jute-rug","13":"product_tag-new-arrivals","14":"product_tag-nordic-design","15":"product_tag-nordic-furniture","16":"product_tag-nordic-home","17":"product_tag-nordic-interior-design","18":"product_tag-nordic-style","19":"pa_colour-black","20":"pa_colour-nature","21":"pa_material-cotton","22":"pa_material-jute","24":"first","25":"instock","26":"taxable","27":"shipping-taxable","28":"purchasable","29":"product-type-simple","30":"entry","31":"content-bg","32":"loop-entry"},"acf":[],"brands":[{"id":19,"name":"Chic Antique","slug":"szykowny-antyk"}],"_links":{"self":[{"href":"https:\/\/yournordichome.com\/pl\/wp-json\/wp\/v2\/product\/6216","targetHints":{"allow":["GET"]}}],"collection":[{"href":"https:\/\/yournordichome.com\/pl\/wp-json\/wp\/v2\/product"}],"about":[{"href":"https:\/\/yournordichome.com\/pl\/wp-json\/wp\/v2\/types\/product"}],"replies":[{"embeddable":true,"href":"https:\/\/yournordichome.com\/pl\/wp-json\/wp\/v2\/comments?post=6216"}],"wp:featuredmedia":[{"embeddable":true,"href":"https:\/\/yournordichome.com\/pl\/wp-json\/wp\/v2\/media\/6076"}],"wp:attachment":[{"href":"https:\/\/yournordichome.com\/pl\/wp-json\/wp\/v2\/media?parent=6216"}],"wp:term":[{"taxonomy":"pwb-brand","embeddable":true,"href":"https:\/\/yournordichome.com\/pl\/wp-json\/wp\/v2\/pwb-brand?post=6216"},{"taxonomy":"product_brand","embeddable":true,"href":"https:\/\/yournordichome.com\/pl\/wp-json\/wp\/v2\/product_brand?post=6216"},{"taxonomy":"product_cat","embeddable":true,"href":"https:\/\/yournordichome.com\/pl\/wp-json\/wp\/v2\/product_cat?post=6216"},{"taxonomy":"product_tag","embeddable":true,"href":"https:\/\/yournordichome.com\/pl\/wp-json\/wp\/v2\/product_tag?post=6216"},{"taxonomy":"gyarto","embeddable":true,"href":"https:\/\/yournordichome.com\/pl\/wp-json\/wp\/v2\/gyarto?post=6216"}],"curies":[{"name":"wp","href":"https:\/\/api.w.org\/{rel}","templated":true}]}}