{"id":6207,"date":"2024-07-24T14:48:26","date_gmt":"2024-07-24T14:48:26","guid":{"rendered":"https:\/\/yournordichome.com\/product\/brown-table-lamp-stoneware-2\/"},"modified":"2025-07-30T14:57:16","modified_gmt":"2025-07-30T14:57:16","slug":"brazowa-lampa-stolowa-kamionka-2","status":"publish","type":"product","link":"https:\/\/yournordichome.com\/pl\/product\/brown-table-lamp-stoneware-2\/","title":{"rendered":"Br\u0105zowa lampa sto\u0142owa, kamionka"},"content":{"rendered":"<p>Br\u0105zowa lampa sto\u0142owa marki Bloomingville z eleganckim kloszem w be\u017cowym kolorze, z subtelnymi paskami, tworz\u0105cymi mi\u0119kkie o\u015bwietlenie, kt\u00f3re przekszta\u0142ci ka\u017cde pomieszczenie w przytuln\u0105 atmosfer\u0119.<\/p>\n<p>Wymiary produktu: D38xH49 cm<br \/>\nKlosz: H24 cm<br \/>\nKolor: br\u0105zowy<br \/>\nSk\u0142ad: Kamionka, P\u0142\u00f3tno, \u017belazo<br \/>\nCertyfikat CE: Tak<br \/>\n\u017bar\u00f3wka: E27, Zwyk\u0142a i LED<br \/>\nMoc \u017car\u00f3wki maks: 40W \/ LED 5W \/ CFL 9W<br \/>\n\u017bar\u00f3wka nie wchodzi w sk\u0142ad zestawu<br \/>\nKolor przewodu: czarny<br \/>\nD\u0142ugo\u015b\u0107 przewodu: 180 cm<br \/>\nDo u\u017cytku na zewn\u0105trz: Nie<\/p>","protected":false},"excerpt":{"rendered":"<p>Lampa sto\u0142owa z unikaln\u0105 teksturowan\u0105 podstaw\u0105 w g\u0142\u0119bokim, br\u0105zowym kolorze, kt\u00f3ra jest uderzaj\u0105ca i dodaje artystycznego charakteru.<\/p>","protected":false},"featured_media":5733,"comment_status":"closed","ping_status":"closed","template":"","meta":{"_acf_changed":false,"_kad_post_transparent":"default","_kad_post_title":"","_kad_post_layout":"default","_kad_post_sidebar_id":"","_kad_post_content_style":"default","_kad_post_vertical_padding":"default","_kad_post_feature":"","_kad_post_feature_position":"","_kad_post_header":false,"_kad_post_footer":false,"_kad_post_classname":""},"pwb-brand":[17],"product_brand":[],"product_cat":[73,72],"product_tag":[1069,334,398,397,34,117,396],"gyarto":[],"class_list":{"0":"post-6207","1":"product","2":"type-product","3":"status-publish","4":"has-post-thumbnail","6":"pwb-brand-bloomingville","7":"product_cat-desk-and-table-lamp","8":"product_cat-lamp","9":"product_tag-autumn-winter-2024","10":"product_tag-new-arrivals","11":"product_tag-nordic-design","12":"product_tag-nordic-home","13":"product_tag-nordic-interior-design","14":"product_tag-nordic-lamp","15":"product_tag-nordic-style","16":"pa_colour-brown","17":"pa_material-stoneware","19":"first","20":"instock","21":"taxable","22":"shipping-taxable","23":"purchasable","24":"product-type-simple","25":"entry","26":"content-bg","27":"loop-entry"},"acf":[],"brands":[{"id":17,"name":"Bloomingville","slug":"bloomingville"}],"_links":{"self":[{"href":"https:\/\/yournordichome.com\/pl\/wp-json\/wp\/v2\/product\/6207","targetHints":{"allow":["GET"]}}],"collection":[{"href":"https:\/\/yournordichome.com\/pl\/wp-json\/wp\/v2\/product"}],"about":[{"href":"https:\/\/yournordichome.com\/pl\/wp-json\/wp\/v2\/types\/product"}],"replies":[{"embeddable":true,"href":"https:\/\/yournordichome.com\/pl\/wp-json\/wp\/v2\/comments?post=6207"}],"wp:featuredmedia":[{"embeddable":true,"href":"https:\/\/yournordichome.com\/pl\/wp-json\/wp\/v2\/media\/5733"}],"wp:attachment":[{"href":"https:\/\/yournordichome.com\/pl\/wp-json\/wp\/v2\/media?parent=6207"}],"wp:term":[{"taxonomy":"pwb-brand","embeddable":true,"href":"https:\/\/yournordichome.com\/pl\/wp-json\/wp\/v2\/pwb-brand?post=6207"},{"taxonomy":"product_brand","embeddable":true,"href":"https:\/\/yournordichome.com\/pl\/wp-json\/wp\/v2\/product_brand?post=6207"},{"taxonomy":"product_cat","embeddable":true,"href":"https:\/\/yournordichome.com\/pl\/wp-json\/wp\/v2\/product_cat?post=6207"},{"taxonomy":"product_tag","embeddable":true,"href":"https:\/\/yournordichome.com\/pl\/wp-json\/wp\/v2\/product_tag?post=6207"},{"taxonomy":"gyarto","embeddable":true,"href":"https:\/\/yournordichome.com\/pl\/wp-json\/wp\/v2\/gyarto?post=6207"}],"curies":[{"name":"wp","href":"https:\/\/api.w.org\/{rel}","templated":true}]}}