{"id":6193,"date":"2024-07-24T14:48:05","date_gmt":"2024-07-24T14:48:05","guid":{"rendered":"https:\/\/yournordichome.com\/product\/cotton-wall-decor\/"},"modified":"2025-07-30T16:16:11","modified_gmt":"2025-07-30T16:16:11","slug":"bawelniana-dekoracja-scienna","status":"publish","type":"product","link":"https:\/\/yournordichome.com\/pl\/product\/cotton-wall-decor\/","title":{"rendered":"Bawe\u0142niane dekoracje \u015bcienne"},"content":{"rendered":"<p>Bawe\u0142niany dekor \u015bcienny w stonowanych odcieniach w be\u017cowej ramie, tworz\u0105cy czysty i minimalistyczny wyraz artystycznego projektu.<\/p>\n<p>Wymiary produktu: L80xH80xW3 cm<br \/>\nKolor: naturalny<br \/>\nSk\u0142ad: Bawe\u0142na, Poliester, Drewno jod\u0142owe<\/p>","protected":false},"excerpt":{"rendered":"<p>Dekor \u015bcienny z delikatnym, ozdobnym wzorem, wykonany z bawe\u0142ny. Po\u0142\u0105czenie odcieni bieli i be\u017cu dodaje projektowi ciep\u0142a i g\u0142\u0119bi.<\/p>","protected":false},"featured_media":5798,"comment_status":"closed","ping_status":"closed","template":"","meta":{"_acf_changed":false,"_kad_post_transparent":"default","_kad_post_title":"","_kad_post_layout":"default","_kad_post_sidebar_id":"","_kad_post_content_style":"default","_kad_post_vertical_padding":"default","_kad_post_feature":"","_kad_post_feature_position":"","_kad_post_header":false,"_kad_post_footer":false,"_kad_post_classname":""},"pwb-brand":[17],"product_brand":[],"product_cat":[23,355],"product_tag":[1069,146,450,334,452,398,397,26,34,396,289],"gyarto":[],"class_list":{"0":"post-6193","1":"product","2":"type-product","3":"status-publish","4":"has-post-thumbnail","6":"pwb-brand-bloomingville","7":"product_cat-home-decor","8":"product_cat-poster","9":"product_tag-autumn-winter-2024","10":"product_tag-ethno-style","11":"product_tag-home-decoration","12":"product_tag-new-arrivals","13":"product_tag-nordic-decoration","14":"product_tag-nordic-design","15":"product_tag-nordic-home","16":"product_tag-nordic-home-decor","17":"product_tag-nordic-interior-design","18":"product_tag-nordic-style","19":"product_tag-wall-decor","20":"pa_colour-nature","21":"pa_material-cotton","23":"first","24":"instock","25":"taxable","26":"shipping-taxable","27":"purchasable","28":"product-type-simple","29":"entry","30":"content-bg","31":"loop-entry"},"acf":[],"brands":[{"id":17,"name":"Bloomingville","slug":"bloomingville"}],"_links":{"self":[{"href":"https:\/\/yournordichome.com\/pl\/wp-json\/wp\/v2\/product\/6193","targetHints":{"allow":["GET"]}}],"collection":[{"href":"https:\/\/yournordichome.com\/pl\/wp-json\/wp\/v2\/product"}],"about":[{"href":"https:\/\/yournordichome.com\/pl\/wp-json\/wp\/v2\/types\/product"}],"replies":[{"embeddable":true,"href":"https:\/\/yournordichome.com\/pl\/wp-json\/wp\/v2\/comments?post=6193"}],"wp:featuredmedia":[{"embeddable":true,"href":"https:\/\/yournordichome.com\/pl\/wp-json\/wp\/v2\/media\/5798"}],"wp:attachment":[{"href":"https:\/\/yournordichome.com\/pl\/wp-json\/wp\/v2\/media?parent=6193"}],"wp:term":[{"taxonomy":"pwb-brand","embeddable":true,"href":"https:\/\/yournordichome.com\/pl\/wp-json\/wp\/v2\/pwb-brand?post=6193"},{"taxonomy":"product_brand","embeddable":true,"href":"https:\/\/yournordichome.com\/pl\/wp-json\/wp\/v2\/product_brand?post=6193"},{"taxonomy":"product_cat","embeddable":true,"href":"https:\/\/yournordichome.com\/pl\/wp-json\/wp\/v2\/product_cat?post=6193"},{"taxonomy":"product_tag","embeddable":true,"href":"https:\/\/yournordichome.com\/pl\/wp-json\/wp\/v2\/product_tag?post=6193"},{"taxonomy":"gyarto","embeddable":true,"href":"https:\/\/yournordichome.com\/pl\/wp-json\/wp\/v2\/gyarto?post=6193"}],"curies":[{"name":"wp","href":"https:\/\/api.w.org\/{rel}","templated":true}]}}