{"id":6189,"date":"2024-07-24T14:48:05","date_gmt":"2024-07-24T14:48:05","guid":{"rendered":"https:\/\/yournordichome.com\/product\/wool-pouf\/"},"modified":"2025-07-30T16:16:22","modified_gmt":"2025-07-30T16:16:22","slug":"welniana-pufa","status":"publish","type":"product","link":"https:\/\/yournordichome.com\/pl\/product\/wool-pouf\/","title":{"rendered":"Pufa z we\u0142ny"},"content":{"rendered":"<p>We\u0142niana pufa marki Bloomingville z tuftowanym we\u0142nianym wzorem. Pufa mo\u017ce s\u0142u\u017cy\u0107 jako dodatkowe miejsce do siedzenia dla go\u015bci lub jako podn\u00f3\u017cek.<\/p>\n<p>Wykorzystaj go jako stylowy i wygodny element w swoim salonie, aby stworzy\u0107 ciep\u0142\u0105 i przytuln\u0105 atmosfer\u0119. Pikowana tekstura dodaje dotykowego wymiaru do wystroju, zachowuj\u0105c minimalistyczn\u0105 estetyk\u0119.<\/p>\n<p>Wymiary produktu: L60xH40xW60 cm<br \/>\nKolor: naturalny<br \/>\nSk\u0142ad: 80% We\u0142na, 20% Bawe\u0142na, Wype\u0142nienie: 100% PL<br \/>\nMaksymalny ud\u017awig: 125 kg<br \/>\nInstrukcja prania: Tylko czyszczenie punktowe<\/p>","protected":false},"excerpt":{"rendered":"<p>Pufa wykonana z we\u0142ny w naturalnym odcieniu, uzupe\u0142niaj\u0105ca jej mi\u0119kk\u0105 i zach\u0119caj\u0105c\u0105 tekstur\u0119.<\/p>","protected":false},"featured_media":5982,"comment_status":"closed","ping_status":"closed","template":"","meta":{"_acf_changed":false,"_kad_post_transparent":"default","_kad_post_title":"","_kad_post_layout":"default","_kad_post_sidebar_id":"","_kad_post_content_style":"default","_kad_post_vertical_padding":"default","_kad_post_feature":"","_kad_post_feature_position":"","_kad_post_header":false,"_kad_post_footer":false,"_kad_post_classname":""},"pwb-brand":[17],"product_brand":[],"product_cat":[152,182],"product_tag":[1069,146,424,334,398,26,34,396],"gyarto":[],"class_list":{"0":"post-6189","1":"product","2":"type-product","3":"status-publish","4":"has-post-thumbnail","6":"pwb-brand-bloomingville","7":"product_cat-chair","8":"product_cat-sitting-pouf","9":"product_tag-autumn-winter-2024","10":"product_tag-ethno-style","11":"product_tag-foot-stool","12":"product_tag-new-arrivals","13":"product_tag-nordic-design","14":"product_tag-nordic-home-decor","15":"product_tag-nordic-interior-design","16":"product_tag-nordic-style","17":"pa_colour-nature","18":"pa_material-wool","20":"first","21":"instock","22":"taxable","23":"shipping-taxable","24":"purchasable","25":"product-type-simple","26":"entry","27":"content-bg","28":"loop-entry"},"acf":[],"brands":[{"id":17,"name":"Bloomingville","slug":"bloomingville"}],"_links":{"self":[{"href":"https:\/\/yournordichome.com\/pl\/wp-json\/wp\/v2\/product\/6189","targetHints":{"allow":["GET"]}}],"collection":[{"href":"https:\/\/yournordichome.com\/pl\/wp-json\/wp\/v2\/product"}],"about":[{"href":"https:\/\/yournordichome.com\/pl\/wp-json\/wp\/v2\/types\/product"}],"replies":[{"embeddable":true,"href":"https:\/\/yournordichome.com\/pl\/wp-json\/wp\/v2\/comments?post=6189"}],"wp:featuredmedia":[{"embeddable":true,"href":"https:\/\/yournordichome.com\/pl\/wp-json\/wp\/v2\/media\/5982"}],"wp:attachment":[{"href":"https:\/\/yournordichome.com\/pl\/wp-json\/wp\/v2\/media?parent=6189"}],"wp:term":[{"taxonomy":"pwb-brand","embeddable":true,"href":"https:\/\/yournordichome.com\/pl\/wp-json\/wp\/v2\/pwb-brand?post=6189"},{"taxonomy":"product_brand","embeddable":true,"href":"https:\/\/yournordichome.com\/pl\/wp-json\/wp\/v2\/product_brand?post=6189"},{"taxonomy":"product_cat","embeddable":true,"href":"https:\/\/yournordichome.com\/pl\/wp-json\/wp\/v2\/product_cat?post=6189"},{"taxonomy":"product_tag","embeddable":true,"href":"https:\/\/yournordichome.com\/pl\/wp-json\/wp\/v2\/product_tag?post=6189"},{"taxonomy":"gyarto","embeddable":true,"href":"https:\/\/yournordichome.com\/pl\/wp-json\/wp\/v2\/gyarto?post=6189"}],"curies":[{"name":"wp","href":"https:\/\/api.w.org\/{rel}","templated":true}]}}