{"id":6186,"date":"2024-07-24T14:48:05","date_gmt":"2024-07-24T14:48:05","guid":{"rendered":"https:\/\/yournordichome.com\/product\/yellow-wall-shelf-reclaimed-wood\/"},"modified":"2025-08-12T15:54:15","modified_gmt":"2025-08-12T15:54:15","slug":"zolta-polka-scienna-z-drewna-z-odzysku","status":"publish","type":"product","link":"https:\/\/yournordichome.com\/pl\/product\/yellow-wall-shelf-reclaimed-wood\/","title":{"rendered":"\u017b\u00f3\u0142ta p\u00f3\u0142ka \u015bcienna, drewno z odzysku"},"content":{"rendered":"<p>\u017b\u00f3\u0142ta p\u00f3\u0142ka \u015bcienna wykonana z odzyskanego drewna przez Bloomingville, kolorowy element zapewniaj\u0105cy osobisty charakter i domow\u0105 atmosfer\u0119. Wyeksponuj swoje ulubione przedmioty lub u\u017cyj go jako stojaka na kolekcj\u0119 kubk\u00f3w, aby uzyska\u0107 przytulny efekt.<\/p>\n<p>Wymiary produktu: L70xH70xW10 cm<br \/>\nOdleg\u0142o\u015b\u0107 mi\u0119dzy p\u00f3\u0142kami: 16 cm<br \/>\nKolor: \u017c\u00f3\u0142ty<br \/>\nWyko\u0144czenie produktu: Farba<br \/>\nSk\u0142ad: Drewno z odzysku, \u017belazo<br \/>\nInstrukcja piel\u0119gnacji: Przetrze\u0107 wilgotn\u0105 szmatk\u0105.<br \/>\nMaksymalny ud\u017awig: 1,50 kg na pok\u00f3j<\/p>","protected":false},"excerpt":{"rendered":"<p>P\u00f3\u0142ka \u015bcienna wykonana z odzyskanego drewna, pomalowana na lekko postarzany \u017c\u00f3\u0142ty kolor. Odwa\u017cny \u017c\u00f3\u0142ty kolor p\u00f3\u0142ki doda \u017cywego akcentu do wystroju wn\u0119trza.<\/p>","protected":false},"featured_media":5994,"comment_status":"closed","ping_status":"closed","template":"","meta":{"_acf_changed":false,"_kad_post_transparent":"default","_kad_post_title":"","_kad_post_layout":"default","_kad_post_sidebar_id":"","_kad_post_content_style":"default","_kad_post_vertical_padding":"default","_kad_post_feature":"","_kad_post_feature_position":"","_kad_post_header":false,"_kad_post_footer":false,"_kad_post_classname":""},"pwb-brand":[17],"product_brand":[],"product_cat":[94,167],"product_tag":[1069,146,319,334,398,26,34,396,318,1047,136],"gyarto":[],"class_list":{"0":"post-6186","1":"product","2":"type-product","3":"status-publish","4":"has-post-thumbnail","6":"pwb-brand-bloomingville","7":"product_cat-furniture","8":"product_cat-wall-shelf","9":"product_tag-autumn-winter-2024","10":"product_tag-ethno-style","11":"product_tag-kitchen-shelves","12":"product_tag-new-arrivals","13":"product_tag-nordic-design","14":"product_tag-nordic-home-decor","15":"product_tag-nordic-interior-design","16":"product_tag-nordic-style","17":"product_tag-reclaimed-wood-furniture","18":"product_tag-shelf","19":"product_tag-shelves","20":"pa_colour-yellow","21":"pa_material-reclaimed-wood","23":"first","24":"instock","25":"taxable","26":"shipping-taxable","27":"purchasable","28":"product-type-simple","29":"entry","30":"content-bg","31":"loop-entry"},"acf":[],"brands":[{"id":17,"name":"Bloomingville","slug":"bloomingville"}],"_links":{"self":[{"href":"https:\/\/yournordichome.com\/pl\/wp-json\/wp\/v2\/product\/6186","targetHints":{"allow":["GET"]}}],"collection":[{"href":"https:\/\/yournordichome.com\/pl\/wp-json\/wp\/v2\/product"}],"about":[{"href":"https:\/\/yournordichome.com\/pl\/wp-json\/wp\/v2\/types\/product"}],"replies":[{"embeddable":true,"href":"https:\/\/yournordichome.com\/pl\/wp-json\/wp\/v2\/comments?post=6186"}],"wp:featuredmedia":[{"embeddable":true,"href":"https:\/\/yournordichome.com\/pl\/wp-json\/wp\/v2\/media\/5994"}],"wp:attachment":[{"href":"https:\/\/yournordichome.com\/pl\/wp-json\/wp\/v2\/media?parent=6186"}],"wp:term":[{"taxonomy":"pwb-brand","embeddable":true,"href":"https:\/\/yournordichome.com\/pl\/wp-json\/wp\/v2\/pwb-brand?post=6186"},{"taxonomy":"product_brand","embeddable":true,"href":"https:\/\/yournordichome.com\/pl\/wp-json\/wp\/v2\/product_brand?post=6186"},{"taxonomy":"product_cat","embeddable":true,"href":"https:\/\/yournordichome.com\/pl\/wp-json\/wp\/v2\/product_cat?post=6186"},{"taxonomy":"product_tag","embeddable":true,"href":"https:\/\/yournordichome.com\/pl\/wp-json\/wp\/v2\/product_tag?post=6186"},{"taxonomy":"gyarto","embeddable":true,"href":"https:\/\/yournordichome.com\/pl\/wp-json\/wp\/v2\/gyarto?post=6186"}],"curies":[{"name":"wp","href":"https:\/\/api.w.org\/{rel}","templated":true}]}}