{"id":6175,"date":"2024-07-24T14:47:45","date_gmt":"2024-07-24T14:47:45","guid":{"rendered":"https:\/\/yournordichome.com\/product\/marino-wall-shelf-reclaimed-wood\/"},"modified":"2025-07-30T16:21:48","modified_gmt":"2025-07-30T16:21:48","slug":"polka-scienna-marino-drewno-z-odzysku","status":"publish","type":"product","link":"https:\/\/yournordichome.com\/pl\/product\/marino-wall-shelf-reclaimed-wood\/","title":{"rendered":"P\u00f3\u0142ka \u015bcienna Marino, drewno z odzysku"},"content":{"rendered":"<p>P\u00f3\u0142ka \u015bcienna Marino marki Bloomingville jest idealna jako p\u00f3\u0142ka na fili\u017canki w k\u0105ciku kawowym, na ksi\u0105\u017cki kucharskie w kuchni lub jako dekoracja w salonie.<\/p>\n<p>Wymiary produktu: L70xH88xW10 cm<br \/>\nSk\u0142ad: Drewno z odzysku, \u017belazo<br \/>\nWyko\u0144czenie produktu: Naturalne wyko\u0144czenie<br \/>\nMaksymalny ud\u017awig: 1,50 kg na pok\u00f3j<br \/>\nInstrukcja piel\u0119gnacji: Przetrze\u0107 wilgotn\u0105 szmatk\u0105.<br \/>\nZe wzgl\u0119du na materia\u0142 mog\u0105 wyst\u0105pi\u0107 r\u00f3\u017cnice w kolorze<\/p>","protected":false},"excerpt":{"rendered":"<p>P\u00f3\u0142ka \u015bcienna wykonana z odzyskanego drewna, kt\u00f3ra jest wszechstronn\u0105 i dekoracyjn\u0105 p\u00f3\u0142k\u0105 do przechowywania i dekoracji.<\/p>","protected":false},"featured_media":5877,"comment_status":"closed","ping_status":"closed","template":"","meta":{"_acf_changed":false,"_kad_post_transparent":"default","_kad_post_title":"","_kad_post_layout":"default","_kad_post_sidebar_id":"","_kad_post_content_style":"default","_kad_post_vertical_padding":"default","_kad_post_feature":"","_kad_post_feature_position":"","_kad_post_header":false,"_kad_post_footer":false,"_kad_post_classname":""},"pwb-brand":[17],"product_brand":[],"product_cat":[94,167],"product_tag":[1069,334,398,206,397,34,318,1047,136],"gyarto":[],"class_list":{"0":"post-6175","1":"product","2":"type-product","3":"status-publish","4":"has-post-thumbnail","6":"pwb-brand-bloomingville","7":"product_cat-furniture","8":"product_cat-wall-shelf","9":"product_tag-autumn-winter-2024","10":"product_tag-new-arrivals","11":"product_tag-nordic-design","12":"product_tag-nordic-furniture","13":"product_tag-nordic-home","14":"product_tag-nordic-interior-design","15":"product_tag-reclaimed-wood-furniture","16":"product_tag-shelf","17":"product_tag-shelves","18":"pa_colour-nature","19":"pa_material-reclaimed-wood","21":"first","22":"instock","23":"taxable","24":"shipping-taxable","25":"purchasable","26":"product-type-simple","27":"entry","28":"content-bg","29":"loop-entry"},"acf":[],"brands":[{"id":17,"name":"Bloomingville","slug":"bloomingville"}],"_links":{"self":[{"href":"https:\/\/yournordichome.com\/pl\/wp-json\/wp\/v2\/product\/6175","targetHints":{"allow":["GET"]}}],"collection":[{"href":"https:\/\/yournordichome.com\/pl\/wp-json\/wp\/v2\/product"}],"about":[{"href":"https:\/\/yournordichome.com\/pl\/wp-json\/wp\/v2\/types\/product"}],"replies":[{"embeddable":true,"href":"https:\/\/yournordichome.com\/pl\/wp-json\/wp\/v2\/comments?post=6175"}],"wp:featuredmedia":[{"embeddable":true,"href":"https:\/\/yournordichome.com\/pl\/wp-json\/wp\/v2\/media\/5877"}],"wp:attachment":[{"href":"https:\/\/yournordichome.com\/pl\/wp-json\/wp\/v2\/media?parent=6175"}],"wp:term":[{"taxonomy":"pwb-brand","embeddable":true,"href":"https:\/\/yournordichome.com\/pl\/wp-json\/wp\/v2\/pwb-brand?post=6175"},{"taxonomy":"product_brand","embeddable":true,"href":"https:\/\/yournordichome.com\/pl\/wp-json\/wp\/v2\/product_brand?post=6175"},{"taxonomy":"product_cat","embeddable":true,"href":"https:\/\/yournordichome.com\/pl\/wp-json\/wp\/v2\/product_cat?post=6175"},{"taxonomy":"product_tag","embeddable":true,"href":"https:\/\/yournordichome.com\/pl\/wp-json\/wp\/v2\/product_tag?post=6175"},{"taxonomy":"gyarto","embeddable":true,"href":"https:\/\/yournordichome.com\/pl\/wp-json\/wp\/v2\/gyarto?post=6175"}],"curies":[{"name":"wp","href":"https:\/\/api.w.org\/{rel}","templated":true}]}}