{"id":6171,"date":"2024-07-24T14:47:45","date_gmt":"2024-07-24T14:47:45","guid":{"rendered":"https:\/\/yournordichome.com\/product\/camino-beige-lounge-chair\/"},"modified":"2026-04-15T07:06:16","modified_gmt":"2026-04-15T07:06:16","slug":"bezowy-fotel-wypoczynkowy-camino","status":"publish","type":"product","link":"https:\/\/yournordichome.com\/pl\/product\/camino-beige-lounge-chair\/","title":{"rendered":"Fotel wypoczynkowy Camino be\u017cowy"},"content":{"rendered":"<p>Fotel Camino Lounge Chair marki Bloomingville to stylowy mebel, kt\u00f3ry zach\u0119ca do relaksu i komfortu. Nogi z ciemnego drewna kontrastuj\u0105 z jasn\u0105 tkanin\u0105, tworz\u0105c nowoczesn\u0105 i eleganck\u0105 estetyk\u0119, kt\u00f3ra nadaje krzes\u0142u ponadczasowy wyraz. Mo\u017cna go \u0142atwo zintegrowa\u0107 z r\u00f3\u017cnymi stylami wn\u0119trz, dzi\u0119ki czemu jest wszechstronnym dodatkiem do ka\u017cdej przestrzeni.<\/p>\n<p>Wymiary produktu: L68xH80xW70 cm<br \/>\nWysoko\u015b\u0107 siedziska: 43 cm<br \/>\nG\u0142\u0119boko\u015b\u0107 siedziska: 53 cm<br \/>\nKolor: naturalny<br \/>\nSk\u0142ad: Poliester, Sklejka, Drewno sosnowe, Drewno kauczukowe<br \/>\nWyko\u0144czenie produktu: Lakier<br \/>\nMaksymalny ud\u017awig: 110 kg<br \/>\nInstrukcja piel\u0119gnacji: Spot clean &amp; vacuum<\/p>","protected":false},"excerpt":{"rendered":"<p>Fotel wypoczynkowy z mi\u0119kk\u0105, eleganck\u0105 tkanin\u0105 w neutralnym odcieniu i nogami z ciemnego drewna. Harmonijna r\u00f3wnowaga mi\u0119dzy kolorami i materia\u0142ami podkre\u015bla czyste linie i minimalistyczny design fotela.<\/p>","protected":false},"featured_media":5758,"comment_status":"closed","ping_status":"closed","template":"","meta":{"_acf_changed":false,"_kad_post_transparent":"default","_kad_post_title":"","_kad_post_layout":"default","_kad_post_sidebar_id":"","_kad_post_content_style":"default","_kad_post_vertical_padding":"default","_kad_post_feature":"","_kad_post_feature_position":"","_kad_post_header":false,"_kad_post_footer":false,"_kad_post_classname":""},"pwb-brand":[17],"product_brand":[],"product_cat":[152,153],"product_tag":[154,1069,285,334,398,206,397,34,125],"gyarto":[],"class_list":{"0":"post-6171","1":"product","2":"type-product","3":"status-publish","4":"has-post-thumbnail","6":"pwb-brand-bloomingville","7":"product_cat-chair","8":"product_cat-lounge-chair","9":"product_tag-armchair","10":"product_tag-autumn-winter-2024","11":"product_tag-minimalist-furniture","12":"product_tag-new-arrivals","13":"product_tag-nordic-design","14":"product_tag-nordic-furniture","15":"product_tag-nordic-home","16":"product_tag-nordic-interior-design","17":"product_tag-nordic-living-room","18":"pa_colour-nature","19":"pa_material-rubberwood","21":"first","22":"instock","23":"taxable","24":"shipping-taxable","25":"purchasable","26":"product-type-simple","27":"entry","28":"content-bg","29":"loop-entry"},"acf":[],"brands":[{"id":17,"name":"Bloomingville","slug":"bloomingville"}],"_links":{"self":[{"href":"https:\/\/yournordichome.com\/pl\/wp-json\/wp\/v2\/product\/6171","targetHints":{"allow":["GET"]}}],"collection":[{"href":"https:\/\/yournordichome.com\/pl\/wp-json\/wp\/v2\/product"}],"about":[{"href":"https:\/\/yournordichome.com\/pl\/wp-json\/wp\/v2\/types\/product"}],"replies":[{"embeddable":true,"href":"https:\/\/yournordichome.com\/pl\/wp-json\/wp\/v2\/comments?post=6171"}],"wp:featuredmedia":[{"embeddable":true,"href":"https:\/\/yournordichome.com\/pl\/wp-json\/wp\/v2\/media\/5758"}],"wp:attachment":[{"href":"https:\/\/yournordichome.com\/pl\/wp-json\/wp\/v2\/media?parent=6171"}],"wp:term":[{"taxonomy":"pwb-brand","embeddable":true,"href":"https:\/\/yournordichome.com\/pl\/wp-json\/wp\/v2\/pwb-brand?post=6171"},{"taxonomy":"product_brand","embeddable":true,"href":"https:\/\/yournordichome.com\/pl\/wp-json\/wp\/v2\/product_brand?post=6171"},{"taxonomy":"product_cat","embeddable":true,"href":"https:\/\/yournordichome.com\/pl\/wp-json\/wp\/v2\/product_cat?post=6171"},{"taxonomy":"product_tag","embeddable":true,"href":"https:\/\/yournordichome.com\/pl\/wp-json\/wp\/v2\/product_tag?post=6171"},{"taxonomy":"gyarto","embeddable":true,"href":"https:\/\/yournordichome.com\/pl\/wp-json\/wp\/v2\/gyarto?post=6171"}],"curies":[{"name":"wp","href":"https:\/\/api.w.org\/{rel}","templated":true}]}}