{"id":6161,"date":"2024-07-24T14:47:25","date_gmt":"2024-07-24T14:47:25","guid":{"rendered":"https:\/\/yournordichome.com\/product\/wool-wall-decor\/"},"modified":"2025-07-30T16:23:21","modified_gmt":"2025-07-30T16:23:21","slug":"welniana-dekoracja-scienna","status":"publish","type":"product","link":"https:\/\/yournordichome.com\/pl\/product\/wool-wall-decor\/","title":{"rendered":"Dekoracje \u015bcienne z we\u0142ny"},"content":{"rendered":"<p>Dekor \u015bcienny Atle marki Bloomingville ma pikowany wz\u00f3r, kt\u00f3ry wprowadza poczucie g\u0142\u0119bi i tekstury, o\u017cywiaj\u0105c projekt. Dekoracja nie ogranicza si\u0119 tylko do ozdabiania \u015bcian; nadaje si\u0119 r\u00f3wnie\u017c jako dywan. Elastyczny design sprawia, \u017ce pasuje do ka\u017cdego domu - czy to jako spektakularny dywan, czy jako zapieraj\u0105ce dech w piersiach wizualne do\u015bwiadczenie na \u015bcianie.<\/p>\n<p>Wymiary produktu: H93xW70 cm<br \/>\nSk\u0142ad: 80% we\u0142na, 20% bawe\u0142na<br \/>\nWyko\u0144czenie kolorystyczne: Barwiona prz\u0119dza<br \/>\nWyko\u0144czenie produktu: Tkane<br \/>\nInstrukcja prania: Tylko czyszczenie punktowe<\/p>","protected":false},"excerpt":{"rendered":"<p>Dekor \u015bcienny wykonany z we\u0142ny, kt\u00f3ry przyci\u0105ga wzrok swoj\u0105 g\u0142\u0119bok\u0105 niebiesk\u0105 postaci\u0105, pi\u0119knie kontrastuj\u0105c\u0105 z ciep\u0142ym t\u0142em z terakoty.<\/p>","protected":false},"featured_media":5990,"comment_status":"closed","ping_status":"closed","template":"","meta":{"_acf_changed":false,"_kad_post_transparent":"default","_kad_post_title":"","_kad_post_layout":"default","_kad_post_sidebar_id":"","_kad_post_content_style":"default","_kad_post_vertical_padding":"default","_kad_post_feature":"","_kad_post_feature_position":"","_kad_post_header":false,"_kad_post_footer":false,"_kad_post_classname":""},"pwb-brand":[17],"product_brand":[],"product_cat":[23,355],"product_tag":[1069,450,334,452,398,26,289,303],"gyarto":[],"class_list":{"0":"post-6161","1":"product","2":"type-product","3":"status-publish","4":"has-post-thumbnail","6":"pwb-brand-bloomingville","7":"product_cat-home-decor","8":"product_cat-poster","9":"product_tag-autumn-winter-2024","10":"product_tag-home-decoration","11":"product_tag-new-arrivals","12":"product_tag-nordic-decoration","13":"product_tag-nordic-design","14":"product_tag-nordic-home-decor","15":"product_tag-wall-decor","16":"product_tag-wall-rug","17":"pa_colour-blue","18":"pa_material-wool","20":"first","21":"instock","22":"taxable","23":"shipping-taxable","24":"purchasable","25":"product-type-simple","26":"entry","27":"content-bg","28":"loop-entry"},"acf":[],"brands":[{"id":17,"name":"Bloomingville","slug":"bloomingville"}],"_links":{"self":[{"href":"https:\/\/yournordichome.com\/pl\/wp-json\/wp\/v2\/product\/6161","targetHints":{"allow":["GET"]}}],"collection":[{"href":"https:\/\/yournordichome.com\/pl\/wp-json\/wp\/v2\/product"}],"about":[{"href":"https:\/\/yournordichome.com\/pl\/wp-json\/wp\/v2\/types\/product"}],"replies":[{"embeddable":true,"href":"https:\/\/yournordichome.com\/pl\/wp-json\/wp\/v2\/comments?post=6161"}],"wp:featuredmedia":[{"embeddable":true,"href":"https:\/\/yournordichome.com\/pl\/wp-json\/wp\/v2\/media\/5990"}],"wp:attachment":[{"href":"https:\/\/yournordichome.com\/pl\/wp-json\/wp\/v2\/media?parent=6161"}],"wp:term":[{"taxonomy":"pwb-brand","embeddable":true,"href":"https:\/\/yournordichome.com\/pl\/wp-json\/wp\/v2\/pwb-brand?post=6161"},{"taxonomy":"product_brand","embeddable":true,"href":"https:\/\/yournordichome.com\/pl\/wp-json\/wp\/v2\/product_brand?post=6161"},{"taxonomy":"product_cat","embeddable":true,"href":"https:\/\/yournordichome.com\/pl\/wp-json\/wp\/v2\/product_cat?post=6161"},{"taxonomy":"product_tag","embeddable":true,"href":"https:\/\/yournordichome.com\/pl\/wp-json\/wp\/v2\/product_tag?post=6161"},{"taxonomy":"gyarto","embeddable":true,"href":"https:\/\/yournordichome.com\/pl\/wp-json\/wp\/v2\/gyarto?post=6161"}],"curies":[{"name":"wp","href":"https:\/\/api.w.org\/{rel}","templated":true}]}}