{"id":6154,"date":"2024-07-24T14:47:25","date_gmt":"2024-07-24T14:47:25","guid":{"rendered":"https:\/\/yournordichome.com\/product\/calle-cabinet-with-drawers\/"},"modified":"2026-04-15T07:05:36","modified_gmt":"2026-04-15T07:05:36","slug":"szafka-calle-z-szufladami","status":"publish","type":"product","link":"https:\/\/yournordichome.com\/pl\/product\/calle-cabinet-with-drawers\/","title":{"rendered":"Szafka Calle z szufladami"},"content":{"rendered":"<p>Szafka z szufladami Calle marki Bloomingville MINI ma przytulny i funkcjonalny design, kt\u00f3ry pasuje do ka\u017cdego pomieszczenia. Szuflady s\u0105 odwracalne, dzi\u0119ki czemu mo\u017cna wybra\u0107 mi\u0119dzy wy\u015bwietlaniem uroczych motyw\u00f3w zwierz\u0119cych, wzor\u00f3w lub prostej strony w kolorze drewna.<\/p>\n<p>Ta elastyczna szafka mo\u017ce by\u0107 umieszczona zar\u00f3wno pionowo, jak i poziomo, oferuj\u0105c niezliczone mo\u017cliwo\u015bci dekoracji i umo\u017cliwiaj\u0105c rega\u0142owi Calle dostosowanie si\u0119 do zmieniaj\u0105cych si\u0119 potrzeb domu.<\/p>\n<p>Wymiary produktu: L55xH88,5xW25,5 cm<br \/>\nSk\u0142ad: Paulownia, MDF, Sklejka, Drewno sosnowe, \u017belazo<br \/>\nWyko\u0144czenie produktu: Farba<br \/>\nMaksymalny ud\u017awig: 5 kg na szuflad\u0119<br \/>\nInstrukcja piel\u0119gnacji: Przetrze\u0107 wilgotn\u0105 szmatk\u0105.<br \/>\nPrzed u\u017cyciem musi zosta\u0107 z\u0142o\u017cony przez osob\u0119 doros\u0142\u0105.<\/p>","protected":false},"excerpt":{"rendered":"<p>Szafka do pokoju dzieci\u0119cego z sze\u015bcioma szufladami. Szuflady s\u0105 odwracalne i maj\u0105 r\u00f3\u017cne wzory. Szafk\u0119 mo\u017cna ustawi\u0107 zar\u00f3wno pionowo, jak i poziomo.<\/p>","protected":false},"featured_media":5743,"comment_status":"closed","ping_status":"closed","template":"","meta":{"_acf_changed":false,"_kad_post_transparent":"default","_kad_post_title":"","_kad_post_layout":"default","_kad_post_sidebar_id":"","_kad_post_content_style":"default","_kad_post_vertical_padding":"default","_kad_post_feature":"","_kad_post_feature_position":"","_kad_post_header":false,"_kad_post_footer":false,"_kad_post_classname":""},"pwb-brand":[17],"product_brand":[],"product_cat":[77,47],"product_tag":[1069,148,334,398,206,397],"gyarto":[],"class_list":{"0":"post-6154","1":"product","2":"type-product","3":"status-publish","4":"has-post-thumbnail","6":"pwb-brand-bloomingville","7":"product_cat-childrens-furniture","8":"product_cat-kids","9":"product_tag-autumn-winter-2024","10":"product_tag-kids-room-storage","11":"product_tag-new-arrivals","12":"product_tag-nordic-design","13":"product_tag-nordic-furniture","14":"product_tag-nordic-home","15":"pa_colour-nature","16":"pa_material-paulownia","18":"first","19":"instock","20":"taxable","21":"shipping-taxable","22":"purchasable","23":"product-type-simple","24":"entry","25":"content-bg","26":"loop-entry"},"acf":[],"brands":[{"id":17,"name":"Bloomingville","slug":"bloomingville"}],"_links":{"self":[{"href":"https:\/\/yournordichome.com\/pl\/wp-json\/wp\/v2\/product\/6154","targetHints":{"allow":["GET"]}}],"collection":[{"href":"https:\/\/yournordichome.com\/pl\/wp-json\/wp\/v2\/product"}],"about":[{"href":"https:\/\/yournordichome.com\/pl\/wp-json\/wp\/v2\/types\/product"}],"replies":[{"embeddable":true,"href":"https:\/\/yournordichome.com\/pl\/wp-json\/wp\/v2\/comments?post=6154"}],"wp:featuredmedia":[{"embeddable":true,"href":"https:\/\/yournordichome.com\/pl\/wp-json\/wp\/v2\/media\/5743"}],"wp:attachment":[{"href":"https:\/\/yournordichome.com\/pl\/wp-json\/wp\/v2\/media?parent=6154"}],"wp:term":[{"taxonomy":"pwb-brand","embeddable":true,"href":"https:\/\/yournordichome.com\/pl\/wp-json\/wp\/v2\/pwb-brand?post=6154"},{"taxonomy":"product_brand","embeddable":true,"href":"https:\/\/yournordichome.com\/pl\/wp-json\/wp\/v2\/product_brand?post=6154"},{"taxonomy":"product_cat","embeddable":true,"href":"https:\/\/yournordichome.com\/pl\/wp-json\/wp\/v2\/product_cat?post=6154"},{"taxonomy":"product_tag","embeddable":true,"href":"https:\/\/yournordichome.com\/pl\/wp-json\/wp\/v2\/product_tag?post=6154"},{"taxonomy":"gyarto","embeddable":true,"href":"https:\/\/yournordichome.com\/pl\/wp-json\/wp\/v2\/gyarto?post=6154"}],"curies":[{"name":"wp","href":"https:\/\/api.w.org\/{rel}","templated":true}]}}