{"id":6153,"date":"2024-07-24T14:47:25","date_gmt":"2024-07-24T14:47:25","guid":{"rendered":"https:\/\/yournordichome.com\/product\/timone-basket-with-lid\/"},"modified":"2026-01-30T16:04:42","modified_gmt":"2026-01-30T16:04:42","slug":"kosz-timone-z-pokrywa","status":"publish","type":"product","link":"https:\/\/yournordichome.com\/pl\/product\/timone-basket-with-lid\/","title":{"rendered":"Kosz Timone z pokryw\u0105"},"content":{"rendered":"<p>Kosz Timone z pokrywk\u0105 marki Bloomingville MINI jest wyposa\u017cony w zdejmowan\u0105 pokrywk\u0119, kt\u00f3ra u\u0142atwia ma\u0142ym r\u0105czkom dost\u0119p do pluszak\u00f3w i zabawek oraz ich ponowne schowanie. Wygl\u0105d kosza mo\u017ce si\u0119 r\u00f3\u017cni\u0107 w zale\u017cno\u015bci od pory roku, w kt\u00f3rej zbierany jest materia\u0142.<\/p>\n<p>Wymiary produktu: D40xH57 cm<br \/>\nKolor: naturalny<br \/>\nSk\u0142ad: Hiacynt wodny, \u017belazo, Bawe\u0142na<br \/>\nMog\u0105 wyst\u0105pi\u0107 r\u00f3\u017cnice wynikaj\u0105ce z zastosowanych materia\u0142\u00f3w.<\/p>","protected":false},"excerpt":{"rendered":"<p>Kosz z pokrywk\u0105, kt\u00f3ry idealnie nadaje si\u0119 do przechowywania, a jednocze\u015bnie jest zabawnym towarzyszem zabaw. Du\u017cy kosz z nied\u017awiedziem pozwala na przechowywanie wszystkich zabawek i dodaje przytulnego akcentu do ka\u017cdego pokoju.<\/p>","protected":false},"featured_media":5949,"comment_status":"closed","ping_status":"closed","template":"","meta":{"_acf_changed":false,"_kad_post_transparent":"default","_kad_post_title":"","_kad_post_layout":"default","_kad_post_sidebar_id":"","_kad_post_content_style":"default","_kad_post_vertical_padding":"default","_kad_post_feature":"","_kad_post_feature_position":"","_kad_post_header":false,"_kad_post_footer":false,"_kad_post_classname":""},"pwb-brand":[17],"product_brand":[],"product_cat":[77,47],"product_tag":[1069,148,334,398,206,397,255,187],"gyarto":[],"class_list":{"0":"post-6153","1":"product","2":"type-product","3":"status-publish","4":"has-post-thumbnail","6":"pwb-brand-bloomingville","7":"product_cat-childrens-furniture","8":"product_cat-kids","9":"product_tag-autumn-winter-2024","10":"product_tag-kids-room-storage","11":"product_tag-new-arrivals","12":"product_tag-nordic-design","13":"product_tag-nordic-furniture","14":"product_tag-nordic-home","15":"product_tag-seagrass-furniture","16":"product_tag-storage-basket","17":"pa_colour-nature","18":"pa_material-water-hyacinth","20":"first","21":"instock","22":"taxable","23":"shipping-taxable","24":"purchasable","25":"product-type-simple","26":"entry","27":"content-bg","28":"loop-entry"},"acf":[],"brands":[{"id":17,"name":"Bloomingville","slug":"bloomingville"}],"_links":{"self":[{"href":"https:\/\/yournordichome.com\/pl\/wp-json\/wp\/v2\/product\/6153","targetHints":{"allow":["GET"]}}],"collection":[{"href":"https:\/\/yournordichome.com\/pl\/wp-json\/wp\/v2\/product"}],"about":[{"href":"https:\/\/yournordichome.com\/pl\/wp-json\/wp\/v2\/types\/product"}],"replies":[{"embeddable":true,"href":"https:\/\/yournordichome.com\/pl\/wp-json\/wp\/v2\/comments?post=6153"}],"wp:featuredmedia":[{"embeddable":true,"href":"https:\/\/yournordichome.com\/pl\/wp-json\/wp\/v2\/media\/5949"}],"wp:attachment":[{"href":"https:\/\/yournordichome.com\/pl\/wp-json\/wp\/v2\/media?parent=6153"}],"wp:term":[{"taxonomy":"pwb-brand","embeddable":true,"href":"https:\/\/yournordichome.com\/pl\/wp-json\/wp\/v2\/pwb-brand?post=6153"},{"taxonomy":"product_brand","embeddable":true,"href":"https:\/\/yournordichome.com\/pl\/wp-json\/wp\/v2\/product_brand?post=6153"},{"taxonomy":"product_cat","embeddable":true,"href":"https:\/\/yournordichome.com\/pl\/wp-json\/wp\/v2\/product_cat?post=6153"},{"taxonomy":"product_tag","embeddable":true,"href":"https:\/\/yournordichome.com\/pl\/wp-json\/wp\/v2\/product_tag?post=6153"},{"taxonomy":"gyarto","embeddable":true,"href":"https:\/\/yournordichome.com\/pl\/wp-json\/wp\/v2\/gyarto?post=6153"}],"curies":[{"name":"wp","href":"https:\/\/api.w.org\/{rel}","templated":true}]}}